{"id":5139,"date":"2021-11-11T16:37:41","date_gmt":"2022-02-07T16:39:22","guid":{"rendered":"https:\/\/orodent.com\/kit-artistic-3d-vision-stainglaze\/"},"modified":"2025-10-11T13:21:06","modified_gmt":"2025-10-11T11:21:06","slug":"kit-artistic-3d-vision-stain-glaze","status":"publish","type":"product","link":"https:\/\/orodent.com\/fr\/kit-artistic-3d-vision-stain-glaze\/","title":{"rendered":"Kit Artistic 3D Vision Stain&amp;Glaze"},"content":{"rendered":"\t\t<div data-elementor-type=\"product-post\" data-elementor-id=\"5139\" class=\"elementor elementor-5139 elementor-2030\" data-elementor-post-type=\"product\">\n\t\t\t\t\t\t<section class=\"elementor-section elementor-top-section elementor-element elementor-element-2854faca elementor-section-boxed elementor-section-height-default elementor-section-height-default\" data-id=\"2854faca\" data-element_type=\"section\" data-e-type=\"section\">\n\t\t\t\t\t\t<div class=\"elementor-container elementor-column-gap-default\">\n\t\t\t\t\t<div class=\"elementor-column elementor-col-100 elementor-top-column elementor-element elementor-element-33e3beaa\" data-id=\"33e3beaa\" data-element_type=\"column\" data-e-type=\"column\">\n\t\t\t<div class=\"elementor-widget-wrap elementor-element-populated\">\n\t\t\t\t\t\t<div class=\"elementor-element elementor-element-45ed37ef elementor-widget elementor-widget-text-editor\" data-id=\"45ed37ef\" data-element_type=\"widget\" data-e-type=\"widget\" data-widget_type=\"text-editor.default\">\n\t\t\t\t<div class=\"elementor-widget-container\">\n\t\t\t\t\t\t\t\t\t<b>Avantages<\/b>\r\n<ul>\r\n \t<li style=\"font-weight: 400;\" aria-level=\"1\"><span style=\"font-weight: 400;\">Application universelle<\/span><\/li>\r\n \t<li style=\"font-weight: 400;\" aria-level=\"1\"><span style=\"font-weight: 400;\">Effet de stratification 3D<\/span><\/li>\r\n \t<li style=\"font-weight: 400;\" aria-level=\"1\"><span style=\"font-weight: 400;\">Am\u00e9lioration de la chroma<\/span><\/li>\r\n \t<li style=\"font-weight: 400;\" aria-level=\"1\"><span style=\"font-weight: 400;\">Fluorescent<\/span><\/li>\r\n \t<li style=\"font-weight: 400;\" aria-level=\"1\"><span style=\"font-weight: 400;\">\u00c9claircissement des couleurs<\/span><\/li>\r\n \t<li style=\"font-weight: 400;\" aria-level=\"1\"><span style=\"font-weight: 400;\">Effets incisifs individuels<\/span><\/li>\r\n \t<li style=\"font-weight: 400;\" aria-level=\"1\"><span style=\"font-weight: 400;\">R\u00e9sultats fiables et reproductibles<\/span><\/li>\r\n<\/ul>\r\n<strong>Informations utiles<\/strong>\r\n<ul>\r\n \t<li style=\"font-weight: 400;\" aria-level=\"1\"><b>Le kit se compose de:<\/b> <span style=\"font-weight: 400;\">Teinte A, B, C, D<\/span><\/li>\r\n \t<li style=\"font-weight: 400;\" aria-level=\"1\"><b>12 teintes:<\/b><span style=\"font-weight: 400;\">White, Ivory, Gray, Blue, Violet, Honey, Red-Brown, Dark-Brown, Olive, Pink, Red, Sky<\/span><\/li>\r\n \t<li style=\"font-weight: 400;\" aria-level=\"1\"><b>Masses sculpturales:<\/b> <span style=\"font-weight: 400;\">Clear, Opal, Incisal, Arctic Blue<\/span><\/li>\r\n \t<li style=\"font-weight: 400;\" aria-level=\"1\"><span style=\"font-weight: 400;\">Glaze (p\u00e2te)+ liquide<\/span><\/li>\r\n<\/ul>\t\t\t\t\t\t\t\t<\/div>\n\t\t\t\t<\/div>\n\t\t\t\t\t<\/div>\n\t\t<\/div>\n\t\t\t\t\t<\/div>\n\t\t<\/section>\n\t\t\t\t<\/div>\n\t\t","protected":false},"excerpt":{"rendered":"<p><span style=\"font-weight: 400\">Produit pour la finition des restaurations c\u00e9ramiques enti\u00e8rement anatomiques en zircone, disilicate de lithium et c\u00e9ramiques m\u00e9talliques conventionnelles. Faible encombrement sur les couronnes et les bridges monolithiques, effet naturel avec translucidit\u00e9, chroma, halo, mamelons, fissures de l&rsquo;\u00e9mail, opalescence et fluorescence. Le Kit Artistic 3D Vision Stain&amp;Glaze se composent de stains, masses sculpturales et d&rsquo;une masse de gla\u00e7age sp\u00e9ciale.<\/span><\/p>\n","protected":false},"featured_media":14973,"comment_status":"open","ping_status":"closed","template":"","meta":[],"product_brand":[],"product_cat":[227],"product_tag":[],"class_list":{"0":"post-5139","1":"product","2":"type-product","3":"status-publish","4":"has-post-thumbnail","6":"product_cat-ceramique-dentaire","8":"first","9":"instock","10":"taxable","11":"shipping-taxable","12":"purchasable","13":"product-type-simple"},"acf":[],"yoast_head":"<!-- This site is optimized with the Yoast SEO plugin v27.0 - https:\/\/yoast.com\/product\/yoast-seo-wordpress\/ -->\n<title>Kit Artistic 3D Vision Stain&amp;Glaze &#8211; Orodent<\/title>\n<meta name=\"robots\" content=\"index, follow, max-snippet:-1, max-image-preview:large, max-video-preview:-1\" \/>\n<link rel=\"canonical\" href=\"https:\/\/orodent.com\/fr\/kit-artistic-3d-vision-stain-glaze\/\" \/>\n<meta property=\"og:locale\" content=\"fr_FR\" \/>\n<meta property=\"og:type\" content=\"article\" \/>\n<meta property=\"og:title\" content=\"Kit Artistic 3D Vision Stain&amp;Glaze &#8211; Orodent\" \/>\n<meta property=\"og:description\" content=\"Produit pour la finition des restaurations c\u00e9ramiques enti\u00e8rement anatomiques en zircone, disilicate de lithium et c\u00e9ramiques m\u00e9talliques conventionnelles. Faible encombrement sur les couronnes et les bridges monolithiques, effet naturel avec translucidit\u00e9, chroma, halo, mamelons, fissures de l&#039;\u00e9mail, opalescence et fluorescence. Le Kit Artistic 3D Vision Stain&amp;Glaze se composent de stains, masses sculpturales et d&#039;une masse de gla\u00e7age sp\u00e9ciale.\" \/>\n<meta property=\"og:url\" content=\"https:\/\/orodent.com\/fr\/kit-artistic-3d-vision-stain-glaze\/\" \/>\n<meta property=\"og:site_name\" content=\"Orodent\" \/>\n<meta property=\"article:publisher\" content=\"https:\/\/www.facebook.com\/orodentsrl\" \/>\n<meta property=\"article:modified_time\" content=\"2025-10-11T11:21:06+00:00\" \/>\n<meta property=\"og:image\" content=\"https:\/\/orodent.com\/wp-content\/uploads\/2021\/11\/kit-artistic-orodent.webp\" \/>\n\t<meta property=\"og:image:width\" content=\"1080\" \/>\n\t<meta property=\"og:image:height\" content=\"1080\" \/>\n\t<meta property=\"og:image:type\" content=\"image\/webp\" \/>\n<meta name=\"twitter:card\" content=\"summary_large_image\" \/>\n<script type=\"application\/ld+json\" class=\"yoast-schema-graph\">{\"@context\":\"https:\/\/schema.org\",\"@graph\":[{\"@type\":\"WebPage\",\"@id\":\"https:\/\/orodent.com\/fr\/kit-artistic-3d-vision-stain-glaze\/\",\"url\":\"https:\/\/orodent.com\/fr\/kit-artistic-3d-vision-stain-glaze\/\",\"name\":\"Kit Artistic 3D Vision Stain&amp;Glaze &#8211; Orodent\",\"isPartOf\":{\"@id\":\"https:\/\/orodent.com\/fr\/#website\"},\"primaryImageOfPage\":{\"@id\":\"https:\/\/orodent.com\/fr\/kit-artistic-3d-vision-stain-glaze\/#primaryimage\"},\"image\":{\"@id\":\"https:\/\/orodent.com\/fr\/kit-artistic-3d-vision-stain-glaze\/#primaryimage\"},\"thumbnailUrl\":\"https:\/\/orodent.com\/wp-content\/uploads\/2021\/11\/kit-artistic-orodent.webp\",\"datePublished\":\"2022-02-07T16:39:22+00:00\",\"dateModified\":\"2025-10-11T11:21:06+00:00\",\"breadcrumb\":{\"@id\":\"https:\/\/orodent.com\/fr\/kit-artistic-3d-vision-stain-glaze\/#breadcrumb\"},\"inLanguage\":\"fr-FR\",\"potentialAction\":[{\"@type\":\"ReadAction\",\"target\":[\"https:\/\/orodent.com\/fr\/kit-artistic-3d-vision-stain-glaze\/\"]}]},{\"@type\":\"ImageObject\",\"inLanguage\":\"fr-FR\",\"@id\":\"https:\/\/orodent.com\/fr\/kit-artistic-3d-vision-stain-glaze\/#primaryimage\",\"url\":\"https:\/\/orodent.com\/wp-content\/uploads\/2021\/11\/kit-artistic-orodent.webp\",\"contentUrl\":\"https:\/\/orodent.com\/wp-content\/uploads\/2021\/11\/kit-artistic-orodent.webp\",\"width\":1080,\"height\":1080},{\"@type\":\"BreadcrumbList\",\"@id\":\"https:\/\/orodent.com\/fr\/kit-artistic-3d-vision-stain-glaze\/#breadcrumb\",\"itemListElement\":[{\"@type\":\"ListItem\",\"position\":1,\"name\":\"Orodent\",\"item\":\"https:\/\/orodent.com\/fr\/\"},{\"@type\":\"ListItem\",\"position\":2,\"name\":\"Shop\",\"item\":\"https:\/\/orodent.com\/fr\/shop\/\"},{\"@type\":\"ListItem\",\"position\":3,\"name\":\"Kit Artistic 3D Vision Stain&amp;Glaze\"}]},{\"@type\":\"WebSite\",\"@id\":\"https:\/\/orodent.com\/fr\/#website\",\"url\":\"https:\/\/orodent.com\/fr\/\",\"name\":\"Orodent\",\"description\":\"Produzione di Dischi in Zirconia e Colori da Infiltrazione\",\"publisher\":{\"@id\":\"https:\/\/orodent.com\/fr\/#organization\"},\"potentialAction\":[{\"@type\":\"SearchAction\",\"target\":{\"@type\":\"EntryPoint\",\"urlTemplate\":\"https:\/\/orodent.com\/fr\/?s={search_term_string}\"},\"query-input\":{\"@type\":\"PropertyValueSpecification\",\"valueRequired\":true,\"valueName\":\"search_term_string\"}}],\"inLanguage\":\"fr-FR\"},{\"@type\":\"Organization\",\"@id\":\"https:\/\/orodent.com\/fr\/#organization\",\"name\":\"Orodent\",\"url\":\"https:\/\/orodent.com\/fr\/\",\"logo\":{\"@type\":\"ImageObject\",\"inLanguage\":\"fr-FR\",\"@id\":\"https:\/\/orodent.com\/fr\/#\/schema\/logo\/image\/\",\"url\":\"https:\/\/orodent.com\/wp-content\/uploads\/2021\/08\/logo-orodent-400.png\",\"contentUrl\":\"https:\/\/orodent.com\/wp-content\/uploads\/2021\/08\/logo-orodent-400.png\",\"width\":550,\"height\":240,\"caption\":\"Orodent\"},\"image\":{\"@id\":\"https:\/\/orodent.com\/fr\/#\/schema\/logo\/image\/\"},\"sameAs\":[\"https:\/\/www.facebook.com\/orodentsrl\",\"https:\/\/www.instagram.com\/orodent_zirconia\/\",\"https:\/\/www.linkedin.com\/company\/orodent\/\",\"https:\/\/www.youtube.com\/channel\/UCwDcVjzbpcuxZLt_CR5pgVw\"]}]}<\/script>\n<!-- \/ Yoast SEO plugin. -->","yoast_head_json":{"title":"Kit Artistic 3D Vision Stain&amp;Glaze &#8211; Orodent","robots":{"index":"index","follow":"follow","max-snippet":"max-snippet:-1","max-image-preview":"max-image-preview:large","max-video-preview":"max-video-preview:-1"},"canonical":"https:\/\/orodent.com\/fr\/kit-artistic-3d-vision-stain-glaze\/","og_locale":"fr_FR","og_type":"article","og_title":"Kit Artistic 3D Vision Stain&amp;Glaze &#8211; Orodent","og_description":"Produit pour la finition des restaurations c\u00e9ramiques enti\u00e8rement anatomiques en zircone, disilicate de lithium et c\u00e9ramiques m\u00e9talliques conventionnelles. Faible encombrement sur les couronnes et les bridges monolithiques, effet naturel avec translucidit\u00e9, chroma, halo, mamelons, fissures de l'\u00e9mail, opalescence et fluorescence. Le Kit Artistic 3D Vision Stain&amp;Glaze se composent de stains, masses sculpturales et d'une masse de gla\u00e7age sp\u00e9ciale.","og_url":"https:\/\/orodent.com\/fr\/kit-artistic-3d-vision-stain-glaze\/","og_site_name":"Orodent","article_publisher":"https:\/\/www.facebook.com\/orodentsrl","article_modified_time":"2025-10-11T11:21:06+00:00","og_image":[{"width":1080,"height":1080,"url":"https:\/\/orodent.com\/wp-content\/uploads\/2021\/11\/kit-artistic-orodent.webp","type":"image\/webp"}],"twitter_card":"summary_large_image","schema":{"@context":"https:\/\/schema.org","@graph":[{"@type":"WebPage","@id":"https:\/\/orodent.com\/fr\/kit-artistic-3d-vision-stain-glaze\/","url":"https:\/\/orodent.com\/fr\/kit-artistic-3d-vision-stain-glaze\/","name":"Kit Artistic 3D Vision Stain&amp;Glaze &#8211; Orodent","isPartOf":{"@id":"https:\/\/orodent.com\/fr\/#website"},"primaryImageOfPage":{"@id":"https:\/\/orodent.com\/fr\/kit-artistic-3d-vision-stain-glaze\/#primaryimage"},"image":{"@id":"https:\/\/orodent.com\/fr\/kit-artistic-3d-vision-stain-glaze\/#primaryimage"},"thumbnailUrl":"https:\/\/orodent.com\/wp-content\/uploads\/2021\/11\/kit-artistic-orodent.webp","datePublished":"2022-02-07T16:39:22+00:00","dateModified":"2025-10-11T11:21:06+00:00","breadcrumb":{"@id":"https:\/\/orodent.com\/fr\/kit-artistic-3d-vision-stain-glaze\/#breadcrumb"},"inLanguage":"fr-FR","potentialAction":[{"@type":"ReadAction","target":["https:\/\/orodent.com\/fr\/kit-artistic-3d-vision-stain-glaze\/"]}]},{"@type":"ImageObject","inLanguage":"fr-FR","@id":"https:\/\/orodent.com\/fr\/kit-artistic-3d-vision-stain-glaze\/#primaryimage","url":"https:\/\/orodent.com\/wp-content\/uploads\/2021\/11\/kit-artistic-orodent.webp","contentUrl":"https:\/\/orodent.com\/wp-content\/uploads\/2021\/11\/kit-artistic-orodent.webp","width":1080,"height":1080},{"@type":"BreadcrumbList","@id":"https:\/\/orodent.com\/fr\/kit-artistic-3d-vision-stain-glaze\/#breadcrumb","itemListElement":[{"@type":"ListItem","position":1,"name":"Orodent","item":"https:\/\/orodent.com\/fr\/"},{"@type":"ListItem","position":2,"name":"Shop","item":"https:\/\/orodent.com\/fr\/shop\/"},{"@type":"ListItem","position":3,"name":"Kit Artistic 3D Vision Stain&amp;Glaze"}]},{"@type":"WebSite","@id":"https:\/\/orodent.com\/fr\/#website","url":"https:\/\/orodent.com\/fr\/","name":"Orodent","description":"Produzione di Dischi in Zirconia e Colori da Infiltrazione","publisher":{"@id":"https:\/\/orodent.com\/fr\/#organization"},"potentialAction":[{"@type":"SearchAction","target":{"@type":"EntryPoint","urlTemplate":"https:\/\/orodent.com\/fr\/?s={search_term_string}"},"query-input":{"@type":"PropertyValueSpecification","valueRequired":true,"valueName":"search_term_string"}}],"inLanguage":"fr-FR"},{"@type":"Organization","@id":"https:\/\/orodent.com\/fr\/#organization","name":"Orodent","url":"https:\/\/orodent.com\/fr\/","logo":{"@type":"ImageObject","inLanguage":"fr-FR","@id":"https:\/\/orodent.com\/fr\/#\/schema\/logo\/image\/","url":"https:\/\/orodent.com\/wp-content\/uploads\/2021\/08\/logo-orodent-400.png","contentUrl":"https:\/\/orodent.com\/wp-content\/uploads\/2021\/08\/logo-orodent-400.png","width":550,"height":240,"caption":"Orodent"},"image":{"@id":"https:\/\/orodent.com\/fr\/#\/schema\/logo\/image\/"},"sameAs":["https:\/\/www.facebook.com\/orodentsrl","https:\/\/www.instagram.com\/orodent_zirconia\/","https:\/\/www.linkedin.com\/company\/orodent\/","https:\/\/www.youtube.com\/channel\/UCwDcVjzbpcuxZLt_CR5pgVw"]}]}},"_links":{"self":[{"href":"https:\/\/orodent.com\/fr\/wp-json\/wp\/v2\/product\/5139","targetHints":{"allow":["GET"]}}],"collection":[{"href":"https:\/\/orodent.com\/fr\/wp-json\/wp\/v2\/product"}],"about":[{"href":"https:\/\/orodent.com\/fr\/wp-json\/wp\/v2\/types\/product"}],"replies":[{"embeddable":true,"href":"https:\/\/orodent.com\/fr\/wp-json\/wp\/v2\/comments?post=5139"}],"version-history":[{"count":4,"href":"https:\/\/orodent.com\/fr\/wp-json\/wp\/v2\/product\/5139\/revisions"}],"predecessor-version":[{"id":18833,"href":"https:\/\/orodent.com\/fr\/wp-json\/wp\/v2\/product\/5139\/revisions\/18833"}],"wp:featuredmedia":[{"embeddable":true,"href":"https:\/\/orodent.com\/fr\/wp-json\/wp\/v2\/media\/14973"}],"wp:attachment":[{"href":"https:\/\/orodent.com\/fr\/wp-json\/wp\/v2\/media?parent=5139"}],"wp:term":[{"taxonomy":"product_brand","embeddable":true,"href":"https:\/\/orodent.com\/fr\/wp-json\/wp\/v2\/product_brand?post=5139"},{"taxonomy":"product_cat","embeddable":true,"href":"https:\/\/orodent.com\/fr\/wp-json\/wp\/v2\/product_cat?post=5139"},{"taxonomy":"product_tag","embeddable":true,"href":"https:\/\/orodent.com\/fr\/wp-json\/wp\/v2\/product_tag?post=5139"}],"curies":[{"name":"wp","href":"https:\/\/api.w.org\/{rel}","templated":true}]}}