{"id":5115,"date":"2021-11-10T18:18:25","date_gmt":"2022-02-07T16:34:24","guid":{"rendered":"https:\/\/orodent.com\/liquides-pour-zircone-colorodent-gold\/"},"modified":"2023-12-12T12:32:06","modified_gmt":"2023-12-12T10:32:06","slug":"liquido-per-zirconia-colorodent-gold","status":"publish","type":"product","link":"https:\/\/orodent.com\/fr\/liquido-per-zirconia-colorodent-gold\/","title":{"rendered":"Liquides pour zircone Colorodent Gold"},"content":{"rendered":"\t\t<div data-elementor-type=\"product-post\" data-elementor-id=\"5115\" class=\"elementor elementor-5115 elementor-1810\" data-elementor-post-type=\"product\">\n\t\t\t\t\t\t<section class=\"elementor-section elementor-top-section elementor-element elementor-element-d860591 elementor-section-boxed elementor-section-height-default elementor-section-height-default\" data-id=\"d860591\" data-element_type=\"section\" data-e-type=\"section\">\n\t\t\t\t\t\t<div class=\"elementor-container elementor-column-gap-default\">\n\t\t\t\t\t<div class=\"elementor-column elementor-col-100 elementor-top-column elementor-element elementor-element-68e5826c\" data-id=\"68e5826c\" data-element_type=\"column\" data-e-type=\"column\">\n\t\t\t<div class=\"elementor-widget-wrap elementor-element-populated\">\n\t\t\t\t\t\t<div class=\"elementor-element elementor-element-5189783b elementor-widget elementor-widget-text-editor\" data-id=\"5189783b\" data-element_type=\"widget\" data-e-type=\"widget\" data-widget_type=\"text-editor.default\">\n\t\t\t\t<div class=\"elementor-widget-container\">\n\t\t\t\t\t\t\t\t\t<p>Interamente a base neutra a ph 5.5, i colori per zirconia della linea Colorodent Gold ricoprono tutte le colorazioni della Scala Vita, ad esclusione di A1 e B1. Disponibile in formato 50 ml.<\/p>\n\t\t\t\t\t\t\t\t<\/div>\n\t\t\t\t<\/div>\n\t\t\t\t\t<\/div>\n\t\t<\/div>\n\t\t\t\t\t<\/div>\n\t\t<\/section>\n\t\t\t\t<\/div>\n\t\t","protected":false},"excerpt":{"rendered":"<p>La ligne Colorodent Gold est con\u00e7ue pour infiltrer la zircone Gold et pour caract\u00e9riser les zircones Thor, Eos et Venus. Ces couleurs sont con\u00e7ues pour poudres pr\u00e9 color\u00e9es, elles sont donc moins color\u00e9es et moins satur\u00e9es.<\/p>\n","protected":false},"featured_media":14567,"comment_status":"open","ping_status":"closed","template":"","meta":[],"product_brand":[],"product_cat":[229],"product_tag":[],"class_list":{"0":"post-5115","1":"product","2":"type-product","3":"status-publish","4":"has-post-thumbnail","6":"product_cat-liquides-pour-zircone","7":"pa_colore-a2-fr","8":"pa_colore-a3-fr","9":"pa_colore-a35-fr","10":"pa_colore-a4-fr","11":"pa_colore-b2-fr","12":"pa_colore-b3-fr","13":"pa_colore-b4-fr","14":"pa_colore-c1-fr","15":"pa_colore-c2-fr","16":"pa_colore-c3-fr","17":"pa_colore-c4-fr","18":"pa_colore-d2-fr","19":"pa_colore-d3-fr","20":"pa_colore-d4-fr","21":"pa_quantita-50-ml-fr","23":"first","24":"instock","25":"taxable","26":"shipping-taxable","27":"purchasable","28":"product-type-variable"},"acf":[],"yoast_head":"<!-- This site is optimized with the Yoast SEO plugin v27.0 - https:\/\/yoast.com\/product\/yoast-seo-wordpress\/ -->\n<title>Liquides pour zircone Colorodent Gold &#8211; Orodent<\/title>\n<meta name=\"robots\" content=\"index, follow, max-snippet:-1, max-image-preview:large, max-video-preview:-1\" \/>\n<link rel=\"canonical\" href=\"https:\/\/orodent.com\/fr\/liquido-per-zirconia-colorodent-gold\/\" \/>\n<meta property=\"og:locale\" content=\"fr_FR\" \/>\n<meta property=\"og:type\" content=\"article\" \/>\n<meta property=\"og:title\" content=\"Liquides pour zircone Colorodent Gold &#8211; Orodent\" \/>\n<meta property=\"og:description\" content=\"La ligne Colorodent Gold est con\u00e7ue pour infiltrer la zircone Gold et pour caract\u00e9riser les zircones Thor, Eos et Venus. Ces couleurs sont con\u00e7ues pour poudres pr\u00e9 color\u00e9es, elles sont donc moins color\u00e9es et moins satur\u00e9es.\" \/>\n<meta property=\"og:url\" content=\"https:\/\/orodent.com\/fr\/liquido-per-zirconia-colorodent-gold\/\" \/>\n<meta property=\"og:site_name\" content=\"Orodent\" \/>\n<meta property=\"article:publisher\" content=\"https:\/\/www.facebook.com\/orodentsrl\" \/>\n<meta property=\"article:modified_time\" content=\"2023-12-12T10:32:06+00:00\" \/>\n<meta property=\"og:image\" content=\"https:\/\/orodent.com\/wp-content\/uploads\/2021\/11\/Gold-50ml.webp\" \/>\n\t<meta property=\"og:image:width\" content=\"1080\" \/>\n\t<meta property=\"og:image:height\" content=\"1080\" \/>\n\t<meta property=\"og:image:type\" content=\"image\/webp\" \/>\n<meta name=\"twitter:card\" content=\"summary_large_image\" \/>\n<script type=\"application\/ld+json\" class=\"yoast-schema-graph\">{\"@context\":\"https:\/\/schema.org\",\"@graph\":[{\"@type\":\"WebPage\",\"@id\":\"https:\/\/orodent.com\/fr\/liquido-per-zirconia-colorodent-gold\/\",\"url\":\"https:\/\/orodent.com\/fr\/liquido-per-zirconia-colorodent-gold\/\",\"name\":\"Liquides pour zircone Colorodent Gold &#8211; Orodent\",\"isPartOf\":{\"@id\":\"https:\/\/orodent.com\/fr\/#website\"},\"primaryImageOfPage\":{\"@id\":\"https:\/\/orodent.com\/fr\/liquido-per-zirconia-colorodent-gold\/#primaryimage\"},\"image\":{\"@id\":\"https:\/\/orodent.com\/fr\/liquido-per-zirconia-colorodent-gold\/#primaryimage\"},\"thumbnailUrl\":\"https:\/\/orodent.com\/wp-content\/uploads\/2021\/11\/Gold-50ml.webp\",\"datePublished\":\"2022-02-07T16:34:24+00:00\",\"dateModified\":\"2023-12-12T10:32:06+00:00\",\"breadcrumb\":{\"@id\":\"https:\/\/orodent.com\/fr\/liquido-per-zirconia-colorodent-gold\/#breadcrumb\"},\"inLanguage\":\"fr-FR\",\"potentialAction\":[{\"@type\":\"ReadAction\",\"target\":[\"https:\/\/orodent.com\/fr\/liquido-per-zirconia-colorodent-gold\/\"]}]},{\"@type\":\"ImageObject\",\"inLanguage\":\"fr-FR\",\"@id\":\"https:\/\/orodent.com\/fr\/liquido-per-zirconia-colorodent-gold\/#primaryimage\",\"url\":\"https:\/\/orodent.com\/wp-content\/uploads\/2021\/11\/Gold-50ml.webp\",\"contentUrl\":\"https:\/\/orodent.com\/wp-content\/uploads\/2021\/11\/Gold-50ml.webp\",\"width\":1080,\"height\":1080},{\"@type\":\"BreadcrumbList\",\"@id\":\"https:\/\/orodent.com\/fr\/liquido-per-zirconia-colorodent-gold\/#breadcrumb\",\"itemListElement\":[{\"@type\":\"ListItem\",\"position\":1,\"name\":\"Orodent\",\"item\":\"https:\/\/orodent.com\/fr\/\"},{\"@type\":\"ListItem\",\"position\":2,\"name\":\"Shop\",\"item\":\"https:\/\/orodent.com\/fr\/shop\/\"},{\"@type\":\"ListItem\",\"position\":3,\"name\":\"Liquides pour zircone Colorodent Gold\"}]},{\"@type\":\"WebSite\",\"@id\":\"https:\/\/orodent.com\/fr\/#website\",\"url\":\"https:\/\/orodent.com\/fr\/\",\"name\":\"Orodent\",\"description\":\"Produzione di Dischi in Zirconia e Colori da Infiltrazione\",\"publisher\":{\"@id\":\"https:\/\/orodent.com\/fr\/#organization\"},\"potentialAction\":[{\"@type\":\"SearchAction\",\"target\":{\"@type\":\"EntryPoint\",\"urlTemplate\":\"https:\/\/orodent.com\/fr\/?s={search_term_string}\"},\"query-input\":{\"@type\":\"PropertyValueSpecification\",\"valueRequired\":true,\"valueName\":\"search_term_string\"}}],\"inLanguage\":\"fr-FR\"},{\"@type\":\"Organization\",\"@id\":\"https:\/\/orodent.com\/fr\/#organization\",\"name\":\"Orodent\",\"url\":\"https:\/\/orodent.com\/fr\/\",\"logo\":{\"@type\":\"ImageObject\",\"inLanguage\":\"fr-FR\",\"@id\":\"https:\/\/orodent.com\/fr\/#\/schema\/logo\/image\/\",\"url\":\"https:\/\/orodent.com\/wp-content\/uploads\/2021\/08\/logo-orodent-400.png\",\"contentUrl\":\"https:\/\/orodent.com\/wp-content\/uploads\/2021\/08\/logo-orodent-400.png\",\"width\":550,\"height\":240,\"caption\":\"Orodent\"},\"image\":{\"@id\":\"https:\/\/orodent.com\/fr\/#\/schema\/logo\/image\/\"},\"sameAs\":[\"https:\/\/www.facebook.com\/orodentsrl\",\"https:\/\/www.instagram.com\/orodent_zirconia\/\",\"https:\/\/www.linkedin.com\/company\/orodent\/\",\"https:\/\/www.youtube.com\/channel\/UCwDcVjzbpcuxZLt_CR5pgVw\"]}]}<\/script>\n<!-- \/ Yoast SEO plugin. -->","yoast_head_json":{"title":"Liquides pour zircone Colorodent Gold &#8211; Orodent","robots":{"index":"index","follow":"follow","max-snippet":"max-snippet:-1","max-image-preview":"max-image-preview:large","max-video-preview":"max-video-preview:-1"},"canonical":"https:\/\/orodent.com\/fr\/liquido-per-zirconia-colorodent-gold\/","og_locale":"fr_FR","og_type":"article","og_title":"Liquides pour zircone Colorodent Gold &#8211; Orodent","og_description":"La ligne Colorodent Gold est con\u00e7ue pour infiltrer la zircone Gold et pour caract\u00e9riser les zircones Thor, Eos et Venus. Ces couleurs sont con\u00e7ues pour poudres pr\u00e9 color\u00e9es, elles sont donc moins color\u00e9es et moins satur\u00e9es.","og_url":"https:\/\/orodent.com\/fr\/liquido-per-zirconia-colorodent-gold\/","og_site_name":"Orodent","article_publisher":"https:\/\/www.facebook.com\/orodentsrl","article_modified_time":"2023-12-12T10:32:06+00:00","og_image":[{"width":1080,"height":1080,"url":"https:\/\/orodent.com\/wp-content\/uploads\/2021\/11\/Gold-50ml.webp","type":"image\/webp"}],"twitter_card":"summary_large_image","schema":{"@context":"https:\/\/schema.org","@graph":[{"@type":"WebPage","@id":"https:\/\/orodent.com\/fr\/liquido-per-zirconia-colorodent-gold\/","url":"https:\/\/orodent.com\/fr\/liquido-per-zirconia-colorodent-gold\/","name":"Liquides pour zircone Colorodent Gold &#8211; Orodent","isPartOf":{"@id":"https:\/\/orodent.com\/fr\/#website"},"primaryImageOfPage":{"@id":"https:\/\/orodent.com\/fr\/liquido-per-zirconia-colorodent-gold\/#primaryimage"},"image":{"@id":"https:\/\/orodent.com\/fr\/liquido-per-zirconia-colorodent-gold\/#primaryimage"},"thumbnailUrl":"https:\/\/orodent.com\/wp-content\/uploads\/2021\/11\/Gold-50ml.webp","datePublished":"2022-02-07T16:34:24+00:00","dateModified":"2023-12-12T10:32:06+00:00","breadcrumb":{"@id":"https:\/\/orodent.com\/fr\/liquido-per-zirconia-colorodent-gold\/#breadcrumb"},"inLanguage":"fr-FR","potentialAction":[{"@type":"ReadAction","target":["https:\/\/orodent.com\/fr\/liquido-per-zirconia-colorodent-gold\/"]}]},{"@type":"ImageObject","inLanguage":"fr-FR","@id":"https:\/\/orodent.com\/fr\/liquido-per-zirconia-colorodent-gold\/#primaryimage","url":"https:\/\/orodent.com\/wp-content\/uploads\/2021\/11\/Gold-50ml.webp","contentUrl":"https:\/\/orodent.com\/wp-content\/uploads\/2021\/11\/Gold-50ml.webp","width":1080,"height":1080},{"@type":"BreadcrumbList","@id":"https:\/\/orodent.com\/fr\/liquido-per-zirconia-colorodent-gold\/#breadcrumb","itemListElement":[{"@type":"ListItem","position":1,"name":"Orodent","item":"https:\/\/orodent.com\/fr\/"},{"@type":"ListItem","position":2,"name":"Shop","item":"https:\/\/orodent.com\/fr\/shop\/"},{"@type":"ListItem","position":3,"name":"Liquides pour zircone Colorodent Gold"}]},{"@type":"WebSite","@id":"https:\/\/orodent.com\/fr\/#website","url":"https:\/\/orodent.com\/fr\/","name":"Orodent","description":"Produzione di Dischi in Zirconia e Colori da Infiltrazione","publisher":{"@id":"https:\/\/orodent.com\/fr\/#organization"},"potentialAction":[{"@type":"SearchAction","target":{"@type":"EntryPoint","urlTemplate":"https:\/\/orodent.com\/fr\/?s={search_term_string}"},"query-input":{"@type":"PropertyValueSpecification","valueRequired":true,"valueName":"search_term_string"}}],"inLanguage":"fr-FR"},{"@type":"Organization","@id":"https:\/\/orodent.com\/fr\/#organization","name":"Orodent","url":"https:\/\/orodent.com\/fr\/","logo":{"@type":"ImageObject","inLanguage":"fr-FR","@id":"https:\/\/orodent.com\/fr\/#\/schema\/logo\/image\/","url":"https:\/\/orodent.com\/wp-content\/uploads\/2021\/08\/logo-orodent-400.png","contentUrl":"https:\/\/orodent.com\/wp-content\/uploads\/2021\/08\/logo-orodent-400.png","width":550,"height":240,"caption":"Orodent"},"image":{"@id":"https:\/\/orodent.com\/fr\/#\/schema\/logo\/image\/"},"sameAs":["https:\/\/www.facebook.com\/orodentsrl","https:\/\/www.instagram.com\/orodent_zirconia\/","https:\/\/www.linkedin.com\/company\/orodent\/","https:\/\/www.youtube.com\/channel\/UCwDcVjzbpcuxZLt_CR5pgVw"]}]}},"_links":{"self":[{"href":"https:\/\/orodent.com\/fr\/wp-json\/wp\/v2\/product\/5115","targetHints":{"allow":["GET"]}}],"collection":[{"href":"https:\/\/orodent.com\/fr\/wp-json\/wp\/v2\/product"}],"about":[{"href":"https:\/\/orodent.com\/fr\/wp-json\/wp\/v2\/types\/product"}],"replies":[{"embeddable":true,"href":"https:\/\/orodent.com\/fr\/wp-json\/wp\/v2\/comments?post=5115"}],"version-history":[{"count":2,"href":"https:\/\/orodent.com\/fr\/wp-json\/wp\/v2\/product\/5115\/revisions"}],"predecessor-version":[{"id":15874,"href":"https:\/\/orodent.com\/fr\/wp-json\/wp\/v2\/product\/5115\/revisions\/15874"}],"wp:featuredmedia":[{"embeddable":true,"href":"https:\/\/orodent.com\/fr\/wp-json\/wp\/v2\/media\/14567"}],"wp:attachment":[{"href":"https:\/\/orodent.com\/fr\/wp-json\/wp\/v2\/media?parent=5115"}],"wp:term":[{"taxonomy":"product_brand","embeddable":true,"href":"https:\/\/orodent.com\/fr\/wp-json\/wp\/v2\/product_brand?post=5115"},{"taxonomy":"product_cat","embeddable":true,"href":"https:\/\/orodent.com\/fr\/wp-json\/wp\/v2\/product_cat?post=5115"},{"taxonomy":"product_tag","embeddable":true,"href":"https:\/\/orodent.com\/fr\/wp-json\/wp\/v2\/product_tag?post=5115"}],"curies":[{"name":"wp","href":"https:\/\/api.w.org\/{rel}","templated":true}]}}