{"id":5063,"date":"2021-08-12T09:17:46","date_gmt":"2022-02-07T16:13:56","guid":{"rendered":"https:\/\/orodent.com\/orodent-white-matt-1400mpa\/"},"modified":"2025-10-11T13:16:54","modified_gmt":"2025-10-11T11:16:54","slug":"zirconia-white-matt","status":"publish","type":"product","link":"https:\/\/orodent.com\/fr\/zirconia-white-matt\/","title":{"rendered":"Zirconia Orodent White Matt 1400 MPa"},"content":{"rendered":"\t\t<div data-elementor-type=\"product-post\" data-elementor-id=\"5063\" class=\"elementor elementor-5063 elementor-168\" data-elementor-post-type=\"product\">\n\t\t\t\t<div class=\"elementor-element elementor-element-1233f61d e-flex e-con-boxed e-con e-parent\" data-id=\"1233f61d\" data-element_type=\"container\" data-e-type=\"container\">\n\t\t\t\t\t<div class=\"e-con-inner\">\n\t\t<div class=\"elementor-element elementor-element-24e237bd e-flex e-con-boxed e-con e-child\" data-id=\"24e237bd\" data-element_type=\"container\" data-e-type=\"container\">\n\t\t\t\t\t<div class=\"e-con-inner\">\n\t\t\t\t<div class=\"elementor-element elementor-element-655b11f0 elementor-widget elementor-widget-heading\" data-id=\"655b11f0\" data-element_type=\"widget\" data-e-type=\"widget\" data-widget_type=\"heading.default\">\n\t\t\t\t<div class=\"elementor-widget-container\">\n\t\t\t\t\t<h2 class=\"elementor-heading-title elementor-size-default\">Description compl\u00e8te<\/h2>\t\t\t\t<\/div>\n\t\t\t\t<\/div>\n\t\t\t\t<div class=\"elementor-element elementor-element-11344273 elementor-widget elementor-widget-text-editor\" data-id=\"11344273\" data-element_type=\"widget\" data-e-type=\"widget\" data-widget_type=\"text-editor.default\">\n\t\t\t\t<div class=\"elementor-widget-container\">\n\t\t\t\t\t\t\t\t\t<p><strong>La ZIRCONE BLANCHE OPAQUE avec une r\u00e9sistance \u00e0 la flexion de 1400 MPa est parfaite pour les chapes r\u00e9duites et les bridges jusqu&rsquo;\u00e0 14 \u00e9l\u00e9ments.<\/strong><\/p><ul><li><strong>Diametre<\/strong>: \u00d8: 98 mm<\/li><li><strong>hauteurs disponibles <\/strong>: dal 10 mm al 25 mm.<\/li><li><strong>Utilisation:<\/strong> c\u2019est parfait pour le placage avec de la c\u00e9ramique, car il opacifie le moignon<\/li><li><strong>\u00c9l\u00e9ments manquants:<\/strong> max 2<\/li><li><strong>Couleur du disque:<\/strong>blanc (opaque)<\/li><li><strong>Conseils de coloration:<\/strong> technique de trempage pendant 15 secondes avec colorodent basic.<\/li><\/ul>\t\t\t\t\t\t\t\t<\/div>\n\t\t\t\t<\/div>\n\t\t\t\t\t<\/div>\n\t\t\t\t<\/div>\n\t\t\t\t\t<\/div>\n\t\t\t\t<\/div>\n\t\t\t\t<\/div>\n\t\t","protected":false},"excerpt":{"rendered":"<p>Zircone White Matt pour un blanc avec l&rsquo;effet mat d&rsquo;un sourire naturel. La finition mate dessine un rev\u00eatement c\u00e9ramique qui opacifie le moignon, avec un effet naturel et homog\u00e8ne. Gr\u00e2ce \u00e0 sa grande r\u00e9sistance \u00e0 la flexion, cette zircone convient aussi bien aux chapes r\u00e9duites qu&rsquo;aux bridges \u00e9tendus jusqu&rsquo;\u00e0 14 unit\u00e9s.<\/p>\n","protected":false},"featured_media":13555,"comment_status":"open","ping_status":"closed","template":"","meta":[],"product_brand":[],"product_cat":[224],"product_tag":[],"class_list":{"0":"post-5063","1":"product","2":"type-product","3":"status-publish","4":"has-post-thumbnail","6":"product_cat-disques-en-zircone","7":"pa_liquidi-coloranti-de-base","8":"pa_resistenza-alla-flessione-1400-mpa-fr","9":"pa_sinterizzazione-1450-c-fr","10":"pa_spessore-10-mm-fr","11":"pa_spessore-12-mm-fr","12":"pa_spessore-14-mm-fr","13":"pa_spessore-16-mm-fr","14":"pa_spessore-18-mm-fr","15":"pa_spessore-20-mm-fr","16":"pa_spessore-22-mm-fr","17":"pa_spessore-25-mm-fr","18":"pa_tipi-di-lavoro-couronnes","19":"pa_tipi-di-lavoro-bridges-reduits","20":"pa_tipi-di-lavoro-bridges-de-longue-portee-jusqua-12-unites-toronto-bridge","21":"pa_tipologia-monocouche","22":"pa_traslucenza-35-fr","24":"first","25":"instock","26":"taxable","27":"shipping-taxable","28":"purchasable","29":"product-type-variable"},"acf":[],"yoast_head":"<!-- This site is optimized with the Yoast SEO plugin v27.0 - https:\/\/yoast.com\/product\/yoast-seo-wordpress\/ -->\n<title>Zirconia Orodent White Matt 1400 MPa &#8211; Orodent<\/title>\n<meta name=\"robots\" content=\"index, follow, max-snippet:-1, max-image-preview:large, max-video-preview:-1\" \/>\n<link rel=\"canonical\" href=\"https:\/\/orodent.com\/fr\/zirconia-white-matt\/\" \/>\n<meta property=\"og:locale\" content=\"fr_FR\" \/>\n<meta property=\"og:type\" content=\"article\" \/>\n<meta property=\"og:title\" content=\"Zirconia Orodent White Matt 1400 MPa &#8211; Orodent\" \/>\n<meta property=\"og:description\" content=\"Zircone White Matt pour un blanc avec l&#039;effet mat d&#039;un sourire naturel. La finition mate dessine un rev\u00eatement c\u00e9ramique qui opacifie le moignon, avec un effet naturel et homog\u00e8ne. Gr\u00e2ce \u00e0 sa grande r\u00e9sistance \u00e0 la flexion, cette zircone convient aussi bien aux chapes r\u00e9duites qu&#039;aux bridges \u00e9tendus jusqu&#039;\u00e0 14 unit\u00e9s.\" \/>\n<meta property=\"og:url\" content=\"https:\/\/orodent.com\/fr\/zirconia-white-matt\/\" \/>\n<meta property=\"og:site_name\" content=\"Orodent\" \/>\n<meta property=\"article:publisher\" content=\"https:\/\/www.facebook.com\/orodentsrl\" \/>\n<meta property=\"article:modified_time\" content=\"2025-10-11T11:16:54+00:00\" \/>\n<meta property=\"og:image\" content=\"https:\/\/orodent.com\/wp-content\/uploads\/2021\/11\/White-Matt-verticale.webp\" \/>\n\t<meta property=\"og:image:width\" content=\"1080\" \/>\n\t<meta property=\"og:image:height\" content=\"1080\" \/>\n\t<meta property=\"og:image:type\" content=\"image\/webp\" \/>\n<meta name=\"twitter:card\" content=\"summary_large_image\" \/>\n<script type=\"application\/ld+json\" class=\"yoast-schema-graph\">{\"@context\":\"https:\/\/schema.org\",\"@graph\":[{\"@type\":\"WebPage\",\"@id\":\"https:\/\/orodent.com\/fr\/zirconia-white-matt\/\",\"url\":\"https:\/\/orodent.com\/fr\/zirconia-white-matt\/\",\"name\":\"Zirconia Orodent White Matt 1400 MPa &#8211; Orodent\",\"isPartOf\":{\"@id\":\"https:\/\/orodent.com\/fr\/#website\"},\"primaryImageOfPage\":{\"@id\":\"https:\/\/orodent.com\/fr\/zirconia-white-matt\/#primaryimage\"},\"image\":{\"@id\":\"https:\/\/orodent.com\/fr\/zirconia-white-matt\/#primaryimage\"},\"thumbnailUrl\":\"https:\/\/orodent.com\/wp-content\/uploads\/2021\/11\/White-Matt-verticale.webp\",\"datePublished\":\"2022-02-07T16:13:56+00:00\",\"dateModified\":\"2025-10-11T11:16:54+00:00\",\"breadcrumb\":{\"@id\":\"https:\/\/orodent.com\/fr\/zirconia-white-matt\/#breadcrumb\"},\"inLanguage\":\"fr-FR\",\"potentialAction\":[{\"@type\":\"ReadAction\",\"target\":[\"https:\/\/orodent.com\/fr\/zirconia-white-matt\/\"]}]},{\"@type\":\"ImageObject\",\"inLanguage\":\"fr-FR\",\"@id\":\"https:\/\/orodent.com\/fr\/zirconia-white-matt\/#primaryimage\",\"url\":\"https:\/\/orodent.com\/wp-content\/uploads\/2021\/11\/White-Matt-verticale.webp\",\"contentUrl\":\"https:\/\/orodent.com\/wp-content\/uploads\/2021\/11\/White-Matt-verticale.webp\",\"width\":1080,\"height\":1080},{\"@type\":\"BreadcrumbList\",\"@id\":\"https:\/\/orodent.com\/fr\/zirconia-white-matt\/#breadcrumb\",\"itemListElement\":[{\"@type\":\"ListItem\",\"position\":1,\"name\":\"Orodent\",\"item\":\"https:\/\/orodent.com\/fr\/\"},{\"@type\":\"ListItem\",\"position\":2,\"name\":\"Shop\",\"item\":\"https:\/\/orodent.com\/fr\/shop\/\"},{\"@type\":\"ListItem\",\"position\":3,\"name\":\"Zirconia Orodent White Matt 1400 MPa\"}]},{\"@type\":\"WebSite\",\"@id\":\"https:\/\/orodent.com\/fr\/#website\",\"url\":\"https:\/\/orodent.com\/fr\/\",\"name\":\"Orodent\",\"description\":\"Produzione di Dischi in Zirconia e Colori da Infiltrazione\",\"publisher\":{\"@id\":\"https:\/\/orodent.com\/fr\/#organization\"},\"potentialAction\":[{\"@type\":\"SearchAction\",\"target\":{\"@type\":\"EntryPoint\",\"urlTemplate\":\"https:\/\/orodent.com\/fr\/?s={search_term_string}\"},\"query-input\":{\"@type\":\"PropertyValueSpecification\",\"valueRequired\":true,\"valueName\":\"search_term_string\"}}],\"inLanguage\":\"fr-FR\"},{\"@type\":\"Organization\",\"@id\":\"https:\/\/orodent.com\/fr\/#organization\",\"name\":\"Orodent\",\"url\":\"https:\/\/orodent.com\/fr\/\",\"logo\":{\"@type\":\"ImageObject\",\"inLanguage\":\"fr-FR\",\"@id\":\"https:\/\/orodent.com\/fr\/#\/schema\/logo\/image\/\",\"url\":\"https:\/\/orodent.com\/wp-content\/uploads\/2021\/08\/logo-orodent-400.png\",\"contentUrl\":\"https:\/\/orodent.com\/wp-content\/uploads\/2021\/08\/logo-orodent-400.png\",\"width\":550,\"height\":240,\"caption\":\"Orodent\"},\"image\":{\"@id\":\"https:\/\/orodent.com\/fr\/#\/schema\/logo\/image\/\"},\"sameAs\":[\"https:\/\/www.facebook.com\/orodentsrl\",\"https:\/\/www.instagram.com\/orodent_zirconia\/\",\"https:\/\/www.linkedin.com\/company\/orodent\/\",\"https:\/\/www.youtube.com\/channel\/UCwDcVjzbpcuxZLt_CR5pgVw\"]}]}<\/script>\n<!-- \/ Yoast SEO plugin. -->","yoast_head_json":{"title":"Zirconia Orodent White Matt 1400 MPa &#8211; Orodent","robots":{"index":"index","follow":"follow","max-snippet":"max-snippet:-1","max-image-preview":"max-image-preview:large","max-video-preview":"max-video-preview:-1"},"canonical":"https:\/\/orodent.com\/fr\/zirconia-white-matt\/","og_locale":"fr_FR","og_type":"article","og_title":"Zirconia Orodent White Matt 1400 MPa &#8211; Orodent","og_description":"Zircone White Matt pour un blanc avec l'effet mat d'un sourire naturel. La finition mate dessine un rev\u00eatement c\u00e9ramique qui opacifie le moignon, avec un effet naturel et homog\u00e8ne. Gr\u00e2ce \u00e0 sa grande r\u00e9sistance \u00e0 la flexion, cette zircone convient aussi bien aux chapes r\u00e9duites qu'aux bridges \u00e9tendus jusqu'\u00e0 14 unit\u00e9s.","og_url":"https:\/\/orodent.com\/fr\/zirconia-white-matt\/","og_site_name":"Orodent","article_publisher":"https:\/\/www.facebook.com\/orodentsrl","article_modified_time":"2025-10-11T11:16:54+00:00","og_image":[{"width":1080,"height":1080,"url":"https:\/\/orodent.com\/wp-content\/uploads\/2021\/11\/White-Matt-verticale.webp","type":"image\/webp"}],"twitter_card":"summary_large_image","schema":{"@context":"https:\/\/schema.org","@graph":[{"@type":"WebPage","@id":"https:\/\/orodent.com\/fr\/zirconia-white-matt\/","url":"https:\/\/orodent.com\/fr\/zirconia-white-matt\/","name":"Zirconia Orodent White Matt 1400 MPa &#8211; Orodent","isPartOf":{"@id":"https:\/\/orodent.com\/fr\/#website"},"primaryImageOfPage":{"@id":"https:\/\/orodent.com\/fr\/zirconia-white-matt\/#primaryimage"},"image":{"@id":"https:\/\/orodent.com\/fr\/zirconia-white-matt\/#primaryimage"},"thumbnailUrl":"https:\/\/orodent.com\/wp-content\/uploads\/2021\/11\/White-Matt-verticale.webp","datePublished":"2022-02-07T16:13:56+00:00","dateModified":"2025-10-11T11:16:54+00:00","breadcrumb":{"@id":"https:\/\/orodent.com\/fr\/zirconia-white-matt\/#breadcrumb"},"inLanguage":"fr-FR","potentialAction":[{"@type":"ReadAction","target":["https:\/\/orodent.com\/fr\/zirconia-white-matt\/"]}]},{"@type":"ImageObject","inLanguage":"fr-FR","@id":"https:\/\/orodent.com\/fr\/zirconia-white-matt\/#primaryimage","url":"https:\/\/orodent.com\/wp-content\/uploads\/2021\/11\/White-Matt-verticale.webp","contentUrl":"https:\/\/orodent.com\/wp-content\/uploads\/2021\/11\/White-Matt-verticale.webp","width":1080,"height":1080},{"@type":"BreadcrumbList","@id":"https:\/\/orodent.com\/fr\/zirconia-white-matt\/#breadcrumb","itemListElement":[{"@type":"ListItem","position":1,"name":"Orodent","item":"https:\/\/orodent.com\/fr\/"},{"@type":"ListItem","position":2,"name":"Shop","item":"https:\/\/orodent.com\/fr\/shop\/"},{"@type":"ListItem","position":3,"name":"Zirconia Orodent White Matt 1400 MPa"}]},{"@type":"WebSite","@id":"https:\/\/orodent.com\/fr\/#website","url":"https:\/\/orodent.com\/fr\/","name":"Orodent","description":"Produzione di Dischi in Zirconia e Colori da Infiltrazione","publisher":{"@id":"https:\/\/orodent.com\/fr\/#organization"},"potentialAction":[{"@type":"SearchAction","target":{"@type":"EntryPoint","urlTemplate":"https:\/\/orodent.com\/fr\/?s={search_term_string}"},"query-input":{"@type":"PropertyValueSpecification","valueRequired":true,"valueName":"search_term_string"}}],"inLanguage":"fr-FR"},{"@type":"Organization","@id":"https:\/\/orodent.com\/fr\/#organization","name":"Orodent","url":"https:\/\/orodent.com\/fr\/","logo":{"@type":"ImageObject","inLanguage":"fr-FR","@id":"https:\/\/orodent.com\/fr\/#\/schema\/logo\/image\/","url":"https:\/\/orodent.com\/wp-content\/uploads\/2021\/08\/logo-orodent-400.png","contentUrl":"https:\/\/orodent.com\/wp-content\/uploads\/2021\/08\/logo-orodent-400.png","width":550,"height":240,"caption":"Orodent"},"image":{"@id":"https:\/\/orodent.com\/fr\/#\/schema\/logo\/image\/"},"sameAs":["https:\/\/www.facebook.com\/orodentsrl","https:\/\/www.instagram.com\/orodent_zirconia\/","https:\/\/www.linkedin.com\/company\/orodent\/","https:\/\/www.youtube.com\/channel\/UCwDcVjzbpcuxZLt_CR5pgVw"]}]}},"_links":{"self":[{"href":"https:\/\/orodent.com\/fr\/wp-json\/wp\/v2\/product\/5063","targetHints":{"allow":["GET"]}}],"collection":[{"href":"https:\/\/orodent.com\/fr\/wp-json\/wp\/v2\/product"}],"about":[{"href":"https:\/\/orodent.com\/fr\/wp-json\/wp\/v2\/types\/product"}],"replies":[{"embeddable":true,"href":"https:\/\/orodent.com\/fr\/wp-json\/wp\/v2\/comments?post=5063"}],"version-history":[{"count":2,"href":"https:\/\/orodent.com\/fr\/wp-json\/wp\/v2\/product\/5063\/revisions"}],"predecessor-version":[{"id":20199,"href":"https:\/\/orodent.com\/fr\/wp-json\/wp\/v2\/product\/5063\/revisions\/20199"}],"wp:featuredmedia":[{"embeddable":true,"href":"https:\/\/orodent.com\/fr\/wp-json\/wp\/v2\/media\/13555"}],"wp:attachment":[{"href":"https:\/\/orodent.com\/fr\/wp-json\/wp\/v2\/media?parent=5063"}],"wp:term":[{"taxonomy":"product_brand","embeddable":true,"href":"https:\/\/orodent.com\/fr\/wp-json\/wp\/v2\/product_brand?post=5063"},{"taxonomy":"product_cat","embeddable":true,"href":"https:\/\/orodent.com\/fr\/wp-json\/wp\/v2\/product_cat?post=5063"},{"taxonomy":"product_tag","embeddable":true,"href":"https:\/\/orodent.com\/fr\/wp-json\/wp\/v2\/product_tag?post=5063"}],"curies":[{"name":"wp","href":"https:\/\/api.w.org\/{rel}","templated":true}]}}