{"id":5054,"date":"2021-11-10T11:15:41","date_gmt":"2021-11-10T09:15:41","guid":{"rendered":"https:\/\/orodent.com\/orodent-high-translucent-1200mpa\/"},"modified":"2025-10-11T13:17:38","modified_gmt":"2025-10-11T11:17:38","slug":"zirconia-high-translucent","status":"publish","type":"product","link":"https:\/\/orodent.com\/fr\/zirconia-high-translucent\/","title":{"rendered":"Zirconia Orodent High Translucent 1200 MPa"},"content":{"rendered":"\t\t<div data-elementor-type=\"product-post\" data-elementor-id=\"5054\" class=\"elementor elementor-5054 elementor-264\" data-elementor-post-type=\"product\">\n\t\t\t\t<div class=\"elementor-element elementor-element-4566edbc e-flex e-con-boxed e-con e-parent\" data-id=\"4566edbc\" data-element_type=\"container\" data-e-type=\"container\">\n\t\t\t\t\t<div class=\"e-con-inner\">\n\t\t<div class=\"elementor-element elementor-element-22a9651e e-flex e-con-boxed e-con e-child\" data-id=\"22a9651e\" data-element_type=\"container\" data-e-type=\"container\">\n\t\t\t\t\t<div class=\"e-con-inner\">\n\t\t\t\t<div class=\"elementor-element elementor-element-4a7d8541 elementor-widget elementor-widget-heading\" data-id=\"4a7d8541\" data-element_type=\"widget\" data-e-type=\"widget\" data-widget_type=\"heading.default\">\n\t\t\t\t<div class=\"elementor-widget-container\">\n\t\t\t\t\t<h2 class=\"elementor-heading-title elementor-size-default\">Description compl\u00e8te<\/h2>\t\t\t\t<\/div>\n\t\t\t\t<\/div>\n\t\t\t\t<div class=\"elementor-element elementor-element-32f32e0f elementor-widget elementor-widget-text-editor\" data-id=\"32f32e0f\" data-element_type=\"widget\" data-e-type=\"widget\" data-widget_type=\"text-editor.default\">\n\t\t\t\t<div class=\"elementor-widget-container\">\n\t\t\t\t\t\t\t\t\t<p><strong>Zircone \u00e0 haute translucidit\u00e9<\/strong> avec une r\u00e9sistance \u00e9lev\u00e9e \u00e0 la flexion et adapt\u00e9e \u00e0 tous les travaux, des couronnes simples aux grands ponts jusqu&rsquo;\u00e0 12 unit\u00e9s, aussi bien anatomiques que r\u00e9duits pour la stratification avec la c\u00e9ramique.<\/p><ul><li><strong>Diametre<\/strong>: \u00d8: 98 mm<\/li><li><strong>hauteurs disponibles <\/strong>: dal 10 mm al 25 mm.<\/li><li><strong>Utilisation:<\/strong>c\u2019est parfait pour des structures enti\u00e8rement anatomiques ou r\u00e9duites.tture completamente anatomiche o ridotte<\/li><li><strong>\u00c9l\u00e9ments<\/strong> <strong>manquants:<\/strong> max 2<\/li><li><strong>Couleur du disque:<\/strong> blanc<\/li><li><strong>Conseils de coloration:<\/strong>technique de trempage pendant 15 secondes ou *technique au pinceau avec colorodent basic et colorodent supercolori.<\/li><\/ul>\t\t\t\t\t\t\t\t<\/div>\n\t\t\t\t<\/div>\n\t\t\t\t\t<\/div>\n\t\t\t\t<\/div>\n\t\t\t\t\t<\/div>\n\t\t\t\t<\/div>\n\t\t\t\t<\/div>\n\t\t","protected":false},"excerpt":{"rendered":"<p>Zircone High Translucent pour un sourire aussi \u00e9tincelant que de l&rsquo;eau cristalline! Un blanc intemporel, pour redonner de l&rsquo;\u00e9clat aux sourires. Gr\u00e2ce \u00e0 sa grande r\u00e9sistance \u00e0 la flexion, cette zircone convient aux couronnes simples, aux grands bridges, aux restaurations anatomiques ou avec des stratifications en c\u00e9ramique.<\/p>\n","protected":false},"featured_media":20064,"comment_status":"open","ping_status":"closed","template":"","meta":[],"product_brand":[],"product_cat":[224],"product_tag":[],"class_list":{"0":"post-5054","1":"product","2":"type-product","3":"status-publish","4":"has-post-thumbnail","6":"product_cat-disques-en-zircone","7":"pa_liquidi-coloranti-de-base","8":"pa_resistenza-alla-flessione-1200-mpa-fr","9":"pa_sinterizzazione-1530-c-fr","10":"pa_spessore-10-mm-fr","11":"pa_spessore-12-mm-fr","12":"pa_spessore-14-mm-fr","13":"pa_spessore-16-mm-fr","14":"pa_spessore-18-mm-fr","15":"pa_spessore-20-mm-fr","16":"pa_spessore-22-mm-fr","17":"pa_spessore-25-mm-fr","18":"pa_tipi-di-lavoro-couronnes","19":"pa_tipi-di-lavoro-bridges-reduits","20":"pa_tipi-di-lavoro-bridges-de-longue-portee-jusqua-12-unites-toronto-bridge","21":"pa_tipologia-monocouche","22":"pa_traslucenza-43-fr","24":"first","25":"instock","26":"taxable","27":"shipping-taxable","28":"purchasable","29":"product-type-variable"},"acf":[],"yoast_head":"<!-- This site is optimized with the Yoast SEO plugin v27.0 - https:\/\/yoast.com\/product\/yoast-seo-wordpress\/ -->\n<title>Zirconia Orodent High Translucent 1200 MPa &#8211; Orodent<\/title>\n<meta name=\"robots\" content=\"index, follow, max-snippet:-1, max-image-preview:large, max-video-preview:-1\" \/>\n<link rel=\"canonical\" href=\"https:\/\/orodent.com\/fr\/zirconia-high-translucent\/\" \/>\n<meta property=\"og:locale\" content=\"fr_FR\" \/>\n<meta property=\"og:type\" content=\"article\" \/>\n<meta property=\"og:title\" content=\"Zirconia Orodent High Translucent 1200 MPa &#8211; Orodent\" \/>\n<meta property=\"og:description\" content=\"Zircone High Translucent pour un sourire aussi \u00e9tincelant que de l&#039;eau cristalline! Un blanc intemporel, pour redonner de l&#039;\u00e9clat aux sourires. Gr\u00e2ce \u00e0 sa grande r\u00e9sistance \u00e0 la flexion, cette zircone convient aux couronnes simples, aux grands bridges, aux restaurations anatomiques ou avec des stratifications en c\u00e9ramique.\" \/>\n<meta property=\"og:url\" content=\"https:\/\/orodent.com\/fr\/zirconia-high-translucent\/\" \/>\n<meta property=\"og:site_name\" content=\"Orodent\" \/>\n<meta property=\"article:publisher\" content=\"https:\/\/www.facebook.com\/orodentsrl\" \/>\n<meta property=\"article:modified_time\" content=\"2025-10-11T11:17:38+00:00\" \/>\n<meta property=\"og:image\" content=\"https:\/\/orodent.com\/wp-content\/uploads\/2025\/10\/High-translucent-verticale.webp\" \/>\n\t<meta property=\"og:image:width\" content=\"1080\" \/>\n\t<meta property=\"og:image:height\" content=\"1080\" \/>\n\t<meta property=\"og:image:type\" content=\"image\/png\" \/>\n<meta name=\"twitter:card\" content=\"summary_large_image\" \/>\n<script type=\"application\/ld+json\" class=\"yoast-schema-graph\">{\"@context\":\"https:\/\/schema.org\",\"@graph\":[{\"@type\":\"WebPage\",\"@id\":\"https:\/\/orodent.com\/fr\/zirconia-high-translucent\/\",\"url\":\"https:\/\/orodent.com\/fr\/zirconia-high-translucent\/\",\"name\":\"Zirconia Orodent High Translucent 1200 MPa &#8211; Orodent\",\"isPartOf\":{\"@id\":\"https:\/\/orodent.com\/fr\/#website\"},\"primaryImageOfPage\":{\"@id\":\"https:\/\/orodent.com\/fr\/zirconia-high-translucent\/#primaryimage\"},\"image\":{\"@id\":\"https:\/\/orodent.com\/fr\/zirconia-high-translucent\/#primaryimage\"},\"thumbnailUrl\":\"https:\/\/orodent.com\/wp-content\/uploads\/2025\/10\/High-translucent-verticale.webp\",\"datePublished\":\"2021-11-10T09:15:41+00:00\",\"dateModified\":\"2025-10-11T11:17:38+00:00\",\"breadcrumb\":{\"@id\":\"https:\/\/orodent.com\/fr\/zirconia-high-translucent\/#breadcrumb\"},\"inLanguage\":\"fr-FR\",\"potentialAction\":[{\"@type\":\"ReadAction\",\"target\":[\"https:\/\/orodent.com\/fr\/zirconia-high-translucent\/\"]}]},{\"@type\":\"ImageObject\",\"inLanguage\":\"fr-FR\",\"@id\":\"https:\/\/orodent.com\/fr\/zirconia-high-translucent\/#primaryimage\",\"url\":\"https:\/\/orodent.com\/wp-content\/uploads\/2025\/10\/High-translucent-verticale.webp\",\"contentUrl\":\"https:\/\/orodent.com\/wp-content\/uploads\/2025\/10\/High-translucent-verticale.webp\",\"width\":1080,\"height\":1080,\"caption\":\"Zirconia Orodent High translucent\"},{\"@type\":\"BreadcrumbList\",\"@id\":\"https:\/\/orodent.com\/fr\/zirconia-high-translucent\/#breadcrumb\",\"itemListElement\":[{\"@type\":\"ListItem\",\"position\":1,\"name\":\"Orodent\",\"item\":\"https:\/\/orodent.com\/fr\/\"},{\"@type\":\"ListItem\",\"position\":2,\"name\":\"Shop\",\"item\":\"https:\/\/orodent.com\/fr\/shop\/\"},{\"@type\":\"ListItem\",\"position\":3,\"name\":\"Zirconia Orodent High Translucent 1200 MPa\"}]},{\"@type\":\"WebSite\",\"@id\":\"https:\/\/orodent.com\/fr\/#website\",\"url\":\"https:\/\/orodent.com\/fr\/\",\"name\":\"Orodent\",\"description\":\"Produzione di Dischi in Zirconia e Colori da Infiltrazione\",\"publisher\":{\"@id\":\"https:\/\/orodent.com\/fr\/#organization\"},\"potentialAction\":[{\"@type\":\"SearchAction\",\"target\":{\"@type\":\"EntryPoint\",\"urlTemplate\":\"https:\/\/orodent.com\/fr\/?s={search_term_string}\"},\"query-input\":{\"@type\":\"PropertyValueSpecification\",\"valueRequired\":true,\"valueName\":\"search_term_string\"}}],\"inLanguage\":\"fr-FR\"},{\"@type\":\"Organization\",\"@id\":\"https:\/\/orodent.com\/fr\/#organization\",\"name\":\"Orodent\",\"url\":\"https:\/\/orodent.com\/fr\/\",\"logo\":{\"@type\":\"ImageObject\",\"inLanguage\":\"fr-FR\",\"@id\":\"https:\/\/orodent.com\/fr\/#\/schema\/logo\/image\/\",\"url\":\"https:\/\/orodent.com\/wp-content\/uploads\/2021\/08\/logo-orodent-400.png\",\"contentUrl\":\"https:\/\/orodent.com\/wp-content\/uploads\/2021\/08\/logo-orodent-400.png\",\"width\":550,\"height\":240,\"caption\":\"Orodent\"},\"image\":{\"@id\":\"https:\/\/orodent.com\/fr\/#\/schema\/logo\/image\/\"},\"sameAs\":[\"https:\/\/www.facebook.com\/orodentsrl\",\"https:\/\/www.instagram.com\/orodent_zirconia\/\",\"https:\/\/www.linkedin.com\/company\/orodent\/\",\"https:\/\/www.youtube.com\/channel\/UCwDcVjzbpcuxZLt_CR5pgVw\"]}]}<\/script>\n<!-- \/ Yoast SEO plugin. -->","yoast_head_json":{"title":"Zirconia Orodent High Translucent 1200 MPa &#8211; Orodent","robots":{"index":"index","follow":"follow","max-snippet":"max-snippet:-1","max-image-preview":"max-image-preview:large","max-video-preview":"max-video-preview:-1"},"canonical":"https:\/\/orodent.com\/fr\/zirconia-high-translucent\/","og_locale":"fr_FR","og_type":"article","og_title":"Zirconia Orodent High Translucent 1200 MPa &#8211; Orodent","og_description":"Zircone High Translucent pour un sourire aussi \u00e9tincelant que de l'eau cristalline! Un blanc intemporel, pour redonner de l'\u00e9clat aux sourires. Gr\u00e2ce \u00e0 sa grande r\u00e9sistance \u00e0 la flexion, cette zircone convient aux couronnes simples, aux grands bridges, aux restaurations anatomiques ou avec des stratifications en c\u00e9ramique.","og_url":"https:\/\/orodent.com\/fr\/zirconia-high-translucent\/","og_site_name":"Orodent","article_publisher":"https:\/\/www.facebook.com\/orodentsrl","article_modified_time":"2025-10-11T11:17:38+00:00","og_image":[{"width":1080,"height":1080,"url":"https:\/\/orodent.com\/wp-content\/uploads\/2025\/10\/High-translucent-verticale.webp","type":"image\/png"}],"twitter_card":"summary_large_image","schema":{"@context":"https:\/\/schema.org","@graph":[{"@type":"WebPage","@id":"https:\/\/orodent.com\/fr\/zirconia-high-translucent\/","url":"https:\/\/orodent.com\/fr\/zirconia-high-translucent\/","name":"Zirconia Orodent High Translucent 1200 MPa &#8211; Orodent","isPartOf":{"@id":"https:\/\/orodent.com\/fr\/#website"},"primaryImageOfPage":{"@id":"https:\/\/orodent.com\/fr\/zirconia-high-translucent\/#primaryimage"},"image":{"@id":"https:\/\/orodent.com\/fr\/zirconia-high-translucent\/#primaryimage"},"thumbnailUrl":"https:\/\/orodent.com\/wp-content\/uploads\/2025\/10\/High-translucent-verticale.webp","datePublished":"2021-11-10T09:15:41+00:00","dateModified":"2025-10-11T11:17:38+00:00","breadcrumb":{"@id":"https:\/\/orodent.com\/fr\/zirconia-high-translucent\/#breadcrumb"},"inLanguage":"fr-FR","potentialAction":[{"@type":"ReadAction","target":["https:\/\/orodent.com\/fr\/zirconia-high-translucent\/"]}]},{"@type":"ImageObject","inLanguage":"fr-FR","@id":"https:\/\/orodent.com\/fr\/zirconia-high-translucent\/#primaryimage","url":"https:\/\/orodent.com\/wp-content\/uploads\/2025\/10\/High-translucent-verticale.webp","contentUrl":"https:\/\/orodent.com\/wp-content\/uploads\/2025\/10\/High-translucent-verticale.webp","width":1080,"height":1080,"caption":"Zirconia Orodent High translucent"},{"@type":"BreadcrumbList","@id":"https:\/\/orodent.com\/fr\/zirconia-high-translucent\/#breadcrumb","itemListElement":[{"@type":"ListItem","position":1,"name":"Orodent","item":"https:\/\/orodent.com\/fr\/"},{"@type":"ListItem","position":2,"name":"Shop","item":"https:\/\/orodent.com\/fr\/shop\/"},{"@type":"ListItem","position":3,"name":"Zirconia Orodent High Translucent 1200 MPa"}]},{"@type":"WebSite","@id":"https:\/\/orodent.com\/fr\/#website","url":"https:\/\/orodent.com\/fr\/","name":"Orodent","description":"Produzione di Dischi in Zirconia e Colori da Infiltrazione","publisher":{"@id":"https:\/\/orodent.com\/fr\/#organization"},"potentialAction":[{"@type":"SearchAction","target":{"@type":"EntryPoint","urlTemplate":"https:\/\/orodent.com\/fr\/?s={search_term_string}"},"query-input":{"@type":"PropertyValueSpecification","valueRequired":true,"valueName":"search_term_string"}}],"inLanguage":"fr-FR"},{"@type":"Organization","@id":"https:\/\/orodent.com\/fr\/#organization","name":"Orodent","url":"https:\/\/orodent.com\/fr\/","logo":{"@type":"ImageObject","inLanguage":"fr-FR","@id":"https:\/\/orodent.com\/fr\/#\/schema\/logo\/image\/","url":"https:\/\/orodent.com\/wp-content\/uploads\/2021\/08\/logo-orodent-400.png","contentUrl":"https:\/\/orodent.com\/wp-content\/uploads\/2021\/08\/logo-orodent-400.png","width":550,"height":240,"caption":"Orodent"},"image":{"@id":"https:\/\/orodent.com\/fr\/#\/schema\/logo\/image\/"},"sameAs":["https:\/\/www.facebook.com\/orodentsrl","https:\/\/www.instagram.com\/orodent_zirconia\/","https:\/\/www.linkedin.com\/company\/orodent\/","https:\/\/www.youtube.com\/channel\/UCwDcVjzbpcuxZLt_CR5pgVw"]}]}},"_links":{"self":[{"href":"https:\/\/orodent.com\/fr\/wp-json\/wp\/v2\/product\/5054","targetHints":{"allow":["GET"]}}],"collection":[{"href":"https:\/\/orodent.com\/fr\/wp-json\/wp\/v2\/product"}],"about":[{"href":"https:\/\/orodent.com\/fr\/wp-json\/wp\/v2\/types\/product"}],"replies":[{"embeddable":true,"href":"https:\/\/orodent.com\/fr\/wp-json\/wp\/v2\/comments?post=5054"}],"version-history":[{"count":2,"href":"https:\/\/orodent.com\/fr\/wp-json\/wp\/v2\/product\/5054\/revisions"}],"predecessor-version":[{"id":20202,"href":"https:\/\/orodent.com\/fr\/wp-json\/wp\/v2\/product\/5054\/revisions\/20202"}],"wp:featuredmedia":[{"embeddable":true,"href":"https:\/\/orodent.com\/fr\/wp-json\/wp\/v2\/media\/20064"}],"wp:attachment":[{"href":"https:\/\/orodent.com\/fr\/wp-json\/wp\/v2\/media?parent=5054"}],"wp:term":[{"taxonomy":"product_brand","embeddable":true,"href":"https:\/\/orodent.com\/fr\/wp-json\/wp\/v2\/product_brand?post=5054"},{"taxonomy":"product_cat","embeddable":true,"href":"https:\/\/orodent.com\/fr\/wp-json\/wp\/v2\/product_cat?post=5054"},{"taxonomy":"product_tag","embeddable":true,"href":"https:\/\/orodent.com\/fr\/wp-json\/wp\/v2\/product_tag?post=5054"}],"curies":[{"name":"wp","href":"https:\/\/api.w.org\/{rel}","templated":true}]}}