{"id":5045,"date":"2021-11-10T11:16:43","date_gmt":"2021-11-10T09:16:43","guid":{"rendered":"https:\/\/orodent.com\/orodent-bleach-1200mpa\/"},"modified":"2025-10-11T13:18:25","modified_gmt":"2025-10-11T11:18:25","slug":"zirconia-bleach","status":"publish","type":"product","link":"https:\/\/orodent.com\/fr\/zirconia-bleach\/","title":{"rendered":"Zirconia Orodent Bleach 1200 MPa"},"content":{"rendered":"\t\t<div data-elementor-type=\"product-post\" data-elementor-id=\"5045\" class=\"elementor elementor-5045 elementor-291\" data-elementor-post-type=\"product\">\n\t\t\t\t<div class=\"elementor-element elementor-element-2e665d4e e-flex e-con-boxed e-con e-parent\" data-id=\"2e665d4e\" data-element_type=\"container\" data-e-type=\"container\">\n\t\t\t\t\t<div class=\"e-con-inner\">\n\t\t<div class=\"elementor-element elementor-element-7417456b e-flex e-con-boxed e-con e-child\" data-id=\"7417456b\" data-element_type=\"container\" data-e-type=\"container\">\n\t\t\t\t\t<div class=\"e-con-inner\">\n\t\t\t\t<div class=\"elementor-element elementor-element-7ff84789 elementor-widget elementor-widget-heading\" data-id=\"7ff84789\" data-element_type=\"widget\" data-e-type=\"widget\" data-widget_type=\"heading.default\">\n\t\t\t\t<div class=\"elementor-widget-container\">\n\t\t\t\t\t<h2 class=\"elementor-heading-title elementor-size-default\">Description compl\u00e8te<\/h2>\t\t\t\t<\/div>\n\t\t\t\t<\/div>\n\t\t\t\t<div class=\"elementor-element elementor-element-5fa89667 elementor-widget elementor-widget-text-editor\" data-id=\"5fa89667\" data-element_type=\"widget\" data-e-type=\"widget\" data-widget_type=\"text-editor.default\">\n\t\t\t\t<div class=\"elementor-widget-container\">\n\t\t\t\t\t\t\t\t\t<p><strong>Zircone Bleach<\/strong>, avec son rendement blanc \u00e9tincelant, a une grande r\u00e9sistance \u00e0 la flexion et est adapt\u00e9e \u00e0 tous les travaux, des couronnes simples aux grands bridges jusqu&rsquo;\u00e0 12 unit\u00e9s.<\/p><p><strong>Diametre<\/strong>: \u00d8: 98mm<\/p><p><strong>hauteurs disponibles <\/strong>: dal 10 mm al 25 mm.<\/p><p><strong>Utilisation:<\/strong> c\u2019est parfait pour des structures Enti\u00e8rement anatomiques et pour obtenir un effet \u201chollywood smile\u201d<\/p><p><strong>\u00c9l\u00e9ments manquants:<\/strong> max 2<\/p><p><strong>Couleur du disque:<\/strong>blanc \u00e9tincelant<\/p><p><strong>Conseils de coloration:<\/strong> technique de trempage pendant 15 secondes avec colorodent basic. *voir notre brochure colorodent<\/p><p><strong>Vieillissement:<\/strong>0% gr\u00e2ce aux poudres tosoh de nouvelle g\u00e9n\u00e9ration.<\/p>\t\t\t\t\t\t\t\t<\/div>\n\t\t\t\t<\/div>\n\t\t\t\t\t<\/div>\n\t\t\t\t<\/div>\n\t\t\t\t\t<\/div>\n\t\t\t\t<\/div>\n\t\t\t\t<\/div>\n\t\t","protected":false},"excerpt":{"rendered":"<p>Zircone Bleach : struttu un blanc \u00e9tincelant pour un sourire de cin\u00e9ma! La composition du disque est con\u00e7ue pour \u00eatre extr\u00eamement r\u00e9sistante \u00e0 la flexion et convient \u00e0 tous les travaux, des couronnes simples aux grands bridges dentaires.<\/p>\n<p>Convient aux structures enti\u00e8rement anatomiques.<\/p>\n","protected":false},"featured_media":20084,"comment_status":"open","ping_status":"closed","template":"","meta":[],"product_brand":[],"product_cat":[224],"product_tag":[],"class_list":{"0":"post-5045","1":"product","2":"type-product","3":"status-publish","4":"has-post-thumbnail","6":"product_cat-disques-en-zircone","7":"pa_liquidi-coloranti-de-base","8":"pa_resistenza-alla-flessione-1200-mpa-fr","9":"pa_sinterizzazione-1530-c-fr","10":"pa_spessore-10-mm-fr","11":"pa_spessore-12-mm-fr","12":"pa_spessore-14-mm-fr","13":"pa_spessore-16-mm-fr","14":"pa_spessore-18-mm-fr","15":"pa_spessore-20-mm-fr","16":"pa_spessore-22-mm-fr","17":"pa_spessore-25-mm-fr","18":"pa_tipi-di-lavoro-couronnes","19":"pa_tipi-di-lavoro-bridges-reduits","20":"pa_tipi-di-lavoro-bridges-de-longue-portee-jusqua-12-unites-toronto-bridge","21":"pa_tipologia-monocouche","22":"pa_traslucenza-45-fr","24":"first","25":"instock","26":"taxable","27":"shipping-taxable","28":"purchasable","29":"product-type-variable"},"acf":[],"yoast_head":"<!-- This site is optimized with the Yoast SEO plugin v27.0 - https:\/\/yoast.com\/product\/yoast-seo-wordpress\/ -->\n<title>Zirconia Orodent Bleach 1200 MPa &#8211; Orodent<\/title>\n<meta name=\"robots\" content=\"index, follow, max-snippet:-1, max-image-preview:large, max-video-preview:-1\" \/>\n<link rel=\"canonical\" href=\"https:\/\/orodent.com\/fr\/zirconia-bleach\/\" \/>\n<meta property=\"og:locale\" content=\"fr_FR\" \/>\n<meta property=\"og:type\" content=\"article\" \/>\n<meta property=\"og:title\" content=\"Zirconia Orodent Bleach 1200 MPa &#8211; Orodent\" \/>\n<meta property=\"og:description\" content=\"Zircone Bleach : struttu un blanc \u00e9tincelant pour un sourire de cin\u00e9ma! La composition du disque est con\u00e7ue pour \u00eatre extr\u00eamement r\u00e9sistante \u00e0 la flexion et convient \u00e0 tous les travaux, des couronnes simples aux grands bridges dentaires. Convient aux structures enti\u00e8rement anatomiques.\" \/>\n<meta property=\"og:url\" content=\"https:\/\/orodent.com\/fr\/zirconia-bleach\/\" \/>\n<meta property=\"og:site_name\" content=\"Orodent\" \/>\n<meta property=\"article:publisher\" content=\"https:\/\/www.facebook.com\/orodentsrl\" \/>\n<meta property=\"article:modified_time\" content=\"2025-10-11T11:18:25+00:00\" \/>\n<meta property=\"og:image\" content=\"https:\/\/orodent.com\/wp-content\/uploads\/2025\/10\/Bleach-verticale.webp\" \/>\n\t<meta property=\"og:image:width\" content=\"1080\" \/>\n\t<meta property=\"og:image:height\" content=\"1080\" \/>\n\t<meta property=\"og:image:type\" content=\"image\/png\" \/>\n<meta name=\"twitter:card\" content=\"summary_large_image\" \/>\n<script type=\"application\/ld+json\" class=\"yoast-schema-graph\">{\"@context\":\"https:\/\/schema.org\",\"@graph\":[{\"@type\":\"WebPage\",\"@id\":\"https:\/\/orodent.com\/fr\/zirconia-bleach\/\",\"url\":\"https:\/\/orodent.com\/fr\/zirconia-bleach\/\",\"name\":\"Zirconia Orodent Bleach 1200 MPa &#8211; Orodent\",\"isPartOf\":{\"@id\":\"https:\/\/orodent.com\/fr\/#website\"},\"primaryImageOfPage\":{\"@id\":\"https:\/\/orodent.com\/fr\/zirconia-bleach\/#primaryimage\"},\"image\":{\"@id\":\"https:\/\/orodent.com\/fr\/zirconia-bleach\/#primaryimage\"},\"thumbnailUrl\":\"https:\/\/orodent.com\/wp-content\/uploads\/2025\/10\/Bleach-verticale.webp\",\"datePublished\":\"2021-11-10T09:16:43+00:00\",\"dateModified\":\"2025-10-11T11:18:25+00:00\",\"breadcrumb\":{\"@id\":\"https:\/\/orodent.com\/fr\/zirconia-bleach\/#breadcrumb\"},\"inLanguage\":\"fr-FR\",\"potentialAction\":[{\"@type\":\"ReadAction\",\"target\":[\"https:\/\/orodent.com\/fr\/zirconia-bleach\/\"]}]},{\"@type\":\"ImageObject\",\"inLanguage\":\"fr-FR\",\"@id\":\"https:\/\/orodent.com\/fr\/zirconia-bleach\/#primaryimage\",\"url\":\"https:\/\/orodent.com\/wp-content\/uploads\/2025\/10\/Bleach-verticale.webp\",\"contentUrl\":\"https:\/\/orodent.com\/wp-content\/uploads\/2025\/10\/Bleach-verticale.webp\",\"width\":1080,\"height\":1080,\"caption\":\"Zirconia Orodent Bleach\"},{\"@type\":\"BreadcrumbList\",\"@id\":\"https:\/\/orodent.com\/fr\/zirconia-bleach\/#breadcrumb\",\"itemListElement\":[{\"@type\":\"ListItem\",\"position\":1,\"name\":\"Orodent\",\"item\":\"https:\/\/orodent.com\/fr\/\"},{\"@type\":\"ListItem\",\"position\":2,\"name\":\"Shop\",\"item\":\"https:\/\/orodent.com\/fr\/shop\/\"},{\"@type\":\"ListItem\",\"position\":3,\"name\":\"Zirconia Orodent Bleach 1200 MPa\"}]},{\"@type\":\"WebSite\",\"@id\":\"https:\/\/orodent.com\/fr\/#website\",\"url\":\"https:\/\/orodent.com\/fr\/\",\"name\":\"Orodent\",\"description\":\"Produzione di Dischi in Zirconia e Colori da Infiltrazione\",\"publisher\":{\"@id\":\"https:\/\/orodent.com\/fr\/#organization\"},\"potentialAction\":[{\"@type\":\"SearchAction\",\"target\":{\"@type\":\"EntryPoint\",\"urlTemplate\":\"https:\/\/orodent.com\/fr\/?s={search_term_string}\"},\"query-input\":{\"@type\":\"PropertyValueSpecification\",\"valueRequired\":true,\"valueName\":\"search_term_string\"}}],\"inLanguage\":\"fr-FR\"},{\"@type\":\"Organization\",\"@id\":\"https:\/\/orodent.com\/fr\/#organization\",\"name\":\"Orodent\",\"url\":\"https:\/\/orodent.com\/fr\/\",\"logo\":{\"@type\":\"ImageObject\",\"inLanguage\":\"fr-FR\",\"@id\":\"https:\/\/orodent.com\/fr\/#\/schema\/logo\/image\/\",\"url\":\"https:\/\/orodent.com\/wp-content\/uploads\/2021\/08\/logo-orodent-400.png\",\"contentUrl\":\"https:\/\/orodent.com\/wp-content\/uploads\/2021\/08\/logo-orodent-400.png\",\"width\":550,\"height\":240,\"caption\":\"Orodent\"},\"image\":{\"@id\":\"https:\/\/orodent.com\/fr\/#\/schema\/logo\/image\/\"},\"sameAs\":[\"https:\/\/www.facebook.com\/orodentsrl\",\"https:\/\/www.instagram.com\/orodent_zirconia\/\",\"https:\/\/www.linkedin.com\/company\/orodent\/\",\"https:\/\/www.youtube.com\/channel\/UCwDcVjzbpcuxZLt_CR5pgVw\"]}]}<\/script>\n<!-- \/ Yoast SEO plugin. -->","yoast_head_json":{"title":"Zirconia Orodent Bleach 1200 MPa &#8211; Orodent","robots":{"index":"index","follow":"follow","max-snippet":"max-snippet:-1","max-image-preview":"max-image-preview:large","max-video-preview":"max-video-preview:-1"},"canonical":"https:\/\/orodent.com\/fr\/zirconia-bleach\/","og_locale":"fr_FR","og_type":"article","og_title":"Zirconia Orodent Bleach 1200 MPa &#8211; Orodent","og_description":"Zircone Bleach : struttu un blanc \u00e9tincelant pour un sourire de cin\u00e9ma! La composition du disque est con\u00e7ue pour \u00eatre extr\u00eamement r\u00e9sistante \u00e0 la flexion et convient \u00e0 tous les travaux, des couronnes simples aux grands bridges dentaires. Convient aux structures enti\u00e8rement anatomiques.","og_url":"https:\/\/orodent.com\/fr\/zirconia-bleach\/","og_site_name":"Orodent","article_publisher":"https:\/\/www.facebook.com\/orodentsrl","article_modified_time":"2025-10-11T11:18:25+00:00","og_image":[{"width":1080,"height":1080,"url":"https:\/\/orodent.com\/wp-content\/uploads\/2025\/10\/Bleach-verticale.webp","type":"image\/png"}],"twitter_card":"summary_large_image","schema":{"@context":"https:\/\/schema.org","@graph":[{"@type":"WebPage","@id":"https:\/\/orodent.com\/fr\/zirconia-bleach\/","url":"https:\/\/orodent.com\/fr\/zirconia-bleach\/","name":"Zirconia Orodent Bleach 1200 MPa &#8211; Orodent","isPartOf":{"@id":"https:\/\/orodent.com\/fr\/#website"},"primaryImageOfPage":{"@id":"https:\/\/orodent.com\/fr\/zirconia-bleach\/#primaryimage"},"image":{"@id":"https:\/\/orodent.com\/fr\/zirconia-bleach\/#primaryimage"},"thumbnailUrl":"https:\/\/orodent.com\/wp-content\/uploads\/2025\/10\/Bleach-verticale.webp","datePublished":"2021-11-10T09:16:43+00:00","dateModified":"2025-10-11T11:18:25+00:00","breadcrumb":{"@id":"https:\/\/orodent.com\/fr\/zirconia-bleach\/#breadcrumb"},"inLanguage":"fr-FR","potentialAction":[{"@type":"ReadAction","target":["https:\/\/orodent.com\/fr\/zirconia-bleach\/"]}]},{"@type":"ImageObject","inLanguage":"fr-FR","@id":"https:\/\/orodent.com\/fr\/zirconia-bleach\/#primaryimage","url":"https:\/\/orodent.com\/wp-content\/uploads\/2025\/10\/Bleach-verticale.webp","contentUrl":"https:\/\/orodent.com\/wp-content\/uploads\/2025\/10\/Bleach-verticale.webp","width":1080,"height":1080,"caption":"Zirconia Orodent Bleach"},{"@type":"BreadcrumbList","@id":"https:\/\/orodent.com\/fr\/zirconia-bleach\/#breadcrumb","itemListElement":[{"@type":"ListItem","position":1,"name":"Orodent","item":"https:\/\/orodent.com\/fr\/"},{"@type":"ListItem","position":2,"name":"Shop","item":"https:\/\/orodent.com\/fr\/shop\/"},{"@type":"ListItem","position":3,"name":"Zirconia Orodent Bleach 1200 MPa"}]},{"@type":"WebSite","@id":"https:\/\/orodent.com\/fr\/#website","url":"https:\/\/orodent.com\/fr\/","name":"Orodent","description":"Produzione di Dischi in Zirconia e Colori da Infiltrazione","publisher":{"@id":"https:\/\/orodent.com\/fr\/#organization"},"potentialAction":[{"@type":"SearchAction","target":{"@type":"EntryPoint","urlTemplate":"https:\/\/orodent.com\/fr\/?s={search_term_string}"},"query-input":{"@type":"PropertyValueSpecification","valueRequired":true,"valueName":"search_term_string"}}],"inLanguage":"fr-FR"},{"@type":"Organization","@id":"https:\/\/orodent.com\/fr\/#organization","name":"Orodent","url":"https:\/\/orodent.com\/fr\/","logo":{"@type":"ImageObject","inLanguage":"fr-FR","@id":"https:\/\/orodent.com\/fr\/#\/schema\/logo\/image\/","url":"https:\/\/orodent.com\/wp-content\/uploads\/2021\/08\/logo-orodent-400.png","contentUrl":"https:\/\/orodent.com\/wp-content\/uploads\/2021\/08\/logo-orodent-400.png","width":550,"height":240,"caption":"Orodent"},"image":{"@id":"https:\/\/orodent.com\/fr\/#\/schema\/logo\/image\/"},"sameAs":["https:\/\/www.facebook.com\/orodentsrl","https:\/\/www.instagram.com\/orodent_zirconia\/","https:\/\/www.linkedin.com\/company\/orodent\/","https:\/\/www.youtube.com\/channel\/UCwDcVjzbpcuxZLt_CR5pgVw"]}]}},"_links":{"self":[{"href":"https:\/\/orodent.com\/fr\/wp-json\/wp\/v2\/product\/5045","targetHints":{"allow":["GET"]}}],"collection":[{"href":"https:\/\/orodent.com\/fr\/wp-json\/wp\/v2\/product"}],"about":[{"href":"https:\/\/orodent.com\/fr\/wp-json\/wp\/v2\/types\/product"}],"replies":[{"embeddable":true,"href":"https:\/\/orodent.com\/fr\/wp-json\/wp\/v2\/comments?post=5045"}],"version-history":[{"count":2,"href":"https:\/\/orodent.com\/fr\/wp-json\/wp\/v2\/product\/5045\/revisions"}],"predecessor-version":[{"id":20205,"href":"https:\/\/orodent.com\/fr\/wp-json\/wp\/v2\/product\/5045\/revisions\/20205"}],"wp:featuredmedia":[{"embeddable":true,"href":"https:\/\/orodent.com\/fr\/wp-json\/wp\/v2\/media\/20084"}],"wp:attachment":[{"href":"https:\/\/orodent.com\/fr\/wp-json\/wp\/v2\/media?parent=5045"}],"wp:term":[{"taxonomy":"product_brand","embeddable":true,"href":"https:\/\/orodent.com\/fr\/wp-json\/wp\/v2\/product_brand?post=5045"},{"taxonomy":"product_cat","embeddable":true,"href":"https:\/\/orodent.com\/fr\/wp-json\/wp\/v2\/product_cat?post=5045"},{"taxonomy":"product_tag","embeddable":true,"href":"https:\/\/orodent.com\/fr\/wp-json\/wp\/v2\/product_tag?post=5045"}],"curies":[{"name":"wp","href":"https:\/\/api.w.org\/{rel}","templated":true}]}}