{"id":5036,"date":"2021-11-10T11:17:13","date_gmt":"2021-11-10T09:17:13","guid":{"rendered":"https:\/\/orodent.com\/orodent-gold-1200mpa\/"},"modified":"2025-10-11T13:19:37","modified_gmt":"2025-10-11T11:19:37","slug":"zirconia-gold","status":"publish","type":"product","link":"https:\/\/orodent.com\/fr\/zirconia-gold\/","title":{"rendered":"Zirconia Orodent Gold 1200 MPa"},"content":{"rendered":"\t\t<div data-elementor-type=\"product-post\" data-elementor-id=\"5036\" class=\"elementor elementor-5036 elementor-368\" data-elementor-post-type=\"product\">\n\t\t\t\t<div class=\"elementor-element elementor-element-199bc15c e-flex e-con-boxed e-con e-parent\" data-id=\"199bc15c\" data-element_type=\"container\" data-e-type=\"container\">\n\t\t\t\t\t<div class=\"e-con-inner\">\n\t\t<div class=\"elementor-element elementor-element-2789cba0 e-flex e-con-boxed e-con e-child\" data-id=\"2789cba0\" data-element_type=\"container\" data-e-type=\"container\">\n\t\t\t\t\t<div class=\"e-con-inner\">\n\t\t\t\t<div class=\"elementor-element elementor-element-457ed1ae elementor-widget elementor-widget-heading\" data-id=\"457ed1ae\" data-element_type=\"widget\" data-e-type=\"widget\" data-widget_type=\"heading.default\">\n\t\t\t\t<div class=\"elementor-widget-container\">\n\t\t\t\t\t<h2 class=\"elementor-heading-title elementor-size-default\">Description compl\u00e8te<\/h2>\t\t\t\t<\/div>\n\t\t\t\t<\/div>\n\t\t\t\t<div class=\"elementor-element elementor-element-46b61fef elementor-widget elementor-widget-text-editor\" data-id=\"46b61fef\" data-element_type=\"widget\" data-e-type=\"widget\" data-widget_type=\"text-editor.default\">\n\t\t\t\t<div class=\"elementor-widget-container\">\n\t\t\t\t\t\t\t\t\t<p><strong>ZIRCONE avec une BASE NATURELLE<\/strong> similaire \u00e0 A1 et une r\u00e9sistance \u00e9lev\u00e9e \u00e0 la flexion 1200 MPa, pour couronnes et ponts anatomiques jusqu&rsquo;\u00e0 12 unit\u00e9s. C&rsquo;est id\u00e9al car l&rsquo;effet blanc n&rsquo;appara\u00eetra jamais lors des retouches.<\/p><ul><li><strong>Diametre<\/strong>: \u00d8: 98 mm<\/li><li><strong>Hauteurs disponibles:<\/strong>10-12-14-16-18-20-22-25 mm<\/li><li><strong>Utilisation:<\/strong> c\u2019est id\u00e9al pour obtenir des r\u00e9sultats extr\u00eamement naturels<\/li><li><strong>\u00c9l\u00e9ments manquants:<\/strong> max 2<\/li><li><strong>Couleur du disque:<\/strong> naturel, \u2248 a1<\/li><li><strong>Conseils de coloration:<\/strong> technique de trempage pendant 20 secondes ou *technique au pinceau avec colorodent gold et colorodent supercolori<\/li><li><strong>Vieillissement<\/strong>:0% gr\u00e2ce aux poudres TOSOH de nouvelle g\u00e9n\u00e9ration.<\/li><\/ul>\t\t\t\t\t\t\t\t<\/div>\n\t\t\t\t<\/div>\n\t\t\t\t\t<\/div>\n\t\t\t\t<\/div>\n\t\t\t\t\t<\/div>\n\t\t\t\t<\/div>\n\t\t\t\t<\/div>\n\t\t","protected":false},"excerpt":{"rendered":"<p>Zirconia Gold est l&rsquo;effet dor\u00e9 d&rsquo;un sourire naturel, cette zircone \u00e9vite l&rsquo;effet peu naturel du blanc lors des retouches de la proth\u00e8se.<\/p>\n<p>La composition du mat\u00e9riau est con\u00e7ue pour avoir une r\u00e9sistance \u00e0 la flexion extr\u00eamement \u00e9lev\u00e9e et en m\u00eame temps une excellente translucidit\u00e9.<\/p>\n","protected":false},"featured_media":20074,"comment_status":"open","ping_status":"closed","template":"","meta":[],"product_brand":[],"product_cat":[224],"product_tag":[],"class_list":{"0":"post-5036","1":"product","2":"type-product","3":"status-publish","4":"has-post-thumbnail","6":"product_cat-disques-en-zircone","7":"pa_liquidi-coloranti-gold-fr","8":"pa_resistenza-alla-flessione-1200-mpa-fr","9":"pa_sinterizzazione-1530-c-fr","10":"pa_spessore-10-mm-fr","11":"pa_spessore-12-mm-fr","12":"pa_spessore-14-mm-fr","13":"pa_spessore-16-mm-fr","14":"pa_spessore-18-mm-fr","15":"pa_spessore-20-mm-fr","16":"pa_spessore-22-mm-fr","17":"pa_spessore-25-mm-fr","18":"pa_tipi-di-lavoro-couronnes","19":"pa_tipi-di-lavoro-bridges-reduits","20":"pa_tipi-di-lavoro-bridges-de-longue-portee-jusqua-12-unites-toronto-bridge","21":"pa_tipologia-monocouche","22":"pa_traslucenza-45-fr","24":"first","25":"instock","26":"taxable","27":"shipping-taxable","28":"purchasable","29":"product-type-variable"},"acf":[],"yoast_head":"<!-- This site is optimized with the Yoast SEO plugin v27.0 - https:\/\/yoast.com\/product\/yoast-seo-wordpress\/ -->\n<title>Zirconia Orodent Gold 1200 MPa &#8211; Orodent<\/title>\n<meta name=\"robots\" content=\"index, follow, max-snippet:-1, max-image-preview:large, max-video-preview:-1\" \/>\n<link rel=\"canonical\" href=\"https:\/\/orodent.com\/fr\/zirconia-gold\/\" \/>\n<meta property=\"og:locale\" content=\"fr_FR\" \/>\n<meta property=\"og:type\" content=\"article\" \/>\n<meta property=\"og:title\" content=\"Zirconia Orodent Gold 1200 MPa &#8211; Orodent\" \/>\n<meta property=\"og:description\" content=\"Zirconia Gold est l&#039;effet dor\u00e9 d&#039;un sourire naturel, cette zircone \u00e9vite l&#039;effet peu naturel du blanc lors des retouches de la proth\u00e8se. La composition du mat\u00e9riau est con\u00e7ue pour avoir une r\u00e9sistance \u00e0 la flexion extr\u00eamement \u00e9lev\u00e9e et en m\u00eame temps une excellente translucidit\u00e9.\" \/>\n<meta property=\"og:url\" content=\"https:\/\/orodent.com\/fr\/zirconia-gold\/\" \/>\n<meta property=\"og:site_name\" content=\"Orodent\" \/>\n<meta property=\"article:publisher\" content=\"https:\/\/www.facebook.com\/orodentsrl\" \/>\n<meta property=\"article:modified_time\" content=\"2025-10-11T11:19:37+00:00\" \/>\n<meta property=\"og:image\" content=\"https:\/\/orodent.com\/wp-content\/uploads\/2025\/10\/Gold-verticale.webp\" \/>\n\t<meta property=\"og:image:width\" content=\"1080\" \/>\n\t<meta property=\"og:image:height\" content=\"1080\" \/>\n\t<meta property=\"og:image:type\" content=\"image\/png\" \/>\n<meta name=\"twitter:card\" content=\"summary_large_image\" \/>\n<script type=\"application\/ld+json\" class=\"yoast-schema-graph\">{\"@context\":\"https:\/\/schema.org\",\"@graph\":[{\"@type\":\"WebPage\",\"@id\":\"https:\/\/orodent.com\/fr\/zirconia-gold\/\",\"url\":\"https:\/\/orodent.com\/fr\/zirconia-gold\/\",\"name\":\"Zirconia Orodent Gold 1200 MPa &#8211; Orodent\",\"isPartOf\":{\"@id\":\"https:\/\/orodent.com\/fr\/#website\"},\"primaryImageOfPage\":{\"@id\":\"https:\/\/orodent.com\/fr\/zirconia-gold\/#primaryimage\"},\"image\":{\"@id\":\"https:\/\/orodent.com\/fr\/zirconia-gold\/#primaryimage\"},\"thumbnailUrl\":\"https:\/\/orodent.com\/wp-content\/uploads\/2025\/10\/Gold-verticale.webp\",\"datePublished\":\"2021-11-10T09:17:13+00:00\",\"dateModified\":\"2025-10-11T11:19:37+00:00\",\"breadcrumb\":{\"@id\":\"https:\/\/orodent.com\/fr\/zirconia-gold\/#breadcrumb\"},\"inLanguage\":\"fr-FR\",\"potentialAction\":[{\"@type\":\"ReadAction\",\"target\":[\"https:\/\/orodent.com\/fr\/zirconia-gold\/\"]}]},{\"@type\":\"ImageObject\",\"inLanguage\":\"fr-FR\",\"@id\":\"https:\/\/orodent.com\/fr\/zirconia-gold\/#primaryimage\",\"url\":\"https:\/\/orodent.com\/wp-content\/uploads\/2025\/10\/Gold-verticale.webp\",\"contentUrl\":\"https:\/\/orodent.com\/wp-content\/uploads\/2025\/10\/Gold-verticale.webp\",\"width\":1080,\"height\":1080,\"caption\":\"Zirconia Orodent Gold\"},{\"@type\":\"BreadcrumbList\",\"@id\":\"https:\/\/orodent.com\/fr\/zirconia-gold\/#breadcrumb\",\"itemListElement\":[{\"@type\":\"ListItem\",\"position\":1,\"name\":\"Orodent\",\"item\":\"https:\/\/orodent.com\/fr\/\"},{\"@type\":\"ListItem\",\"position\":2,\"name\":\"Shop\",\"item\":\"https:\/\/orodent.com\/fr\/shop\/\"},{\"@type\":\"ListItem\",\"position\":3,\"name\":\"Zirconia Orodent Gold 1200 MPa\"}]},{\"@type\":\"WebSite\",\"@id\":\"https:\/\/orodent.com\/fr\/#website\",\"url\":\"https:\/\/orodent.com\/fr\/\",\"name\":\"Orodent\",\"description\":\"Produzione di Dischi in Zirconia e Colori da Infiltrazione\",\"publisher\":{\"@id\":\"https:\/\/orodent.com\/fr\/#organization\"},\"potentialAction\":[{\"@type\":\"SearchAction\",\"target\":{\"@type\":\"EntryPoint\",\"urlTemplate\":\"https:\/\/orodent.com\/fr\/?s={search_term_string}\"},\"query-input\":{\"@type\":\"PropertyValueSpecification\",\"valueRequired\":true,\"valueName\":\"search_term_string\"}}],\"inLanguage\":\"fr-FR\"},{\"@type\":\"Organization\",\"@id\":\"https:\/\/orodent.com\/fr\/#organization\",\"name\":\"Orodent\",\"url\":\"https:\/\/orodent.com\/fr\/\",\"logo\":{\"@type\":\"ImageObject\",\"inLanguage\":\"fr-FR\",\"@id\":\"https:\/\/orodent.com\/fr\/#\/schema\/logo\/image\/\",\"url\":\"https:\/\/orodent.com\/wp-content\/uploads\/2021\/08\/logo-orodent-400.png\",\"contentUrl\":\"https:\/\/orodent.com\/wp-content\/uploads\/2021\/08\/logo-orodent-400.png\",\"width\":550,\"height\":240,\"caption\":\"Orodent\"},\"image\":{\"@id\":\"https:\/\/orodent.com\/fr\/#\/schema\/logo\/image\/\"},\"sameAs\":[\"https:\/\/www.facebook.com\/orodentsrl\",\"https:\/\/www.instagram.com\/orodent_zirconia\/\",\"https:\/\/www.linkedin.com\/company\/orodent\/\",\"https:\/\/www.youtube.com\/channel\/UCwDcVjzbpcuxZLt_CR5pgVw\"]}]}<\/script>\n<!-- \/ Yoast SEO plugin. -->","yoast_head_json":{"title":"Zirconia Orodent Gold 1200 MPa &#8211; Orodent","robots":{"index":"index","follow":"follow","max-snippet":"max-snippet:-1","max-image-preview":"max-image-preview:large","max-video-preview":"max-video-preview:-1"},"canonical":"https:\/\/orodent.com\/fr\/zirconia-gold\/","og_locale":"fr_FR","og_type":"article","og_title":"Zirconia Orodent Gold 1200 MPa &#8211; Orodent","og_description":"Zirconia Gold est l'effet dor\u00e9 d'un sourire naturel, cette zircone \u00e9vite l'effet peu naturel du blanc lors des retouches de la proth\u00e8se. La composition du mat\u00e9riau est con\u00e7ue pour avoir une r\u00e9sistance \u00e0 la flexion extr\u00eamement \u00e9lev\u00e9e et en m\u00eame temps une excellente translucidit\u00e9.","og_url":"https:\/\/orodent.com\/fr\/zirconia-gold\/","og_site_name":"Orodent","article_publisher":"https:\/\/www.facebook.com\/orodentsrl","article_modified_time":"2025-10-11T11:19:37+00:00","og_image":[{"width":1080,"height":1080,"url":"https:\/\/orodent.com\/wp-content\/uploads\/2025\/10\/Gold-verticale.webp","type":"image\/png"}],"twitter_card":"summary_large_image","schema":{"@context":"https:\/\/schema.org","@graph":[{"@type":"WebPage","@id":"https:\/\/orodent.com\/fr\/zirconia-gold\/","url":"https:\/\/orodent.com\/fr\/zirconia-gold\/","name":"Zirconia Orodent Gold 1200 MPa &#8211; Orodent","isPartOf":{"@id":"https:\/\/orodent.com\/fr\/#website"},"primaryImageOfPage":{"@id":"https:\/\/orodent.com\/fr\/zirconia-gold\/#primaryimage"},"image":{"@id":"https:\/\/orodent.com\/fr\/zirconia-gold\/#primaryimage"},"thumbnailUrl":"https:\/\/orodent.com\/wp-content\/uploads\/2025\/10\/Gold-verticale.webp","datePublished":"2021-11-10T09:17:13+00:00","dateModified":"2025-10-11T11:19:37+00:00","breadcrumb":{"@id":"https:\/\/orodent.com\/fr\/zirconia-gold\/#breadcrumb"},"inLanguage":"fr-FR","potentialAction":[{"@type":"ReadAction","target":["https:\/\/orodent.com\/fr\/zirconia-gold\/"]}]},{"@type":"ImageObject","inLanguage":"fr-FR","@id":"https:\/\/orodent.com\/fr\/zirconia-gold\/#primaryimage","url":"https:\/\/orodent.com\/wp-content\/uploads\/2025\/10\/Gold-verticale.webp","contentUrl":"https:\/\/orodent.com\/wp-content\/uploads\/2025\/10\/Gold-verticale.webp","width":1080,"height":1080,"caption":"Zirconia Orodent Gold"},{"@type":"BreadcrumbList","@id":"https:\/\/orodent.com\/fr\/zirconia-gold\/#breadcrumb","itemListElement":[{"@type":"ListItem","position":1,"name":"Orodent","item":"https:\/\/orodent.com\/fr\/"},{"@type":"ListItem","position":2,"name":"Shop","item":"https:\/\/orodent.com\/fr\/shop\/"},{"@type":"ListItem","position":3,"name":"Zirconia Orodent Gold 1200 MPa"}]},{"@type":"WebSite","@id":"https:\/\/orodent.com\/fr\/#website","url":"https:\/\/orodent.com\/fr\/","name":"Orodent","description":"Produzione di Dischi in Zirconia e Colori da Infiltrazione","publisher":{"@id":"https:\/\/orodent.com\/fr\/#organization"},"potentialAction":[{"@type":"SearchAction","target":{"@type":"EntryPoint","urlTemplate":"https:\/\/orodent.com\/fr\/?s={search_term_string}"},"query-input":{"@type":"PropertyValueSpecification","valueRequired":true,"valueName":"search_term_string"}}],"inLanguage":"fr-FR"},{"@type":"Organization","@id":"https:\/\/orodent.com\/fr\/#organization","name":"Orodent","url":"https:\/\/orodent.com\/fr\/","logo":{"@type":"ImageObject","inLanguage":"fr-FR","@id":"https:\/\/orodent.com\/fr\/#\/schema\/logo\/image\/","url":"https:\/\/orodent.com\/wp-content\/uploads\/2021\/08\/logo-orodent-400.png","contentUrl":"https:\/\/orodent.com\/wp-content\/uploads\/2021\/08\/logo-orodent-400.png","width":550,"height":240,"caption":"Orodent"},"image":{"@id":"https:\/\/orodent.com\/fr\/#\/schema\/logo\/image\/"},"sameAs":["https:\/\/www.facebook.com\/orodentsrl","https:\/\/www.instagram.com\/orodent_zirconia\/","https:\/\/www.linkedin.com\/company\/orodent\/","https:\/\/www.youtube.com\/channel\/UCwDcVjzbpcuxZLt_CR5pgVw"]}]}},"_links":{"self":[{"href":"https:\/\/orodent.com\/fr\/wp-json\/wp\/v2\/product\/5036","targetHints":{"allow":["GET"]}}],"collection":[{"href":"https:\/\/orodent.com\/fr\/wp-json\/wp\/v2\/product"}],"about":[{"href":"https:\/\/orodent.com\/fr\/wp-json\/wp\/v2\/types\/product"}],"replies":[{"embeddable":true,"href":"https:\/\/orodent.com\/fr\/wp-json\/wp\/v2\/comments?post=5036"}],"version-history":[{"count":3,"href":"https:\/\/orodent.com\/fr\/wp-json\/wp\/v2\/product\/5036\/revisions"}],"predecessor-version":[{"id":20210,"href":"https:\/\/orodent.com\/fr\/wp-json\/wp\/v2\/product\/5036\/revisions\/20210"}],"wp:featuredmedia":[{"embeddable":true,"href":"https:\/\/orodent.com\/fr\/wp-json\/wp\/v2\/media\/20074"}],"wp:attachment":[{"href":"https:\/\/orodent.com\/fr\/wp-json\/wp\/v2\/media?parent=5036"}],"wp:term":[{"taxonomy":"product_brand","embeddable":true,"href":"https:\/\/orodent.com\/fr\/wp-json\/wp\/v2\/product_brand?post=5036"},{"taxonomy":"product_cat","embeddable":true,"href":"https:\/\/orodent.com\/fr\/wp-json\/wp\/v2\/product_cat?post=5036"},{"taxonomy":"product_tag","embeddable":true,"href":"https:\/\/orodent.com\/fr\/wp-json\/wp\/v2\/product_tag?post=5036"}],"curies":[{"name":"wp","href":"https:\/\/api.w.org\/{rel}","templated":true}]}}