{"id":4979,"date":"2021-11-10T11:18:52","date_gmt":"2021-11-10T09:18:52","guid":{"rendered":"https:\/\/orodent.com\/orodent-preshaded-1200mpa\/"},"modified":"2025-10-11T13:20:28","modified_gmt":"2025-10-11T11:20:28","slug":"zirconia-preshaded","status":"publish","type":"product","link":"https:\/\/orodent.com\/fr\/zirconia-preshaded\/","title":{"rendered":"Zirconia Orodent Preshaded 1200 MPa"},"content":{"rendered":"\t\t<div data-elementor-type=\"product-post\" data-elementor-id=\"4979\" class=\"elementor elementor-4979 elementor-88\" data-elementor-post-type=\"product\">\n\t\t\t\t<div class=\"elementor-element elementor-element-415269bf e-flex e-con-boxed e-con e-parent\" data-id=\"415269bf\" data-element_type=\"container\" data-e-type=\"container\">\n\t\t\t\t\t<div class=\"e-con-inner\">\n\t\t<div class=\"elementor-element elementor-element-60586d8c e-flex e-con-boxed e-con e-child\" data-id=\"60586d8c\" data-element_type=\"container\" data-e-type=\"container\">\n\t\t\t\t\t<div class=\"e-con-inner\">\n\t\t\t\t<div class=\"elementor-element elementor-element-61f6d64d elementor-widget elementor-widget-heading\" data-id=\"61f6d64d\" data-element_type=\"widget\" data-e-type=\"widget\" data-widget_type=\"heading.default\">\n\t\t\t\t<div class=\"elementor-widget-container\">\n\t\t\t\t\t<h2 class=\"elementor-heading-title elementor-size-default\">Description compl\u00e8te<\/h2>\t\t\t\t<\/div>\n\t\t\t\t<\/div>\n\t\t\t\t<div class=\"elementor-element elementor-element-742b2c19 elementor-widget elementor-widget-text-editor\" data-id=\"742b2c19\" data-element_type=\"widget\" data-e-type=\"widget\" data-widget_type=\"text-editor.default\">\n\t\t\t\t<div class=\"elementor-widget-container\">\n\t\t\t\t\t\t\t\t\t<p><strong>Zircone Pr\u00e9color\u00e9e<\/strong> \u00e0 haute translucidit\u00e9 et \u00e0 haute r\u00e9sistance \u00e0 la flexion pour chaperons et ponts jusqu&rsquo;\u00e0 12 unit\u00e9s.<\/p><p>C\u2019est produit en 7 couleurs classiques unicolores: A1 A2 A3 A3.5 B2 C2 D2<\/p><ul><li><strong>Diametre<\/strong>: \u00d8: 98 mm<\/li><li><strong>hauteurs disponibles <\/strong>: dal 10 mm al 25 mm.<\/li><li><strong>Utilisation<\/strong>: Utiliser avec une temp\u00e9rature de frittage de 1430\u00b0C pour un effet opaque et 1530\u00b0 pour un effet \u00e0 haute translucidit\u00e9.<\/li><li><strong>\u00c9l\u00e9ments manquants:<\/strong> max 2<\/li><li><strong>Couleur du disque:<\/strong> A1 A2 A3 A3.5 B2 C2 D2<\/li><li><strong>Conseils de coloration:<\/strong> Caract\u00e9riser avec COLORODENT BASIC et COLORODENT SUPERCOLORI avec la technique au pinceau.<\/li><\/ul>\t\t\t\t\t\t\t\t<\/div>\n\t\t\t\t<\/div>\n\t\t\t\t\t<\/div>\n\t\t\t\t<\/div>\n\t\t\t\t\t<\/div>\n\t\t\t\t<\/div>\n\t\t\t\t<\/div>\n\t\t","protected":false},"excerpt":{"rendered":"<p>Une zircone riche en nuances! Preshaded est la zircone en sept teintes monochromes, classiques et polyvalentes. Elle pr\u00e9sente une bonne translucidit\u00e9 et une grande r\u00e9sistance \u00e0 la flexion.<\/p>\n<p>Cette zircone a une coloration de base qui la rend apte \u00e0 la r\u00e9alisation de couronnes et de bridges jusqu&rsquo;\u00e0 12 unit\u00e9s.<\/p>\n","protected":false},"featured_media":20054,"comment_status":"open","ping_status":"closed","template":"","meta":[],"product_brand":[],"product_cat":[224],"product_tag":[],"class_list":{"0":"post-4979","1":"product","2":"type-product","3":"status-publish","4":"has-post-thumbnail","6":"product_cat-disques-en-zircone","7":"pa_colore-a1-fr","8":"pa_colore-a2-fr","9":"pa_colore-a3-fr","10":"pa_colore-a35-fr","11":"pa_colore-b2-fr","12":"pa_colore-c2-fr","13":"pa_colore-d2-fr","14":"pa_liquidi-coloranti-gold-fr","15":"pa_resistenza-alla-flessione-1200-mpa-fr","16":"pa_sinterizzazione-1430-c-fr","17":"pa_sinterizzazione-1530-c-fr","18":"pa_spessore-10-mm-fr","19":"pa_spessore-12-mm-fr","20":"pa_spessore-14-mm-fr","21":"pa_spessore-16-mm-fr","22":"pa_spessore-18-mm-fr","23":"pa_spessore-20-mm-fr","24":"pa_spessore-22-mm-fr","25":"pa_spessore-25-mm-fr","26":"pa_tipi-di-lavoro-couronnes","27":"pa_tipi-di-lavoro-bridges-reduits","28":"pa_tipi-di-lavoro-bridges-de-longue-portee-jusqua-12-unites-toronto-bridge","29":"pa_tipologia-monocouche","30":"pa_traslucenza-43-fr","32":"first","33":"instock","34":"taxable","35":"shipping-taxable","36":"purchasable","37":"product-type-variable"},"acf":[],"yoast_head":"<!-- This site is optimized with the Yoast SEO plugin v27.0 - https:\/\/yoast.com\/product\/yoast-seo-wordpress\/ -->\n<title>Zirconia Orodent Preshaded 1200 MPa &#8211; Orodent<\/title>\n<meta name=\"robots\" content=\"index, follow, max-snippet:-1, max-image-preview:large, max-video-preview:-1\" \/>\n<link rel=\"canonical\" href=\"https:\/\/orodent.com\/fr\/zirconia-preshaded\/\" \/>\n<meta property=\"og:locale\" content=\"fr_FR\" \/>\n<meta property=\"og:type\" content=\"article\" \/>\n<meta property=\"og:title\" content=\"Zirconia Orodent Preshaded 1200 MPa &#8211; Orodent\" \/>\n<meta property=\"og:description\" content=\"Une zircone riche en nuances! Preshaded est la zircone en sept teintes monochromes, classiques et polyvalentes. Elle pr\u00e9sente une bonne translucidit\u00e9 et une grande r\u00e9sistance \u00e0 la flexion. Cette zircone a une coloration de base qui la rend apte \u00e0 la r\u00e9alisation de couronnes et de bridges jusqu&#039;\u00e0 12 unit\u00e9s.\" \/>\n<meta property=\"og:url\" content=\"https:\/\/orodent.com\/fr\/zirconia-preshaded\/\" \/>\n<meta property=\"og:site_name\" content=\"Orodent\" \/>\n<meta property=\"article:publisher\" content=\"https:\/\/www.facebook.com\/orodentsrl\" \/>\n<meta property=\"article:modified_time\" content=\"2025-10-11T11:20:28+00:00\" \/>\n<meta property=\"og:image\" content=\"https:\/\/orodent.com\/wp-content\/uploads\/2025\/10\/Preshaded-verticale.webp\" \/>\n\t<meta property=\"og:image:width\" content=\"1080\" \/>\n\t<meta property=\"og:image:height\" content=\"1080\" \/>\n\t<meta property=\"og:image:type\" content=\"image\/png\" \/>\n<meta name=\"twitter:card\" content=\"summary_large_image\" \/>\n<script type=\"application\/ld+json\" class=\"yoast-schema-graph\">{\"@context\":\"https:\/\/schema.org\",\"@graph\":[{\"@type\":\"WebPage\",\"@id\":\"https:\/\/orodent.com\/fr\/zirconia-preshaded\/\",\"url\":\"https:\/\/orodent.com\/fr\/zirconia-preshaded\/\",\"name\":\"Zirconia Orodent Preshaded 1200 MPa &#8211; Orodent\",\"isPartOf\":{\"@id\":\"https:\/\/orodent.com\/fr\/#website\"},\"primaryImageOfPage\":{\"@id\":\"https:\/\/orodent.com\/fr\/zirconia-preshaded\/#primaryimage\"},\"image\":{\"@id\":\"https:\/\/orodent.com\/fr\/zirconia-preshaded\/#primaryimage\"},\"thumbnailUrl\":\"https:\/\/orodent.com\/wp-content\/uploads\/2025\/10\/Preshaded-verticale.webp\",\"datePublished\":\"2021-11-10T09:18:52+00:00\",\"dateModified\":\"2025-10-11T11:20:28+00:00\",\"breadcrumb\":{\"@id\":\"https:\/\/orodent.com\/fr\/zirconia-preshaded\/#breadcrumb\"},\"inLanguage\":\"fr-FR\",\"potentialAction\":[{\"@type\":\"ReadAction\",\"target\":[\"https:\/\/orodent.com\/fr\/zirconia-preshaded\/\"]}]},{\"@type\":\"ImageObject\",\"inLanguage\":\"fr-FR\",\"@id\":\"https:\/\/orodent.com\/fr\/zirconia-preshaded\/#primaryimage\",\"url\":\"https:\/\/orodent.com\/wp-content\/uploads\/2025\/10\/Preshaded-verticale.webp\",\"contentUrl\":\"https:\/\/orodent.com\/wp-content\/uploads\/2025\/10\/Preshaded-verticale.webp\",\"width\":1080,\"height\":1080,\"caption\":\"Zirconia Orodent Preshaded\"},{\"@type\":\"BreadcrumbList\",\"@id\":\"https:\/\/orodent.com\/fr\/zirconia-preshaded\/#breadcrumb\",\"itemListElement\":[{\"@type\":\"ListItem\",\"position\":1,\"name\":\"Orodent\",\"item\":\"https:\/\/orodent.com\/fr\/\"},{\"@type\":\"ListItem\",\"position\":2,\"name\":\"Shop\",\"item\":\"https:\/\/orodent.com\/fr\/shop\/\"},{\"@type\":\"ListItem\",\"position\":3,\"name\":\"Zirconia Orodent Preshaded 1200 MPa\"}]},{\"@type\":\"WebSite\",\"@id\":\"https:\/\/orodent.com\/fr\/#website\",\"url\":\"https:\/\/orodent.com\/fr\/\",\"name\":\"Orodent\",\"description\":\"Produzione di Dischi in Zirconia e Colori da Infiltrazione\",\"publisher\":{\"@id\":\"https:\/\/orodent.com\/fr\/#organization\"},\"potentialAction\":[{\"@type\":\"SearchAction\",\"target\":{\"@type\":\"EntryPoint\",\"urlTemplate\":\"https:\/\/orodent.com\/fr\/?s={search_term_string}\"},\"query-input\":{\"@type\":\"PropertyValueSpecification\",\"valueRequired\":true,\"valueName\":\"search_term_string\"}}],\"inLanguage\":\"fr-FR\"},{\"@type\":\"Organization\",\"@id\":\"https:\/\/orodent.com\/fr\/#organization\",\"name\":\"Orodent\",\"url\":\"https:\/\/orodent.com\/fr\/\",\"logo\":{\"@type\":\"ImageObject\",\"inLanguage\":\"fr-FR\",\"@id\":\"https:\/\/orodent.com\/fr\/#\/schema\/logo\/image\/\",\"url\":\"https:\/\/orodent.com\/wp-content\/uploads\/2021\/08\/logo-orodent-400.png\",\"contentUrl\":\"https:\/\/orodent.com\/wp-content\/uploads\/2021\/08\/logo-orodent-400.png\",\"width\":550,\"height\":240,\"caption\":\"Orodent\"},\"image\":{\"@id\":\"https:\/\/orodent.com\/fr\/#\/schema\/logo\/image\/\"},\"sameAs\":[\"https:\/\/www.facebook.com\/orodentsrl\",\"https:\/\/www.instagram.com\/orodent_zirconia\/\",\"https:\/\/www.linkedin.com\/company\/orodent\/\",\"https:\/\/www.youtube.com\/channel\/UCwDcVjzbpcuxZLt_CR5pgVw\"]}]}<\/script>\n<!-- \/ Yoast SEO plugin. -->","yoast_head_json":{"title":"Zirconia Orodent Preshaded 1200 MPa &#8211; Orodent","robots":{"index":"index","follow":"follow","max-snippet":"max-snippet:-1","max-image-preview":"max-image-preview:large","max-video-preview":"max-video-preview:-1"},"canonical":"https:\/\/orodent.com\/fr\/zirconia-preshaded\/","og_locale":"fr_FR","og_type":"article","og_title":"Zirconia Orodent Preshaded 1200 MPa &#8211; Orodent","og_description":"Une zircone riche en nuances! Preshaded est la zircone en sept teintes monochromes, classiques et polyvalentes. Elle pr\u00e9sente une bonne translucidit\u00e9 et une grande r\u00e9sistance \u00e0 la flexion. Cette zircone a une coloration de base qui la rend apte \u00e0 la r\u00e9alisation de couronnes et de bridges jusqu'\u00e0 12 unit\u00e9s.","og_url":"https:\/\/orodent.com\/fr\/zirconia-preshaded\/","og_site_name":"Orodent","article_publisher":"https:\/\/www.facebook.com\/orodentsrl","article_modified_time":"2025-10-11T11:20:28+00:00","og_image":[{"width":1080,"height":1080,"url":"https:\/\/orodent.com\/wp-content\/uploads\/2025\/10\/Preshaded-verticale.webp","type":"image\/png"}],"twitter_card":"summary_large_image","schema":{"@context":"https:\/\/schema.org","@graph":[{"@type":"WebPage","@id":"https:\/\/orodent.com\/fr\/zirconia-preshaded\/","url":"https:\/\/orodent.com\/fr\/zirconia-preshaded\/","name":"Zirconia Orodent Preshaded 1200 MPa &#8211; Orodent","isPartOf":{"@id":"https:\/\/orodent.com\/fr\/#website"},"primaryImageOfPage":{"@id":"https:\/\/orodent.com\/fr\/zirconia-preshaded\/#primaryimage"},"image":{"@id":"https:\/\/orodent.com\/fr\/zirconia-preshaded\/#primaryimage"},"thumbnailUrl":"https:\/\/orodent.com\/wp-content\/uploads\/2025\/10\/Preshaded-verticale.webp","datePublished":"2021-11-10T09:18:52+00:00","dateModified":"2025-10-11T11:20:28+00:00","breadcrumb":{"@id":"https:\/\/orodent.com\/fr\/zirconia-preshaded\/#breadcrumb"},"inLanguage":"fr-FR","potentialAction":[{"@type":"ReadAction","target":["https:\/\/orodent.com\/fr\/zirconia-preshaded\/"]}]},{"@type":"ImageObject","inLanguage":"fr-FR","@id":"https:\/\/orodent.com\/fr\/zirconia-preshaded\/#primaryimage","url":"https:\/\/orodent.com\/wp-content\/uploads\/2025\/10\/Preshaded-verticale.webp","contentUrl":"https:\/\/orodent.com\/wp-content\/uploads\/2025\/10\/Preshaded-verticale.webp","width":1080,"height":1080,"caption":"Zirconia Orodent Preshaded"},{"@type":"BreadcrumbList","@id":"https:\/\/orodent.com\/fr\/zirconia-preshaded\/#breadcrumb","itemListElement":[{"@type":"ListItem","position":1,"name":"Orodent","item":"https:\/\/orodent.com\/fr\/"},{"@type":"ListItem","position":2,"name":"Shop","item":"https:\/\/orodent.com\/fr\/shop\/"},{"@type":"ListItem","position":3,"name":"Zirconia Orodent Preshaded 1200 MPa"}]},{"@type":"WebSite","@id":"https:\/\/orodent.com\/fr\/#website","url":"https:\/\/orodent.com\/fr\/","name":"Orodent","description":"Produzione di Dischi in Zirconia e Colori da Infiltrazione","publisher":{"@id":"https:\/\/orodent.com\/fr\/#organization"},"potentialAction":[{"@type":"SearchAction","target":{"@type":"EntryPoint","urlTemplate":"https:\/\/orodent.com\/fr\/?s={search_term_string}"},"query-input":{"@type":"PropertyValueSpecification","valueRequired":true,"valueName":"search_term_string"}}],"inLanguage":"fr-FR"},{"@type":"Organization","@id":"https:\/\/orodent.com\/fr\/#organization","name":"Orodent","url":"https:\/\/orodent.com\/fr\/","logo":{"@type":"ImageObject","inLanguage":"fr-FR","@id":"https:\/\/orodent.com\/fr\/#\/schema\/logo\/image\/","url":"https:\/\/orodent.com\/wp-content\/uploads\/2021\/08\/logo-orodent-400.png","contentUrl":"https:\/\/orodent.com\/wp-content\/uploads\/2021\/08\/logo-orodent-400.png","width":550,"height":240,"caption":"Orodent"},"image":{"@id":"https:\/\/orodent.com\/fr\/#\/schema\/logo\/image\/"},"sameAs":["https:\/\/www.facebook.com\/orodentsrl","https:\/\/www.instagram.com\/orodent_zirconia\/","https:\/\/www.linkedin.com\/company\/orodent\/","https:\/\/www.youtube.com\/channel\/UCwDcVjzbpcuxZLt_CR5pgVw"]}]}},"_links":{"self":[{"href":"https:\/\/orodent.com\/fr\/wp-json\/wp\/v2\/product\/4979","targetHints":{"allow":["GET"]}}],"collection":[{"href":"https:\/\/orodent.com\/fr\/wp-json\/wp\/v2\/product"}],"about":[{"href":"https:\/\/orodent.com\/fr\/wp-json\/wp\/v2\/types\/product"}],"replies":[{"embeddable":true,"href":"https:\/\/orodent.com\/fr\/wp-json\/wp\/v2\/comments?post=4979"}],"version-history":[{"count":2,"href":"https:\/\/orodent.com\/fr\/wp-json\/wp\/v2\/product\/4979\/revisions"}],"predecessor-version":[{"id":20214,"href":"https:\/\/orodent.com\/fr\/wp-json\/wp\/v2\/product\/4979\/revisions\/20214"}],"wp:featuredmedia":[{"embeddable":true,"href":"https:\/\/orodent.com\/fr\/wp-json\/wp\/v2\/media\/20054"}],"wp:attachment":[{"href":"https:\/\/orodent.com\/fr\/wp-json\/wp\/v2\/media?parent=4979"}],"wp:term":[{"taxonomy":"product_brand","embeddable":true,"href":"https:\/\/orodent.com\/fr\/wp-json\/wp\/v2\/product_brand?post=4979"},{"taxonomy":"product_cat","embeddable":true,"href":"https:\/\/orodent.com\/fr\/wp-json\/wp\/v2\/product_cat?post=4979"},{"taxonomy":"product_tag","embeddable":true,"href":"https:\/\/orodent.com\/fr\/wp-json\/wp\/v2\/product_tag?post=4979"}],"curies":[{"name":"wp","href":"https:\/\/api.w.org\/{rel}","templated":true}]}}