{"id":9206,"date":"2023-01-05T10:37:53","date_gmt":"2023-01-05T08:37:53","guid":{"rendered":"https:\/\/orodent.com\/methodes-et-frais-dexpedition\/"},"modified":"2023-07-19T13:45:00","modified_gmt":"2023-07-19T11:45:00","slug":"methodes-et-frais-dexpedition","status":"publish","type":"page","link":"https:\/\/orodent.com\/fr\/methodes-et-frais-dexpedition\/","title":{"rendered":"M\u00e9thodes et frais d&rsquo;exp\u00e9dition :"},"content":{"rendered":"\t\t<div data-elementor-type=\"wp-page\" data-elementor-id=\"9206\" class=\"elementor elementor-9206 elementor-8308\" data-elementor-post-type=\"page\">\n\t\t\t\t\t\t<section class=\"elementor-section elementor-top-section elementor-element elementor-element-1b807f4 elementor-section-content-middle elementor-section-height-min-height elementor-section-boxed elementor-section-height-default elementor-section-items-middle\" data-id=\"1b807f4\" data-element_type=\"section\" data-e-type=\"section\" data-settings=\"{&quot;background_background&quot;:&quot;classic&quot;}\">\n\t\t\t\t\t\t<div class=\"elementor-container elementor-column-gap-default\">\n\t\t\t\t\t<div class=\"elementor-column elementor-col-100 elementor-top-column elementor-element elementor-element-c9d7156\" data-id=\"c9d7156\" data-element_type=\"column\" data-e-type=\"column\">\n\t\t\t<div class=\"elementor-widget-wrap elementor-element-populated\">\n\t\t\t\t\t\t\t<\/div>\n\t\t<\/div>\n\t\t\t\t\t<\/div>\n\t\t<\/section>\n\t\t\t\t<section class=\"elementor-section elementor-top-section elementor-element elementor-element-ebc2e49 elementor-section-boxed elementor-section-height-default elementor-section-height-default\" data-id=\"ebc2e49\" data-element_type=\"section\" data-e-type=\"section\">\n\t\t\t\t\t\t<div class=\"elementor-container elementor-column-gap-default\">\n\t\t\t\t\t<div class=\"elementor-column elementor-col-100 elementor-top-column elementor-element elementor-element-fa043e4\" data-id=\"fa043e4\" data-element_type=\"column\" data-e-type=\"column\">\n\t\t\t<div class=\"elementor-widget-wrap elementor-element-populated\">\n\t\t\t\t\t\t<div class=\"elementor-element elementor-element-8347e58 elementor-widget elementor-widget-text-editor\" data-id=\"8347e58\" data-element_type=\"widget\" data-e-type=\"widget\" data-widget_type=\"text-editor.default\">\n\t\t\t\t<div class=\"elementor-widget-container\">\n\t\t\t\t\t\t\t\t\t<p>Orodent Srl garantit une livraison dans un d\u00e9lai de 1\/2 jours ouvrables pour les livraisons nationales.<br>Les frais d&rsquo;exp\u00e9dition sont GRATUITS.<br>Les livraisons sont effectu\u00e9es pendant les heures de bureau du lundi au vendredi. Le service de livraison effectuera deux tentatives de livraison.<br>Si le coursier livre un colis endommag\u00e9, mouill\u00e9 ou ouvert, veuillez l&rsquo;accepter uniquement sous r\u00e9serve, en pr\u00e9cisant sur le bordereau d&rsquo;exp\u00e9dition avant de signer la raison de cette r\u00e9serve (par exemple, colis ouvert, colis mouill\u00e9&#8230;).<\/p>\n<h2>Modalit\u00e9s de retour et co\u00fbts :<\/h2>\n<p>Vous pouvez d\u00e9cider de retourner tout produit achet\u00e9 dans les 15 jours suivant la r\u00e9ception du produit.<br>Remarque : avant d&rsquo;effectuer un retour, assurez-vous que les produits sont dans le m\u00eame \u00e9tat que celui dans lequel vous les avez re\u00e7us, avec toutes les \u00e9tiquettes internes et les autocollants attach\u00e9s, non tach\u00e9s, endommag\u00e9s ou utilis\u00e9s.<br>Le co\u00fbt du service de collecte du colis retourn\u00e9 en Italie est de 8\u20ac, qui sera d\u00e9duit directement du montant des marchandises retourn\u00e9es.<\/p>\n<h3>1 R\u00c9SERVEZ VOTRE RETOUR<\/h3>\n<p>Contactez notre service client\u00e8le \u00e0 l&rsquo;adresse <a href=\"mailto:sales@orodent.com\">sales@orodent.com<\/a> ou par t\u00e9l\u00e9phone au 0456450635, et faites-nous part de vos intentions de retour, nous nous chargerons de r\u00e9server l&rsquo;enl\u00e8vement par courrier express GLS au jour et \u00e0 l&rsquo;adresse de votre choix.<\/p>\n<h3>2 PR\u00c9PAREZ LE PAQUET<\/h3>\n<p>Placez les articles dans la m\u00eame bo\u00eete que celle dans laquelle vous les avez re\u00e7us.<\/p>\n<h3>3 REMETTEZ LE COLIS AU COURSIER<\/h3>\n<p>Le coursier viendra collecter votre colis \u00e0 l&rsquo;adresse et \u00e0 la date que vous avez indiqu\u00e9es dans la proc\u00e9dure de retour en ligne.<\/p>\n<h3>4 OBTENEZ VOTRE REMBOURSEMENT<\/h3>\n<p>Apr\u00e8s r\u00e9ception et v\u00e9rification de votre retour, nous proc\u00e9derons au remboursement des articles retourn\u00e9s et le montant correspondant vous sera cr\u00e9dit\u00e9 de la m\u00eame mani\u00e8re que vous avez effectu\u00e9 l&rsquo;achat.<\/p>\n<p>Si votre retour ne remplit pas les conditions indiqu\u00e9es, le colis vous sera renvoy\u00e9 \u00e0 vos frais et le remboursement ne sera pas effectu\u00e9.<\/p>\t\t\t\t\t\t\t\t<\/div>\n\t\t\t\t<\/div>\n\t\t\t\t\t<\/div>\n\t\t<\/div>\n\t\t\t\t\t<\/div>\n\t\t<\/section>\n\t\t\t\t<\/div>\n\t\t","protected":false},"excerpt":{"rendered":"<p>Orodent Srl garantit une livraison dans un d\u00e9lai de 1\/2 jours ouvrables pour les livraisons nationales.Les frais d&rsquo;exp\u00e9dition sont GRATUITS.Les livraisons sont effectu\u00e9es pendant les heures de bureau du lundi au vendredi. Le service de livraison effectuera deux tentatives de livraison.Si le coursier livre un colis endommag\u00e9, mouill\u00e9 ou ouvert, veuillez l&rsquo;accepter uniquement sous r\u00e9serve, [&hellip;]<\/p>\n","protected":false},"author":2,"featured_media":0,"parent":0,"menu_order":0,"comment_status":"closed","ping_status":"closed","template":"","meta":{"footnotes":""},"class_list":["post-9206","page","type-page","status-publish","hentry"],"acf":[],"yoast_head":"<!-- This site is optimized with the Yoast SEO plugin v27.0 - https:\/\/yoast.com\/product\/yoast-seo-wordpress\/ -->\n<title>M\u00e9thodes et frais d&#039;exp\u00e9dition : &#8211; Orodent<\/title>\n<meta name=\"robots\" content=\"index, follow, max-snippet:-1, max-image-preview:large, max-video-preview:-1\" \/>\n<link rel=\"canonical\" href=\"https:\/\/orodent.com\/fr\/methodes-et-frais-dexpedition\/\" \/>\n<meta property=\"og:locale\" content=\"fr_FR\" \/>\n<meta property=\"og:type\" content=\"article\" \/>\n<meta property=\"og:title\" content=\"M\u00e9thodes et frais d&#039;exp\u00e9dition : &#8211; Orodent\" \/>\n<meta property=\"og:description\" content=\"Orodent Srl garantit une livraison dans un d\u00e9lai de 1\/2 jours ouvrables pour les livraisons nationales.Les frais d&rsquo;exp\u00e9dition sont GRATUITS.Les livraisons sont effectu\u00e9es pendant les heures de bureau du lundi au vendredi. Le service de livraison effectuera deux tentatives de livraison.Si le coursier livre un colis endommag\u00e9, mouill\u00e9 ou ouvert, veuillez l&rsquo;accepter uniquement sous r\u00e9serve, [&hellip;]\" \/>\n<meta property=\"og:url\" content=\"https:\/\/orodent.com\/fr\/methodes-et-frais-dexpedition\/\" \/>\n<meta property=\"og:site_name\" content=\"Orodent\" \/>\n<meta property=\"article:publisher\" content=\"https:\/\/www.facebook.com\/orodentsrl\" \/>\n<meta property=\"article:modified_time\" content=\"2023-07-19T11:45:00+00:00\" \/>\n<meta name=\"twitter:card\" content=\"summary_large_image\" \/>\n<meta name=\"twitter:label1\" content=\"Dur\u00e9e de lecture estim\u00e9e\" \/>\n\t<meta name=\"twitter:data1\" content=\"2 minutes\" \/>\n<script type=\"application\/ld+json\" class=\"yoast-schema-graph\">{\"@context\":\"https:\/\/schema.org\",\"@graph\":[{\"@type\":\"WebPage\",\"@id\":\"https:\/\/orodent.com\/fr\/methodes-et-frais-dexpedition\/\",\"url\":\"https:\/\/orodent.com\/fr\/methodes-et-frais-dexpedition\/\",\"name\":\"M\u00e9thodes et frais d'exp\u00e9dition : &#8211; Orodent\",\"isPartOf\":{\"@id\":\"https:\/\/orodent.com\/fr\/#website\"},\"datePublished\":\"2023-01-05T08:37:53+00:00\",\"dateModified\":\"2023-07-19T11:45:00+00:00\",\"breadcrumb\":{\"@id\":\"https:\/\/orodent.com\/fr\/methodes-et-frais-dexpedition\/#breadcrumb\"},\"inLanguage\":\"fr-FR\",\"potentialAction\":[{\"@type\":\"ReadAction\",\"target\":[\"https:\/\/orodent.com\/fr\/methodes-et-frais-dexpedition\/\"]}]},{\"@type\":\"BreadcrumbList\",\"@id\":\"https:\/\/orodent.com\/fr\/methodes-et-frais-dexpedition\/#breadcrumb\",\"itemListElement\":[{\"@type\":\"ListItem\",\"position\":1,\"name\":\"Orodent\",\"item\":\"https:\/\/orodent.com\/fr\/\"},{\"@type\":\"ListItem\",\"position\":2,\"name\":\"M\u00e9thodes et frais d&rsquo;exp\u00e9dition :\"}]},{\"@type\":\"WebSite\",\"@id\":\"https:\/\/orodent.com\/fr\/#website\",\"url\":\"https:\/\/orodent.com\/fr\/\",\"name\":\"Orodent\",\"description\":\"Produzione di Dischi in Zirconia e Colori da Infiltrazione\",\"publisher\":{\"@id\":\"https:\/\/orodent.com\/fr\/#organization\"},\"potentialAction\":[{\"@type\":\"SearchAction\",\"target\":{\"@type\":\"EntryPoint\",\"urlTemplate\":\"https:\/\/orodent.com\/fr\/?s={search_term_string}\"},\"query-input\":{\"@type\":\"PropertyValueSpecification\",\"valueRequired\":true,\"valueName\":\"search_term_string\"}}],\"inLanguage\":\"fr-FR\"},{\"@type\":\"Organization\",\"@id\":\"https:\/\/orodent.com\/fr\/#organization\",\"name\":\"Orodent\",\"url\":\"https:\/\/orodent.com\/fr\/\",\"logo\":{\"@type\":\"ImageObject\",\"inLanguage\":\"fr-FR\",\"@id\":\"https:\/\/orodent.com\/fr\/#\/schema\/logo\/image\/\",\"url\":\"https:\/\/orodent.com\/wp-content\/uploads\/2021\/08\/logo-orodent-400.png\",\"contentUrl\":\"https:\/\/orodent.com\/wp-content\/uploads\/2021\/08\/logo-orodent-400.png\",\"width\":550,\"height\":240,\"caption\":\"Orodent\"},\"image\":{\"@id\":\"https:\/\/orodent.com\/fr\/#\/schema\/logo\/image\/\"},\"sameAs\":[\"https:\/\/www.facebook.com\/orodentsrl\",\"https:\/\/www.instagram.com\/orodent_zirconia\/\",\"https:\/\/www.linkedin.com\/company\/orodent\/\",\"https:\/\/www.youtube.com\/channel\/UCwDcVjzbpcuxZLt_CR5pgVw\"]}]}<\/script>\n<!-- \/ Yoast SEO plugin. -->","yoast_head_json":{"title":"M\u00e9thodes et frais d'exp\u00e9dition : &#8211; Orodent","robots":{"index":"index","follow":"follow","max-snippet":"max-snippet:-1","max-image-preview":"max-image-preview:large","max-video-preview":"max-video-preview:-1"},"canonical":"https:\/\/orodent.com\/fr\/methodes-et-frais-dexpedition\/","og_locale":"fr_FR","og_type":"article","og_title":"M\u00e9thodes et frais d'exp\u00e9dition : &#8211; Orodent","og_description":"Orodent Srl garantit une livraison dans un d\u00e9lai de 1\/2 jours ouvrables pour les livraisons nationales.Les frais d&rsquo;exp\u00e9dition sont GRATUITS.Les livraisons sont effectu\u00e9es pendant les heures de bureau du lundi au vendredi. Le service de livraison effectuera deux tentatives de livraison.Si le coursier livre un colis endommag\u00e9, mouill\u00e9 ou ouvert, veuillez l&rsquo;accepter uniquement sous r\u00e9serve, [&hellip;]","og_url":"https:\/\/orodent.com\/fr\/methodes-et-frais-dexpedition\/","og_site_name":"Orodent","article_publisher":"https:\/\/www.facebook.com\/orodentsrl","article_modified_time":"2023-07-19T11:45:00+00:00","twitter_card":"summary_large_image","twitter_misc":{"Dur\u00e9e de lecture estim\u00e9e":"2 minutes"},"schema":{"@context":"https:\/\/schema.org","@graph":[{"@type":"WebPage","@id":"https:\/\/orodent.com\/fr\/methodes-et-frais-dexpedition\/","url":"https:\/\/orodent.com\/fr\/methodes-et-frais-dexpedition\/","name":"M\u00e9thodes et frais d'exp\u00e9dition : &#8211; Orodent","isPartOf":{"@id":"https:\/\/orodent.com\/fr\/#website"},"datePublished":"2023-01-05T08:37:53+00:00","dateModified":"2023-07-19T11:45:00+00:00","breadcrumb":{"@id":"https:\/\/orodent.com\/fr\/methodes-et-frais-dexpedition\/#breadcrumb"},"inLanguage":"fr-FR","potentialAction":[{"@type":"ReadAction","target":["https:\/\/orodent.com\/fr\/methodes-et-frais-dexpedition\/"]}]},{"@type":"BreadcrumbList","@id":"https:\/\/orodent.com\/fr\/methodes-et-frais-dexpedition\/#breadcrumb","itemListElement":[{"@type":"ListItem","position":1,"name":"Orodent","item":"https:\/\/orodent.com\/fr\/"},{"@type":"ListItem","position":2,"name":"M\u00e9thodes et frais d&rsquo;exp\u00e9dition :"}]},{"@type":"WebSite","@id":"https:\/\/orodent.com\/fr\/#website","url":"https:\/\/orodent.com\/fr\/","name":"Orodent","description":"Produzione di Dischi in Zirconia e Colori da Infiltrazione","publisher":{"@id":"https:\/\/orodent.com\/fr\/#organization"},"potentialAction":[{"@type":"SearchAction","target":{"@type":"EntryPoint","urlTemplate":"https:\/\/orodent.com\/fr\/?s={search_term_string}"},"query-input":{"@type":"PropertyValueSpecification","valueRequired":true,"valueName":"search_term_string"}}],"inLanguage":"fr-FR"},{"@type":"Organization","@id":"https:\/\/orodent.com\/fr\/#organization","name":"Orodent","url":"https:\/\/orodent.com\/fr\/","logo":{"@type":"ImageObject","inLanguage":"fr-FR","@id":"https:\/\/orodent.com\/fr\/#\/schema\/logo\/image\/","url":"https:\/\/orodent.com\/wp-content\/uploads\/2021\/08\/logo-orodent-400.png","contentUrl":"https:\/\/orodent.com\/wp-content\/uploads\/2021\/08\/logo-orodent-400.png","width":550,"height":240,"caption":"Orodent"},"image":{"@id":"https:\/\/orodent.com\/fr\/#\/schema\/logo\/image\/"},"sameAs":["https:\/\/www.facebook.com\/orodentsrl","https:\/\/www.instagram.com\/orodent_zirconia\/","https:\/\/www.linkedin.com\/company\/orodent\/","https:\/\/www.youtube.com\/channel\/UCwDcVjzbpcuxZLt_CR5pgVw"]}]}},"_links":{"self":[{"href":"https:\/\/orodent.com\/fr\/wp-json\/wp\/v2\/pages\/9206","targetHints":{"allow":["GET"]}}],"collection":[{"href":"https:\/\/orodent.com\/fr\/wp-json\/wp\/v2\/pages"}],"about":[{"href":"https:\/\/orodent.com\/fr\/wp-json\/wp\/v2\/types\/page"}],"author":[{"embeddable":true,"href":"https:\/\/orodent.com\/fr\/wp-json\/wp\/v2\/users\/2"}],"replies":[{"embeddable":true,"href":"https:\/\/orodent.com\/fr\/wp-json\/wp\/v2\/comments?post=9206"}],"version-history":[{"count":2,"href":"https:\/\/orodent.com\/fr\/wp-json\/wp\/v2\/pages\/9206\/revisions"}],"predecessor-version":[{"id":17043,"href":"https:\/\/orodent.com\/fr\/wp-json\/wp\/v2\/pages\/9206\/revisions\/17043"}],"wp:attachment":[{"href":"https:\/\/orodent.com\/fr\/wp-json\/wp\/v2\/media?parent=9206"}],"curies":[{"name":"wp","href":"https:\/\/api.w.org\/{rel}","templated":true}]}}