{"id":7433,"date":"2021-08-12T09:17:46","date_gmt":"2021-08-12T07:17:46","guid":{"rendered":"https:\/\/orodent.com\/orodent-white-matt-1400-mpa\/"},"modified":"2025-10-11T13:16:37","modified_gmt":"2025-10-11T11:16:37","slug":"zirconia-white-matt","status":"publish","type":"product","link":"https:\/\/orodent.com\/de\/zirconia-white-matt\/","title":{"rendered":"Zirconia Orodent White Matt 1400 MPa"},"content":{"rendered":"\t\t<div data-elementor-type=\"product-post\" data-elementor-id=\"7433\" class=\"elementor elementor-7433 elementor-168\" data-elementor-post-type=\"product\">\n\t\t\t\t<div class=\"elementor-element elementor-element-1233f61d e-flex e-con-boxed e-con e-parent\" data-id=\"1233f61d\" data-element_type=\"container\" data-e-type=\"container\">\n\t\t\t\t\t<div class=\"e-con-inner\">\n\t\t<div class=\"elementor-element elementor-element-24e237bd e-flex e-con-boxed e-con e-child\" data-id=\"24e237bd\" data-element_type=\"container\" data-e-type=\"container\">\n\t\t\t\t\t<div class=\"e-con-inner\">\n\t\t\t\t<div class=\"elementor-element elementor-element-655b11f0 elementor-widget elementor-widget-heading\" data-id=\"655b11f0\" data-element_type=\"widget\" data-e-type=\"widget\" data-widget_type=\"heading.default\">\n\t\t\t\t<div class=\"elementor-widget-container\">\n\t\t\t\t\t<h2 class=\"elementor-heading-title elementor-size-default\">Gesamte Beschreibung<\/h2>\t\t\t\t<\/div>\n\t\t\t\t<\/div>\n\t\t\t\t<div class=\"elementor-element elementor-element-11344273 elementor-widget elementor-widget-text-editor\" data-id=\"11344273\" data-element_type=\"widget\" data-e-type=\"widget\" data-widget_type=\"text-editor.default\">\n\t\t\t\t<div class=\"elementor-widget-container\">\n\t\t\t\t\t\t\t\t\t<p><strong>WHITE MATT ZIRCONIA<\/strong> mit einer Biegefestigkeit von 1400 MPa ist ideal f\u00fcr kleine K\u00e4ppchen und Br\u00fccken bis zu 14 Gliedern.<\/p>\n<ul>\n<li><strong>Durchmesser<\/strong>: \u00d8: 98 mm<\/li>\n<li><strong>Erh\u00e4ltlich in den H\u00f6hen:<\/strong> 10 mm bis 25 mm.<\/li>\n<li><strong>Angaben:<\/strong> perfekt f\u00fcr keramische Verblendungen, da es den Stumpf abstumpft<\/li>\n<li><strong>Fehlende Elemente:<\/strong> max. 2<\/li>\n<li><strong>Farbe der Scheibe:<\/strong> Wei\u00df (matt)<\/li>\n<li><strong>Empfehlungen zum Einf\u00e4rben:<\/strong> Eintauchtechnik f\u00fcr 15 Sekunden mit COLORODENT BASIC<\/li>\n<\/ul>\n\t\t\t\t\t\t\t\t<\/div>\n\t\t\t\t<\/div>\n\t\t\t\t\t<\/div>\n\t\t\t\t<\/div>\n\t\t\t\t\t<\/div>\n\t\t\t\t<\/div>\n\t\t\t\t<\/div>\n\t\t","protected":false},"excerpt":{"rendered":"<p>Zirconia White Matt f\u00fcr ein Wei\u00df mit dem matten Effekt eines nat\u00fcrlichen L\u00e4chelns. Die matte Oberfl\u00e4che umrei\u00dft eine keramische Beschichtung, die auch den Pfeilerpfosten mattiert, mit einem nat\u00fcrlichen und homogenen Effekt. Dank ihrer hohen Biegefestigkeit eignet sich die Zirkon sowohl f\u00fcr reduzierte Kappen als auch f\u00fcr erweiterte Br\u00fccken mit bis zu 14 Gliedern.<\/p>\n","protected":false},"featured_media":13556,"comment_status":"open","ping_status":"closed","template":"","meta":[],"product_brand":[],"product_cat":[395],"product_tag":[],"class_list":{"0":"post-7433","1":"product","2":"type-product","3":"status-publish","4":"has-post-thumbnail","6":"product_cat-zirkon-disks","7":"pa_liquidi-coloranti-basic-de","8":"pa_resistenza-alla-flessione-1400-mpa-de","9":"pa_sinterizzazione-1450-c-de","10":"pa_spessore-10-mm-de","11":"pa_spessore-12-mm-de","12":"pa_spessore-14-mm-de","13":"pa_spessore-16-mm-de","14":"pa_spessore-18-mm-de","15":"pa_spessore-20-mm-de","16":"pa_spessore-22-mm-de","17":"pa_spessore-25-mm-de","18":"pa_tipi-di-lavoro-einzelkronen-de","19":"pa_tipi-di-lavoro-reduzierte-bruecken","20":"pa_tipi-di-lavoro-weitspannige-bruecken-bis-12-glieder","21":"pa_tipologia-einschichtig","22":"pa_traslucenza-35-de","24":"first","25":"instock","26":"taxable","27":"shipping-taxable","28":"purchasable","29":"product-type-variable"},"acf":[],"yoast_head":"<!-- This site is optimized with the Yoast SEO plugin v27.0 - https:\/\/yoast.com\/product\/yoast-seo-wordpress\/ -->\n<title>Zirconia Orodent White Matt 1400 MPa &#8211; Orodent<\/title>\n<meta name=\"robots\" content=\"index, follow, max-snippet:-1, max-image-preview:large, max-video-preview:-1\" \/>\n<link rel=\"canonical\" href=\"https:\/\/orodent.com\/de\/zirconia-white-matt\/\" \/>\n<meta property=\"og:locale\" content=\"de_DE\" \/>\n<meta property=\"og:type\" content=\"article\" \/>\n<meta property=\"og:title\" content=\"Zirconia Orodent White Matt 1400 MPa &#8211; Orodent\" \/>\n<meta property=\"og:description\" content=\"Zirconia White Matt f\u00fcr ein Wei\u00df mit dem matten Effekt eines nat\u00fcrlichen L\u00e4chelns. Die matte Oberfl\u00e4che umrei\u00dft eine keramische Beschichtung, die auch den Pfeilerpfosten mattiert, mit einem nat\u00fcrlichen und homogenen Effekt. Dank ihrer hohen Biegefestigkeit eignet sich die Zirkon sowohl f\u00fcr reduzierte Kappen als auch f\u00fcr erweiterte Br\u00fccken mit bis zu 14 Gliedern.\" \/>\n<meta property=\"og:url\" content=\"https:\/\/orodent.com\/de\/zirconia-white-matt\/\" \/>\n<meta property=\"og:site_name\" content=\"Orodent\" \/>\n<meta property=\"article:publisher\" content=\"https:\/\/www.facebook.com\/orodentsrl\" \/>\n<meta property=\"article:modified_time\" content=\"2025-10-11T11:16:37+00:00\" \/>\n<meta property=\"og:image\" content=\"https:\/\/orodent.com\/wp-content\/uploads\/2021\/11\/White-Matt-verticale.webp\" \/>\n\t<meta property=\"og:image:width\" content=\"1080\" \/>\n\t<meta property=\"og:image:height\" content=\"1080\" \/>\n\t<meta property=\"og:image:type\" content=\"image\/webp\" \/>\n<meta name=\"twitter:card\" content=\"summary_large_image\" \/>\n<meta name=\"twitter:label1\" content=\"Gesch\u00e4tzte Lesezeit\" \/>\n\t<meta name=\"twitter:data1\" content=\"1\u00a0Minute\" \/>\n<script type=\"application\/ld+json\" class=\"yoast-schema-graph\">{\"@context\":\"https:\/\/schema.org\",\"@graph\":[{\"@type\":\"WebPage\",\"@id\":\"https:\/\/orodent.com\/de\/zirconia-white-matt\/\",\"url\":\"https:\/\/orodent.com\/de\/zirconia-white-matt\/\",\"name\":\"Zirconia Orodent White Matt 1400 MPa &#8211; Orodent\",\"isPartOf\":{\"@id\":\"https:\/\/orodent.com\/de\/#website\"},\"primaryImageOfPage\":{\"@id\":\"https:\/\/orodent.com\/de\/zirconia-white-matt\/#primaryimage\"},\"image\":{\"@id\":\"https:\/\/orodent.com\/de\/zirconia-white-matt\/#primaryimage\"},\"thumbnailUrl\":\"https:\/\/orodent.com\/wp-content\/uploads\/2021\/11\/White-Matt-verticale.webp\",\"datePublished\":\"2021-08-12T07:17:46+00:00\",\"dateModified\":\"2025-10-11T11:16:37+00:00\",\"breadcrumb\":{\"@id\":\"https:\/\/orodent.com\/de\/zirconia-white-matt\/#breadcrumb\"},\"inLanguage\":\"de\",\"potentialAction\":[{\"@type\":\"ReadAction\",\"target\":[\"https:\/\/orodent.com\/de\/zirconia-white-matt\/\"]}]},{\"@type\":\"ImageObject\",\"inLanguage\":\"de\",\"@id\":\"https:\/\/orodent.com\/de\/zirconia-white-matt\/#primaryimage\",\"url\":\"https:\/\/orodent.com\/wp-content\/uploads\/2021\/11\/White-Matt-verticale.webp\",\"contentUrl\":\"https:\/\/orodent.com\/wp-content\/uploads\/2021\/11\/White-Matt-verticale.webp\",\"width\":1080,\"height\":1080},{\"@type\":\"BreadcrumbList\",\"@id\":\"https:\/\/orodent.com\/de\/zirconia-white-matt\/#breadcrumb\",\"itemListElement\":[{\"@type\":\"ListItem\",\"position\":1,\"name\":\"Orodent\",\"item\":\"https:\/\/orodent.com\/de\/\"},{\"@type\":\"ListItem\",\"position\":2,\"name\":\"Shop\",\"item\":\"https:\/\/orodent.com\/de\/shop\/\"},{\"@type\":\"ListItem\",\"position\":3,\"name\":\"Zirconia Orodent White Matt 1400 MPa\"}]},{\"@type\":\"WebSite\",\"@id\":\"https:\/\/orodent.com\/de\/#website\",\"url\":\"https:\/\/orodent.com\/de\/\",\"name\":\"Orodent\",\"description\":\"Produzione di Dischi in Zirconia e Colori da Infiltrazione\",\"publisher\":{\"@id\":\"https:\/\/orodent.com\/de\/#organization\"},\"potentialAction\":[{\"@type\":\"SearchAction\",\"target\":{\"@type\":\"EntryPoint\",\"urlTemplate\":\"https:\/\/orodent.com\/de\/?s={search_term_string}\"},\"query-input\":{\"@type\":\"PropertyValueSpecification\",\"valueRequired\":true,\"valueName\":\"search_term_string\"}}],\"inLanguage\":\"de\"},{\"@type\":\"Organization\",\"@id\":\"https:\/\/orodent.com\/de\/#organization\",\"name\":\"Orodent\",\"url\":\"https:\/\/orodent.com\/de\/\",\"logo\":{\"@type\":\"ImageObject\",\"inLanguage\":\"de\",\"@id\":\"https:\/\/orodent.com\/de\/#\/schema\/logo\/image\/\",\"url\":\"https:\/\/orodent.com\/wp-content\/uploads\/2021\/08\/logo-orodent-400.png\",\"contentUrl\":\"https:\/\/orodent.com\/wp-content\/uploads\/2021\/08\/logo-orodent-400.png\",\"width\":550,\"height\":240,\"caption\":\"Orodent\"},\"image\":{\"@id\":\"https:\/\/orodent.com\/de\/#\/schema\/logo\/image\/\"},\"sameAs\":[\"https:\/\/www.facebook.com\/orodentsrl\",\"https:\/\/www.instagram.com\/orodent_zirconia\/\",\"https:\/\/www.linkedin.com\/company\/orodent\/\",\"https:\/\/www.youtube.com\/channel\/UCwDcVjzbpcuxZLt_CR5pgVw\"]}]}<\/script>\n<!-- \/ Yoast SEO plugin. -->","yoast_head_json":{"title":"Zirconia Orodent White Matt 1400 MPa &#8211; Orodent","robots":{"index":"index","follow":"follow","max-snippet":"max-snippet:-1","max-image-preview":"max-image-preview:large","max-video-preview":"max-video-preview:-1"},"canonical":"https:\/\/orodent.com\/de\/zirconia-white-matt\/","og_locale":"de_DE","og_type":"article","og_title":"Zirconia Orodent White Matt 1400 MPa &#8211; Orodent","og_description":"Zirconia White Matt f\u00fcr ein Wei\u00df mit dem matten Effekt eines nat\u00fcrlichen L\u00e4chelns. Die matte Oberfl\u00e4che umrei\u00dft eine keramische Beschichtung, die auch den Pfeilerpfosten mattiert, mit einem nat\u00fcrlichen und homogenen Effekt. Dank ihrer hohen Biegefestigkeit eignet sich die Zirkon sowohl f\u00fcr reduzierte Kappen als auch f\u00fcr erweiterte Br\u00fccken mit bis zu 14 Gliedern.","og_url":"https:\/\/orodent.com\/de\/zirconia-white-matt\/","og_site_name":"Orodent","article_publisher":"https:\/\/www.facebook.com\/orodentsrl","article_modified_time":"2025-10-11T11:16:37+00:00","og_image":[{"width":1080,"height":1080,"url":"https:\/\/orodent.com\/wp-content\/uploads\/2021\/11\/White-Matt-verticale.webp","type":"image\/webp"}],"twitter_card":"summary_large_image","twitter_misc":{"Gesch\u00e4tzte Lesezeit":"1\u00a0Minute"},"schema":{"@context":"https:\/\/schema.org","@graph":[{"@type":"WebPage","@id":"https:\/\/orodent.com\/de\/zirconia-white-matt\/","url":"https:\/\/orodent.com\/de\/zirconia-white-matt\/","name":"Zirconia Orodent White Matt 1400 MPa &#8211; Orodent","isPartOf":{"@id":"https:\/\/orodent.com\/de\/#website"},"primaryImageOfPage":{"@id":"https:\/\/orodent.com\/de\/zirconia-white-matt\/#primaryimage"},"image":{"@id":"https:\/\/orodent.com\/de\/zirconia-white-matt\/#primaryimage"},"thumbnailUrl":"https:\/\/orodent.com\/wp-content\/uploads\/2021\/11\/White-Matt-verticale.webp","datePublished":"2021-08-12T07:17:46+00:00","dateModified":"2025-10-11T11:16:37+00:00","breadcrumb":{"@id":"https:\/\/orodent.com\/de\/zirconia-white-matt\/#breadcrumb"},"inLanguage":"de","potentialAction":[{"@type":"ReadAction","target":["https:\/\/orodent.com\/de\/zirconia-white-matt\/"]}]},{"@type":"ImageObject","inLanguage":"de","@id":"https:\/\/orodent.com\/de\/zirconia-white-matt\/#primaryimage","url":"https:\/\/orodent.com\/wp-content\/uploads\/2021\/11\/White-Matt-verticale.webp","contentUrl":"https:\/\/orodent.com\/wp-content\/uploads\/2021\/11\/White-Matt-verticale.webp","width":1080,"height":1080},{"@type":"BreadcrumbList","@id":"https:\/\/orodent.com\/de\/zirconia-white-matt\/#breadcrumb","itemListElement":[{"@type":"ListItem","position":1,"name":"Orodent","item":"https:\/\/orodent.com\/de\/"},{"@type":"ListItem","position":2,"name":"Shop","item":"https:\/\/orodent.com\/de\/shop\/"},{"@type":"ListItem","position":3,"name":"Zirconia Orodent White Matt 1400 MPa"}]},{"@type":"WebSite","@id":"https:\/\/orodent.com\/de\/#website","url":"https:\/\/orodent.com\/de\/","name":"Orodent","description":"Produzione di Dischi in Zirconia e Colori da Infiltrazione","publisher":{"@id":"https:\/\/orodent.com\/de\/#organization"},"potentialAction":[{"@type":"SearchAction","target":{"@type":"EntryPoint","urlTemplate":"https:\/\/orodent.com\/de\/?s={search_term_string}"},"query-input":{"@type":"PropertyValueSpecification","valueRequired":true,"valueName":"search_term_string"}}],"inLanguage":"de"},{"@type":"Organization","@id":"https:\/\/orodent.com\/de\/#organization","name":"Orodent","url":"https:\/\/orodent.com\/de\/","logo":{"@type":"ImageObject","inLanguage":"de","@id":"https:\/\/orodent.com\/de\/#\/schema\/logo\/image\/","url":"https:\/\/orodent.com\/wp-content\/uploads\/2021\/08\/logo-orodent-400.png","contentUrl":"https:\/\/orodent.com\/wp-content\/uploads\/2021\/08\/logo-orodent-400.png","width":550,"height":240,"caption":"Orodent"},"image":{"@id":"https:\/\/orodent.com\/de\/#\/schema\/logo\/image\/"},"sameAs":["https:\/\/www.facebook.com\/orodentsrl","https:\/\/www.instagram.com\/orodent_zirconia\/","https:\/\/www.linkedin.com\/company\/orodent\/","https:\/\/www.youtube.com\/channel\/UCwDcVjzbpcuxZLt_CR5pgVw"]}]}},"_links":{"self":[{"href":"https:\/\/orodent.com\/de\/wp-json\/wp\/v2\/product\/7433","targetHints":{"allow":["GET"]}}],"collection":[{"href":"https:\/\/orodent.com\/de\/wp-json\/wp\/v2\/product"}],"about":[{"href":"https:\/\/orodent.com\/de\/wp-json\/wp\/v2\/types\/product"}],"replies":[{"embeddable":true,"href":"https:\/\/orodent.com\/de\/wp-json\/wp\/v2\/comments?post=7433"}],"version-history":[{"count":5,"href":"https:\/\/orodent.com\/de\/wp-json\/wp\/v2\/product\/7433\/revisions"}],"predecessor-version":[{"id":20198,"href":"https:\/\/orodent.com\/de\/wp-json\/wp\/v2\/product\/7433\/revisions\/20198"}],"wp:featuredmedia":[{"embeddable":true,"href":"https:\/\/orodent.com\/de\/wp-json\/wp\/v2\/media\/13556"}],"wp:attachment":[{"href":"https:\/\/orodent.com\/de\/wp-json\/wp\/v2\/media?parent=7433"}],"wp:term":[{"taxonomy":"product_brand","embeddable":true,"href":"https:\/\/orodent.com\/de\/wp-json\/wp\/v2\/product_brand?post=7433"},{"taxonomy":"product_cat","embeddable":true,"href":"https:\/\/orodent.com\/de\/wp-json\/wp\/v2\/product_cat?post=7433"},{"taxonomy":"product_tag","embeddable":true,"href":"https:\/\/orodent.com\/de\/wp-json\/wp\/v2\/product_tag?post=7433"}],"curies":[{"name":"wp","href":"https:\/\/api.w.org\/{rel}","templated":true}]}}