{"id":7423,"date":"2021-11-10T11:15:41","date_gmt":"2021-11-10T09:15:41","guid":{"rendered":"https:\/\/orodent.com\/orodent-high-translucent-1200-mpa\/"},"modified":"2025-10-11T13:17:23","modified_gmt":"2025-10-11T11:17:23","slug":"zirconia-high-translucent","status":"publish","type":"product","link":"https:\/\/orodent.com\/de\/zirconia-high-translucent\/","title":{"rendered":"Zirconia Orodent High Translucent 1200 MPa"},"content":{"rendered":"\t\t<div data-elementor-type=\"product-post\" data-elementor-id=\"7423\" class=\"elementor elementor-7423 elementor-264\" data-elementor-post-type=\"product\">\n\t\t\t\t<div class=\"elementor-element elementor-element-4566edbc e-flex e-con-boxed e-con e-parent\" data-id=\"4566edbc\" data-element_type=\"container\" data-e-type=\"container\">\n\t\t\t\t\t<div class=\"e-con-inner\">\n\t\t<div class=\"elementor-element elementor-element-22a9651e e-flex e-con-boxed e-con e-child\" data-id=\"22a9651e\" data-element_type=\"container\" data-e-type=\"container\">\n\t\t\t\t\t<div class=\"e-con-inner\">\n\t\t\t\t<div class=\"elementor-element elementor-element-4a7d8541 elementor-widget elementor-widget-heading\" data-id=\"4a7d8541\" data-element_type=\"widget\" data-e-type=\"widget\" data-widget_type=\"heading.default\">\n\t\t\t\t<div class=\"elementor-widget-container\">\n\t\t\t\t\t<h2 class=\"elementor-heading-title elementor-size-default\">Gesamte Beschreibung<\/h2>\t\t\t\t<\/div>\n\t\t\t\t<\/div>\n\t\t\t\t<div class=\"elementor-element elementor-element-32f32e0f elementor-widget elementor-widget-text-editor\" data-id=\"32f32e0f\" data-element_type=\"widget\" data-e-type=\"widget\" data-widget_type=\"text-editor.default\">\n\t\t\t\t<div class=\"elementor-widget-container\">\n\t\t\t\t\t\t\t\t\t<p><strong>Hochtransluzentes Zirconia<\/strong> mit hoher Biegefestigkeit, geeignet f\u00fcr alle Arbeiten von Einzelkronen bis zu gro\u00dfen Br\u00fccken mit bis zu 12 Gliedern, sowohl anatomisch als auch reduziert f\u00fcr die Verblendung mit Keramik.<\/p>\n<ul>\n<li><strong>Durchmesser<\/strong>: \u00d8: 98 mm<\/li>\n<li><strong>Erh\u00e4ltlich in den H\u00f6hen:<\/strong> 10 mm bis 25 mm.<\/li>\n<li><strong>Angaben:<\/strong> Perfekt f\u00fcr vollanatomische oder reduzierte Strukturen<\/li>\n<li><strong>Fehlende<\/strong> <strong>Elemente<\/strong>: max. 2<\/li>\n<li><strong>Farbe der Scheibe:<\/strong> Wei\u00df<\/li>\n<li><strong>F\u00e4rbeempfehlungen:<\/strong> Tauchtechnik f\u00fcr 15 Sekunden oder Pinseltechnik* mit COLORODENT BASIC und COLORODENT SUPERCOLORI<\/li>\n<\/ul>\n\t\t\t\t\t\t\t\t<\/div>\n\t\t\t\t<\/div>\n\t\t\t\t\t<\/div>\n\t\t\t\t<\/div>\n\t\t\t\t\t<\/div>\n\t\t\t\t<\/div>\n\t\t\t\t<\/div>\n\t\t","protected":false},"excerpt":{"rendered":"<p>Zirconia High Traslucent f\u00fcr ein L\u00e4cheln so strahlend wie kristallklares Wasser! Ein zeitloses Wei\u00df, das dem L\u00e4cheln seine Brillanz zur\u00fcckgibt. Durch die hohe Biegefestigkeit eignet sich das Zirkon-Scheibenmaterial f\u00fcr Einzelkronen, gro\u00dfe Br\u00fccken, anatomische Verbesserungen oder Keramikverblendungen.<\/p>\n","protected":false},"featured_media":20065,"comment_status":"open","ping_status":"closed","template":"","meta":[],"product_brand":[],"product_cat":[395],"product_tag":[],"class_list":{"0":"post-7423","1":"product","2":"type-product","3":"status-publish","4":"has-post-thumbnail","6":"product_cat-zirkon-disks","7":"pa_liquidi-coloranti-basic-de","8":"pa_resistenza-alla-flessione-1200-mpa-de","9":"pa_sinterizzazione-1530-c-de","10":"pa_spessore-10-mm-de","11":"pa_spessore-12-mm-de","12":"pa_spessore-14-mm-de","13":"pa_spessore-16-mm-de","14":"pa_spessore-18-mm-de","15":"pa_spessore-20-mm-de","16":"pa_spessore-22-mm-de","17":"pa_spessore-25-mm-de","18":"pa_tipi-di-lavoro-einzelkronen-de","19":"pa_tipi-di-lavoro-reduzierte-bruecken","20":"pa_tipi-di-lavoro-weitspannige-bruecken-bis-12-glieder","21":"pa_tipologia-einschichtig","22":"pa_traslucenza-43-de","24":"first","25":"instock","26":"taxable","27":"shipping-taxable","28":"purchasable","29":"product-type-variable"},"acf":[],"yoast_head":"<!-- This site is optimized with the Yoast SEO plugin v27.0 - https:\/\/yoast.com\/product\/yoast-seo-wordpress\/ -->\n<title>Zirconia Orodent High Translucent 1200 MPa &#8211; Orodent<\/title>\n<meta name=\"robots\" content=\"index, follow, max-snippet:-1, max-image-preview:large, max-video-preview:-1\" \/>\n<link rel=\"canonical\" href=\"https:\/\/orodent.com\/de\/zirconia-high-translucent\/\" \/>\n<meta property=\"og:locale\" content=\"de_DE\" \/>\n<meta property=\"og:type\" content=\"article\" \/>\n<meta property=\"og:title\" content=\"Zirconia Orodent High Translucent 1200 MPa &#8211; Orodent\" \/>\n<meta property=\"og:description\" content=\"Zirconia High Traslucent f\u00fcr ein L\u00e4cheln so strahlend wie kristallklares Wasser! Ein zeitloses Wei\u00df, das dem L\u00e4cheln seine Brillanz zur\u00fcckgibt. Durch die hohe Biegefestigkeit eignet sich das Zirkon-Scheibenmaterial f\u00fcr Einzelkronen, gro\u00dfe Br\u00fccken, anatomische Verbesserungen oder Keramikverblendungen.\" \/>\n<meta property=\"og:url\" content=\"https:\/\/orodent.com\/de\/zirconia-high-translucent\/\" \/>\n<meta property=\"og:site_name\" content=\"Orodent\" \/>\n<meta property=\"article:publisher\" content=\"https:\/\/www.facebook.com\/orodentsrl\" \/>\n<meta property=\"article:modified_time\" content=\"2025-10-11T11:17:23+00:00\" \/>\n<meta property=\"og:image\" content=\"https:\/\/orodent.com\/wp-content\/uploads\/2025\/10\/High-translucent-verticale.webp\" \/>\n\t<meta property=\"og:image:width\" content=\"1080\" \/>\n\t<meta property=\"og:image:height\" content=\"1080\" \/>\n\t<meta property=\"og:image:type\" content=\"image\/png\" \/>\n<meta name=\"twitter:card\" content=\"summary_large_image\" \/>\n<meta name=\"twitter:label1\" content=\"Gesch\u00e4tzte Lesezeit\" \/>\n\t<meta name=\"twitter:data1\" content=\"1\u00a0Minute\" \/>\n<script type=\"application\/ld+json\" class=\"yoast-schema-graph\">{\"@context\":\"https:\/\/schema.org\",\"@graph\":[{\"@type\":\"WebPage\",\"@id\":\"https:\/\/orodent.com\/de\/zirconia-high-translucent\/\",\"url\":\"https:\/\/orodent.com\/de\/zirconia-high-translucent\/\",\"name\":\"Zirconia Orodent High Translucent 1200 MPa &#8211; Orodent\",\"isPartOf\":{\"@id\":\"https:\/\/orodent.com\/de\/#website\"},\"primaryImageOfPage\":{\"@id\":\"https:\/\/orodent.com\/de\/zirconia-high-translucent\/#primaryimage\"},\"image\":{\"@id\":\"https:\/\/orodent.com\/de\/zirconia-high-translucent\/#primaryimage\"},\"thumbnailUrl\":\"https:\/\/orodent.com\/wp-content\/uploads\/2025\/10\/High-translucent-verticale.webp\",\"datePublished\":\"2021-11-10T09:15:41+00:00\",\"dateModified\":\"2025-10-11T11:17:23+00:00\",\"breadcrumb\":{\"@id\":\"https:\/\/orodent.com\/de\/zirconia-high-translucent\/#breadcrumb\"},\"inLanguage\":\"de\",\"potentialAction\":[{\"@type\":\"ReadAction\",\"target\":[\"https:\/\/orodent.com\/de\/zirconia-high-translucent\/\"]}]},{\"@type\":\"ImageObject\",\"inLanguage\":\"de\",\"@id\":\"https:\/\/orodent.com\/de\/zirconia-high-translucent\/#primaryimage\",\"url\":\"https:\/\/orodent.com\/wp-content\/uploads\/2025\/10\/High-translucent-verticale.webp\",\"contentUrl\":\"https:\/\/orodent.com\/wp-content\/uploads\/2025\/10\/High-translucent-verticale.webp\",\"width\":1080,\"height\":1080,\"caption\":\"Zirconia Orodent High translucent\"},{\"@type\":\"BreadcrumbList\",\"@id\":\"https:\/\/orodent.com\/de\/zirconia-high-translucent\/#breadcrumb\",\"itemListElement\":[{\"@type\":\"ListItem\",\"position\":1,\"name\":\"Orodent\",\"item\":\"https:\/\/orodent.com\/de\/\"},{\"@type\":\"ListItem\",\"position\":2,\"name\":\"Shop\",\"item\":\"https:\/\/orodent.com\/de\/shop\/\"},{\"@type\":\"ListItem\",\"position\":3,\"name\":\"Zirconia Orodent High Translucent 1200 MPa\"}]},{\"@type\":\"WebSite\",\"@id\":\"https:\/\/orodent.com\/de\/#website\",\"url\":\"https:\/\/orodent.com\/de\/\",\"name\":\"Orodent\",\"description\":\"Produzione di Dischi in Zirconia e Colori da Infiltrazione\",\"publisher\":{\"@id\":\"https:\/\/orodent.com\/de\/#organization\"},\"potentialAction\":[{\"@type\":\"SearchAction\",\"target\":{\"@type\":\"EntryPoint\",\"urlTemplate\":\"https:\/\/orodent.com\/de\/?s={search_term_string}\"},\"query-input\":{\"@type\":\"PropertyValueSpecification\",\"valueRequired\":true,\"valueName\":\"search_term_string\"}}],\"inLanguage\":\"de\"},{\"@type\":\"Organization\",\"@id\":\"https:\/\/orodent.com\/de\/#organization\",\"name\":\"Orodent\",\"url\":\"https:\/\/orodent.com\/de\/\",\"logo\":{\"@type\":\"ImageObject\",\"inLanguage\":\"de\",\"@id\":\"https:\/\/orodent.com\/de\/#\/schema\/logo\/image\/\",\"url\":\"https:\/\/orodent.com\/wp-content\/uploads\/2021\/08\/logo-orodent-400.png\",\"contentUrl\":\"https:\/\/orodent.com\/wp-content\/uploads\/2021\/08\/logo-orodent-400.png\",\"width\":550,\"height\":240,\"caption\":\"Orodent\"},\"image\":{\"@id\":\"https:\/\/orodent.com\/de\/#\/schema\/logo\/image\/\"},\"sameAs\":[\"https:\/\/www.facebook.com\/orodentsrl\",\"https:\/\/www.instagram.com\/orodent_zirconia\/\",\"https:\/\/www.linkedin.com\/company\/orodent\/\",\"https:\/\/www.youtube.com\/channel\/UCwDcVjzbpcuxZLt_CR5pgVw\"]}]}<\/script>\n<!-- \/ Yoast SEO plugin. -->","yoast_head_json":{"title":"Zirconia Orodent High Translucent 1200 MPa &#8211; Orodent","robots":{"index":"index","follow":"follow","max-snippet":"max-snippet:-1","max-image-preview":"max-image-preview:large","max-video-preview":"max-video-preview:-1"},"canonical":"https:\/\/orodent.com\/de\/zirconia-high-translucent\/","og_locale":"de_DE","og_type":"article","og_title":"Zirconia Orodent High Translucent 1200 MPa &#8211; Orodent","og_description":"Zirconia High Traslucent f\u00fcr ein L\u00e4cheln so strahlend wie kristallklares Wasser! Ein zeitloses Wei\u00df, das dem L\u00e4cheln seine Brillanz zur\u00fcckgibt. Durch die hohe Biegefestigkeit eignet sich das Zirkon-Scheibenmaterial f\u00fcr Einzelkronen, gro\u00dfe Br\u00fccken, anatomische Verbesserungen oder Keramikverblendungen.","og_url":"https:\/\/orodent.com\/de\/zirconia-high-translucent\/","og_site_name":"Orodent","article_publisher":"https:\/\/www.facebook.com\/orodentsrl","article_modified_time":"2025-10-11T11:17:23+00:00","og_image":[{"width":1080,"height":1080,"url":"https:\/\/orodent.com\/wp-content\/uploads\/2025\/10\/High-translucent-verticale.webp","type":"image\/png"}],"twitter_card":"summary_large_image","twitter_misc":{"Gesch\u00e4tzte Lesezeit":"1\u00a0Minute"},"schema":{"@context":"https:\/\/schema.org","@graph":[{"@type":"WebPage","@id":"https:\/\/orodent.com\/de\/zirconia-high-translucent\/","url":"https:\/\/orodent.com\/de\/zirconia-high-translucent\/","name":"Zirconia Orodent High Translucent 1200 MPa &#8211; Orodent","isPartOf":{"@id":"https:\/\/orodent.com\/de\/#website"},"primaryImageOfPage":{"@id":"https:\/\/orodent.com\/de\/zirconia-high-translucent\/#primaryimage"},"image":{"@id":"https:\/\/orodent.com\/de\/zirconia-high-translucent\/#primaryimage"},"thumbnailUrl":"https:\/\/orodent.com\/wp-content\/uploads\/2025\/10\/High-translucent-verticale.webp","datePublished":"2021-11-10T09:15:41+00:00","dateModified":"2025-10-11T11:17:23+00:00","breadcrumb":{"@id":"https:\/\/orodent.com\/de\/zirconia-high-translucent\/#breadcrumb"},"inLanguage":"de","potentialAction":[{"@type":"ReadAction","target":["https:\/\/orodent.com\/de\/zirconia-high-translucent\/"]}]},{"@type":"ImageObject","inLanguage":"de","@id":"https:\/\/orodent.com\/de\/zirconia-high-translucent\/#primaryimage","url":"https:\/\/orodent.com\/wp-content\/uploads\/2025\/10\/High-translucent-verticale.webp","contentUrl":"https:\/\/orodent.com\/wp-content\/uploads\/2025\/10\/High-translucent-verticale.webp","width":1080,"height":1080,"caption":"Zirconia Orodent High translucent"},{"@type":"BreadcrumbList","@id":"https:\/\/orodent.com\/de\/zirconia-high-translucent\/#breadcrumb","itemListElement":[{"@type":"ListItem","position":1,"name":"Orodent","item":"https:\/\/orodent.com\/de\/"},{"@type":"ListItem","position":2,"name":"Shop","item":"https:\/\/orodent.com\/de\/shop\/"},{"@type":"ListItem","position":3,"name":"Zirconia Orodent High Translucent 1200 MPa"}]},{"@type":"WebSite","@id":"https:\/\/orodent.com\/de\/#website","url":"https:\/\/orodent.com\/de\/","name":"Orodent","description":"Produzione di Dischi in Zirconia e Colori da Infiltrazione","publisher":{"@id":"https:\/\/orodent.com\/de\/#organization"},"potentialAction":[{"@type":"SearchAction","target":{"@type":"EntryPoint","urlTemplate":"https:\/\/orodent.com\/de\/?s={search_term_string}"},"query-input":{"@type":"PropertyValueSpecification","valueRequired":true,"valueName":"search_term_string"}}],"inLanguage":"de"},{"@type":"Organization","@id":"https:\/\/orodent.com\/de\/#organization","name":"Orodent","url":"https:\/\/orodent.com\/de\/","logo":{"@type":"ImageObject","inLanguage":"de","@id":"https:\/\/orodent.com\/de\/#\/schema\/logo\/image\/","url":"https:\/\/orodent.com\/wp-content\/uploads\/2021\/08\/logo-orodent-400.png","contentUrl":"https:\/\/orodent.com\/wp-content\/uploads\/2021\/08\/logo-orodent-400.png","width":550,"height":240,"caption":"Orodent"},"image":{"@id":"https:\/\/orodent.com\/de\/#\/schema\/logo\/image\/"},"sameAs":["https:\/\/www.facebook.com\/orodentsrl","https:\/\/www.instagram.com\/orodent_zirconia\/","https:\/\/www.linkedin.com\/company\/orodent\/","https:\/\/www.youtube.com\/channel\/UCwDcVjzbpcuxZLt_CR5pgVw"]}]}},"_links":{"self":[{"href":"https:\/\/orodent.com\/de\/wp-json\/wp\/v2\/product\/7423","targetHints":{"allow":["GET"]}}],"collection":[{"href":"https:\/\/orodent.com\/de\/wp-json\/wp\/v2\/product"}],"about":[{"href":"https:\/\/orodent.com\/de\/wp-json\/wp\/v2\/types\/product"}],"replies":[{"embeddable":true,"href":"https:\/\/orodent.com\/de\/wp-json\/wp\/v2\/comments?post=7423"}],"version-history":[{"count":5,"href":"https:\/\/orodent.com\/de\/wp-json\/wp\/v2\/product\/7423\/revisions"}],"predecessor-version":[{"id":20201,"href":"https:\/\/orodent.com\/de\/wp-json\/wp\/v2\/product\/7423\/revisions\/20201"}],"wp:featuredmedia":[{"embeddable":true,"href":"https:\/\/orodent.com\/de\/wp-json\/wp\/v2\/media\/20065"}],"wp:attachment":[{"href":"https:\/\/orodent.com\/de\/wp-json\/wp\/v2\/media?parent=7423"}],"wp:term":[{"taxonomy":"product_brand","embeddable":true,"href":"https:\/\/orodent.com\/de\/wp-json\/wp\/v2\/product_brand?post=7423"},{"taxonomy":"product_cat","embeddable":true,"href":"https:\/\/orodent.com\/de\/wp-json\/wp\/v2\/product_cat?post=7423"},{"taxonomy":"product_tag","embeddable":true,"href":"https:\/\/orodent.com\/de\/wp-json\/wp\/v2\/product_tag?post=7423"}],"curies":[{"name":"wp","href":"https:\/\/api.w.org\/{rel}","templated":true}]}}