{"id":7413,"date":"2021-11-10T11:16:43","date_gmt":"2021-11-10T09:16:43","guid":{"rendered":"https:\/\/orodent.com\/orodent-bleach-1200-mpa\/"},"modified":"2025-10-11T13:18:07","modified_gmt":"2025-10-11T11:18:07","slug":"zirconia-bleach","status":"publish","type":"product","link":"https:\/\/orodent.com\/de\/zirconia-bleach\/","title":{"rendered":"Zirconia Orodent Bleach 1200 MPa"},"content":{"rendered":"\t\t<div data-elementor-type=\"product-post\" data-elementor-id=\"7413\" class=\"elementor elementor-7413 elementor-291\" data-elementor-post-type=\"product\">\n\t\t\t\t<div class=\"elementor-element elementor-element-2e665d4e e-flex e-con-boxed e-con e-parent\" data-id=\"2e665d4e\" data-element_type=\"container\" data-e-type=\"container\">\n\t\t\t\t\t<div class=\"e-con-inner\">\n\t\t<div class=\"elementor-element elementor-element-7417456b e-flex e-con-boxed e-con e-child\" data-id=\"7417456b\" data-element_type=\"container\" data-e-type=\"container\">\n\t\t\t\t\t<div class=\"e-con-inner\">\n\t\t\t\t<div class=\"elementor-element elementor-element-7ff84789 elementor-widget elementor-widget-heading\" data-id=\"7ff84789\" data-element_type=\"widget\" data-e-type=\"widget\" data-widget_type=\"heading.default\">\n\t\t\t\t<div class=\"elementor-widget-container\">\n\t\t\t\t\t<h2 class=\"elementor-heading-title elementor-size-default\">Gesamte Beschreibung<\/h2>\t\t\t\t<\/div>\n\t\t\t\t<\/div>\n\t\t\t\t<div class=\"elementor-element elementor-element-5fa89667 elementor-widget elementor-widget-text-editor\" data-id=\"5fa89667\" data-element_type=\"widget\" data-e-type=\"widget\" data-widget_type=\"text-editor.default\">\n\t\t\t\t<div class=\"elementor-widget-container\">\n\t\t\t\t\t\t\t\t\t<p><strong>Bleach Zirconia<\/strong>mit seinem strahlenden Wei\u00df hat eine hohe Biegefestigkeit und eignet sich f\u00fcr alle Arbeiten von Einzelkronen bis zu gro\u00dfen Br\u00fccken mit bis zu 12 Gliedern.<\/p>\n<p><strong>Durchmesser<\/strong>: \u00d8: 98mm<\/p>\n<p><strong>Erh\u00e4ltlich in den H\u00f6hen:<\/strong> 10 mm bis 25 mm.<\/p>\n<p><strong>Indikationen:<\/strong> Perfekt f\u00fcr vollanatomische Strukturen. Wir empfehlen es f\u00fcr einen WHITE HOLLYWOOD-Effekt.<\/p>\n<p><strong>Fehlende Elemente:<\/strong> max. 2<\/p>\n<p><strong>Farbe der Scheibe:<\/strong> Funkelndes Wei\u00df<\/p>\n<p><strong>F\u00e4rbetipps:<\/strong> F\u00fcr helle Zahnfarben empfehlen wir die 15-Sekunden-Tauchtechnik mit COLORODENT BASIC.<\/p>\n<p><strong>AGING: ein<\/strong> Leben lang dank der neuen Generation von Tosoh-Pulvern.<\/p>\n\t\t\t\t\t\t\t\t<\/div>\n\t\t\t\t<\/div>\n\t\t\t\t\t<\/div>\n\t\t\t\t<\/div>\n\t\t\t\t\t<\/div>\n\t\t\t\t<\/div>\n\t\t\t\t<\/div>\n\t\t","protected":false},"excerpt":{"rendered":"<p>Zirconia Bleach: strahlendes Wei\u00df f\u00fcr ein L\u00e4cheln wie im Film! Die Zusammensetzung der Zirkon ist so konzipiert, dass sie extrem biegefest ist und sich f\u00fcr alle Arbeiten eignet, von Einzelkronen bis hin zu gro\u00dfen Zahnbr\u00fccken.<\/p>\n<p>Geeignet f\u00fcr vollanatomische Strukturen.<\/p>\n","protected":false},"featured_media":20085,"comment_status":"open","ping_status":"closed","template":"","meta":[],"product_brand":[],"product_cat":[395],"product_tag":[],"class_list":{"0":"post-7413","1":"product","2":"type-product","3":"status-publish","4":"has-post-thumbnail","6":"product_cat-zirkon-disks","7":"pa_liquidi-coloranti-basic-de","8":"pa_resistenza-alla-flessione-1200-mpa-de","9":"pa_sinterizzazione-1530-c-de","10":"pa_spessore-10-mm-de","11":"pa_spessore-12-mm-de","12":"pa_spessore-14-mm-de","13":"pa_spessore-16-mm-de","14":"pa_spessore-18-mm-de","15":"pa_spessore-20-mm-de","16":"pa_spessore-22-mm-de","17":"pa_spessore-25-mm-de","18":"pa_tipi-di-lavoro-einzelkronen-de","19":"pa_tipi-di-lavoro-reduzierte-bruecken","20":"pa_tipi-di-lavoro-weitspannige-bruecken-bis-12-glieder","21":"pa_tipologia-einschichtig","22":"pa_traslucenza-45-de","24":"first","25":"instock","26":"taxable","27":"shipping-taxable","28":"purchasable","29":"product-type-variable"},"acf":[],"yoast_head":"<!-- This site is optimized with the Yoast SEO plugin v27.0 - https:\/\/yoast.com\/product\/yoast-seo-wordpress\/ -->\n<title>Zirconia Orodent Bleach 1200 MPa &#8211; Orodent<\/title>\n<meta name=\"robots\" content=\"index, follow, max-snippet:-1, max-image-preview:large, max-video-preview:-1\" \/>\n<link rel=\"canonical\" href=\"https:\/\/orodent.com\/de\/zirconia-bleach\/\" \/>\n<meta property=\"og:locale\" content=\"de_DE\" \/>\n<meta property=\"og:type\" content=\"article\" \/>\n<meta property=\"og:title\" content=\"Zirconia Orodent Bleach 1200 MPa &#8211; Orodent\" \/>\n<meta property=\"og:description\" content=\"Zirconia Bleach: strahlendes Wei\u00df f\u00fcr ein L\u00e4cheln wie im Film! Die Zusammensetzung der Zirkon ist so konzipiert, dass sie extrem biegefest ist und sich f\u00fcr alle Arbeiten eignet, von Einzelkronen bis hin zu gro\u00dfen Zahnbr\u00fccken. Geeignet f\u00fcr vollanatomische Strukturen.\" \/>\n<meta property=\"og:url\" content=\"https:\/\/orodent.com\/de\/zirconia-bleach\/\" \/>\n<meta property=\"og:site_name\" content=\"Orodent\" \/>\n<meta property=\"article:publisher\" content=\"https:\/\/www.facebook.com\/orodentsrl\" \/>\n<meta property=\"article:modified_time\" content=\"2025-10-11T11:18:07+00:00\" \/>\n<meta property=\"og:image\" content=\"https:\/\/orodent.com\/wp-content\/uploads\/2025\/10\/Bleach-verticale.webp\" \/>\n\t<meta property=\"og:image:width\" content=\"1080\" \/>\n\t<meta property=\"og:image:height\" content=\"1080\" \/>\n\t<meta property=\"og:image:type\" content=\"image\/png\" \/>\n<meta name=\"twitter:card\" content=\"summary_large_image\" \/>\n<script type=\"application\/ld+json\" class=\"yoast-schema-graph\">{\"@context\":\"https:\/\/schema.org\",\"@graph\":[{\"@type\":\"WebPage\",\"@id\":\"https:\/\/orodent.com\/de\/zirconia-bleach\/\",\"url\":\"https:\/\/orodent.com\/de\/zirconia-bleach\/\",\"name\":\"Zirconia Orodent Bleach 1200 MPa &#8211; Orodent\",\"isPartOf\":{\"@id\":\"https:\/\/orodent.com\/de\/#website\"},\"primaryImageOfPage\":{\"@id\":\"https:\/\/orodent.com\/de\/zirconia-bleach\/#primaryimage\"},\"image\":{\"@id\":\"https:\/\/orodent.com\/de\/zirconia-bleach\/#primaryimage\"},\"thumbnailUrl\":\"https:\/\/orodent.com\/wp-content\/uploads\/2025\/10\/Bleach-verticale.webp\",\"datePublished\":\"2021-11-10T09:16:43+00:00\",\"dateModified\":\"2025-10-11T11:18:07+00:00\",\"breadcrumb\":{\"@id\":\"https:\/\/orodent.com\/de\/zirconia-bleach\/#breadcrumb\"},\"inLanguage\":\"de\",\"potentialAction\":[{\"@type\":\"ReadAction\",\"target\":[\"https:\/\/orodent.com\/de\/zirconia-bleach\/\"]}]},{\"@type\":\"ImageObject\",\"inLanguage\":\"de\",\"@id\":\"https:\/\/orodent.com\/de\/zirconia-bleach\/#primaryimage\",\"url\":\"https:\/\/orodent.com\/wp-content\/uploads\/2025\/10\/Bleach-verticale.webp\",\"contentUrl\":\"https:\/\/orodent.com\/wp-content\/uploads\/2025\/10\/Bleach-verticale.webp\",\"width\":1080,\"height\":1080,\"caption\":\"Zirconia Orodent Bleach\"},{\"@type\":\"BreadcrumbList\",\"@id\":\"https:\/\/orodent.com\/de\/zirconia-bleach\/#breadcrumb\",\"itemListElement\":[{\"@type\":\"ListItem\",\"position\":1,\"name\":\"Orodent\",\"item\":\"https:\/\/orodent.com\/de\/\"},{\"@type\":\"ListItem\",\"position\":2,\"name\":\"Shop\",\"item\":\"https:\/\/orodent.com\/de\/shop\/\"},{\"@type\":\"ListItem\",\"position\":3,\"name\":\"Zirconia Orodent Bleach 1200 MPa\"}]},{\"@type\":\"WebSite\",\"@id\":\"https:\/\/orodent.com\/de\/#website\",\"url\":\"https:\/\/orodent.com\/de\/\",\"name\":\"Orodent\",\"description\":\"Produzione di Dischi in Zirconia e Colori da Infiltrazione\",\"publisher\":{\"@id\":\"https:\/\/orodent.com\/de\/#organization\"},\"potentialAction\":[{\"@type\":\"SearchAction\",\"target\":{\"@type\":\"EntryPoint\",\"urlTemplate\":\"https:\/\/orodent.com\/de\/?s={search_term_string}\"},\"query-input\":{\"@type\":\"PropertyValueSpecification\",\"valueRequired\":true,\"valueName\":\"search_term_string\"}}],\"inLanguage\":\"de\"},{\"@type\":\"Organization\",\"@id\":\"https:\/\/orodent.com\/de\/#organization\",\"name\":\"Orodent\",\"url\":\"https:\/\/orodent.com\/de\/\",\"logo\":{\"@type\":\"ImageObject\",\"inLanguage\":\"de\",\"@id\":\"https:\/\/orodent.com\/de\/#\/schema\/logo\/image\/\",\"url\":\"https:\/\/orodent.com\/wp-content\/uploads\/2021\/08\/logo-orodent-400.png\",\"contentUrl\":\"https:\/\/orodent.com\/wp-content\/uploads\/2021\/08\/logo-orodent-400.png\",\"width\":550,\"height\":240,\"caption\":\"Orodent\"},\"image\":{\"@id\":\"https:\/\/orodent.com\/de\/#\/schema\/logo\/image\/\"},\"sameAs\":[\"https:\/\/www.facebook.com\/orodentsrl\",\"https:\/\/www.instagram.com\/orodent_zirconia\/\",\"https:\/\/www.linkedin.com\/company\/orodent\/\",\"https:\/\/www.youtube.com\/channel\/UCwDcVjzbpcuxZLt_CR5pgVw\"]}]}<\/script>\n<!-- \/ Yoast SEO plugin. -->","yoast_head_json":{"title":"Zirconia Orodent Bleach 1200 MPa &#8211; Orodent","robots":{"index":"index","follow":"follow","max-snippet":"max-snippet:-1","max-image-preview":"max-image-preview:large","max-video-preview":"max-video-preview:-1"},"canonical":"https:\/\/orodent.com\/de\/zirconia-bleach\/","og_locale":"de_DE","og_type":"article","og_title":"Zirconia Orodent Bleach 1200 MPa &#8211; Orodent","og_description":"Zirconia Bleach: strahlendes Wei\u00df f\u00fcr ein L\u00e4cheln wie im Film! Die Zusammensetzung der Zirkon ist so konzipiert, dass sie extrem biegefest ist und sich f\u00fcr alle Arbeiten eignet, von Einzelkronen bis hin zu gro\u00dfen Zahnbr\u00fccken. Geeignet f\u00fcr vollanatomische Strukturen.","og_url":"https:\/\/orodent.com\/de\/zirconia-bleach\/","og_site_name":"Orodent","article_publisher":"https:\/\/www.facebook.com\/orodentsrl","article_modified_time":"2025-10-11T11:18:07+00:00","og_image":[{"width":1080,"height":1080,"url":"https:\/\/orodent.com\/wp-content\/uploads\/2025\/10\/Bleach-verticale.webp","type":"image\/png"}],"twitter_card":"summary_large_image","schema":{"@context":"https:\/\/schema.org","@graph":[{"@type":"WebPage","@id":"https:\/\/orodent.com\/de\/zirconia-bleach\/","url":"https:\/\/orodent.com\/de\/zirconia-bleach\/","name":"Zirconia Orodent Bleach 1200 MPa &#8211; Orodent","isPartOf":{"@id":"https:\/\/orodent.com\/de\/#website"},"primaryImageOfPage":{"@id":"https:\/\/orodent.com\/de\/zirconia-bleach\/#primaryimage"},"image":{"@id":"https:\/\/orodent.com\/de\/zirconia-bleach\/#primaryimage"},"thumbnailUrl":"https:\/\/orodent.com\/wp-content\/uploads\/2025\/10\/Bleach-verticale.webp","datePublished":"2021-11-10T09:16:43+00:00","dateModified":"2025-10-11T11:18:07+00:00","breadcrumb":{"@id":"https:\/\/orodent.com\/de\/zirconia-bleach\/#breadcrumb"},"inLanguage":"de","potentialAction":[{"@type":"ReadAction","target":["https:\/\/orodent.com\/de\/zirconia-bleach\/"]}]},{"@type":"ImageObject","inLanguage":"de","@id":"https:\/\/orodent.com\/de\/zirconia-bleach\/#primaryimage","url":"https:\/\/orodent.com\/wp-content\/uploads\/2025\/10\/Bleach-verticale.webp","contentUrl":"https:\/\/orodent.com\/wp-content\/uploads\/2025\/10\/Bleach-verticale.webp","width":1080,"height":1080,"caption":"Zirconia Orodent Bleach"},{"@type":"BreadcrumbList","@id":"https:\/\/orodent.com\/de\/zirconia-bleach\/#breadcrumb","itemListElement":[{"@type":"ListItem","position":1,"name":"Orodent","item":"https:\/\/orodent.com\/de\/"},{"@type":"ListItem","position":2,"name":"Shop","item":"https:\/\/orodent.com\/de\/shop\/"},{"@type":"ListItem","position":3,"name":"Zirconia Orodent Bleach 1200 MPa"}]},{"@type":"WebSite","@id":"https:\/\/orodent.com\/de\/#website","url":"https:\/\/orodent.com\/de\/","name":"Orodent","description":"Produzione di Dischi in Zirconia e Colori da Infiltrazione","publisher":{"@id":"https:\/\/orodent.com\/de\/#organization"},"potentialAction":[{"@type":"SearchAction","target":{"@type":"EntryPoint","urlTemplate":"https:\/\/orodent.com\/de\/?s={search_term_string}"},"query-input":{"@type":"PropertyValueSpecification","valueRequired":true,"valueName":"search_term_string"}}],"inLanguage":"de"},{"@type":"Organization","@id":"https:\/\/orodent.com\/de\/#organization","name":"Orodent","url":"https:\/\/orodent.com\/de\/","logo":{"@type":"ImageObject","inLanguage":"de","@id":"https:\/\/orodent.com\/de\/#\/schema\/logo\/image\/","url":"https:\/\/orodent.com\/wp-content\/uploads\/2021\/08\/logo-orodent-400.png","contentUrl":"https:\/\/orodent.com\/wp-content\/uploads\/2021\/08\/logo-orodent-400.png","width":550,"height":240,"caption":"Orodent"},"image":{"@id":"https:\/\/orodent.com\/de\/#\/schema\/logo\/image\/"},"sameAs":["https:\/\/www.facebook.com\/orodentsrl","https:\/\/www.instagram.com\/orodent_zirconia\/","https:\/\/www.linkedin.com\/company\/orodent\/","https:\/\/www.youtube.com\/channel\/UCwDcVjzbpcuxZLt_CR5pgVw"]}]}},"_links":{"self":[{"href":"https:\/\/orodent.com\/de\/wp-json\/wp\/v2\/product\/7413","targetHints":{"allow":["GET"]}}],"collection":[{"href":"https:\/\/orodent.com\/de\/wp-json\/wp\/v2\/product"}],"about":[{"href":"https:\/\/orodent.com\/de\/wp-json\/wp\/v2\/types\/product"}],"replies":[{"embeddable":true,"href":"https:\/\/orodent.com\/de\/wp-json\/wp\/v2\/comments?post=7413"}],"version-history":[{"count":5,"href":"https:\/\/orodent.com\/de\/wp-json\/wp\/v2\/product\/7413\/revisions"}],"predecessor-version":[{"id":20204,"href":"https:\/\/orodent.com\/de\/wp-json\/wp\/v2\/product\/7413\/revisions\/20204"}],"wp:featuredmedia":[{"embeddable":true,"href":"https:\/\/orodent.com\/de\/wp-json\/wp\/v2\/media\/20085"}],"wp:attachment":[{"href":"https:\/\/orodent.com\/de\/wp-json\/wp\/v2\/media?parent=7413"}],"wp:term":[{"taxonomy":"product_brand","embeddable":true,"href":"https:\/\/orodent.com\/de\/wp-json\/wp\/v2\/product_brand?post=7413"},{"taxonomy":"product_cat","embeddable":true,"href":"https:\/\/orodent.com\/de\/wp-json\/wp\/v2\/product_cat?post=7413"},{"taxonomy":"product_tag","embeddable":true,"href":"https:\/\/orodent.com\/de\/wp-json\/wp\/v2\/product_tag?post=7413"}],"curies":[{"name":"wp","href":"https:\/\/api.w.org\/{rel}","templated":true}]}}