{"id":7403,"date":"2021-11-10T11:17:13","date_gmt":"2021-11-10T09:17:13","guid":{"rendered":"https:\/\/orodent.com\/orodent-gold-1200-mpa\/"},"modified":"2025-10-11T13:19:19","modified_gmt":"2025-10-11T11:19:19","slug":"zirconia-gold","status":"publish","type":"product","link":"https:\/\/orodent.com\/de\/zirconia-gold\/","title":{"rendered":"Zirconia Orodent Gold 1200 MPa"},"content":{"rendered":"\t\t<div data-elementor-type=\"product-post\" data-elementor-id=\"7403\" class=\"elementor elementor-7403 elementor-368\" data-elementor-post-type=\"product\">\n\t\t\t\t<div class=\"elementor-element elementor-element-199bc15c e-flex e-con-boxed e-con e-parent\" data-id=\"199bc15c\" data-element_type=\"container\" data-e-type=\"container\">\n\t\t\t\t\t<div class=\"e-con-inner\">\n\t\t<div class=\"elementor-element elementor-element-2789cba0 e-flex e-con-boxed e-con e-child\" data-id=\"2789cba0\" data-element_type=\"container\" data-e-type=\"container\">\n\t\t\t\t\t<div class=\"e-con-inner\">\n\t\t\t\t<div class=\"elementor-element elementor-element-457ed1ae elementor-widget elementor-widget-heading\" data-id=\"457ed1ae\" data-element_type=\"widget\" data-e-type=\"widget\" data-widget_type=\"heading.default\">\n\t\t\t\t<div class=\"elementor-widget-container\">\n\t\t\t\t\t<h2 class=\"elementor-heading-title elementor-size-default\">Vollst\u00e4ndige Beschreibung<\/h2>\t\t\t\t<\/div>\n\t\t\t\t<\/div>\n\t\t\t\t<div class=\"elementor-element elementor-element-46b61fef elementor-widget elementor-widget-text-editor\" data-id=\"46b61fef\" data-element_type=\"widget\" data-e-type=\"widget\" data-widget_type=\"text-editor.default\">\n\t\t\t\t<div class=\"elementor-widget-container\">\n\t\t\t\t\t\t\t\t\t<p><strong>ZIRKON mit einer NAT\u00dcRLICHEN GRUNDLAGE<\/strong> \u00e4hnlich wie A1 und einer hohen Biegefestigkeit (1200 MPa) f\u00fcr Kronen und anatomische Br\u00fccken f\u00fcr bis zu 12 Einheiten. Es ist ideal, weil der wei\u00dfe Effekt bei der Retusche nicht auftritt.<\/p><ul><li><strong>Durchmesser<\/strong>: \u00d8: 98 mm<\/li><li><strong>Verf\u00fcgbare H\u00f6hen:<\/strong> 10 mm bis 25 mm<\/li><li><strong>Angaben:<\/strong> geeignet f\u00fcr extrem nat\u00fcrliche Ergebnisse.<\/li><li><strong>Fehlende Elemente:<\/strong> max. 2<\/li><li><strong>Farbe der Scheibe:<\/strong> NAT\u00dcRLICH, \u2248 A1<\/li><li><strong>F\u00e4rbeempfehlungen:<\/strong> Eintauchtechnik f\u00fcr 20 Sekunden oder Pinseltechnik* mit COLORODENT GOLD und COLORODENT SUPERCOLORi<\/li><li><strong>DAUER:<\/strong> ein Leben lang dank der neuen Generation von Tosoh-Pulvern<\/li><\/ul>\t\t\t\t\t\t\t\t<\/div>\n\t\t\t\t<\/div>\n\t\t\t\t\t<\/div>\n\t\t\t\t<\/div>\n\t\t\t\t\t<\/div>\n\t\t\t\t<\/div>\n\t\t\t\t<\/div>\n\t\t","protected":false},"excerpt":{"rendered":"<p>Zirkoniumdioxid-Gold sorgt f\u00fcr den goldenen Effekt eines nat\u00fcrlichen L\u00e4chelns. Dieses Zirkoniumdioxid verhindert den unnat\u00fcrlichen Wei\u00dfeffekt bei der Anpassung der Prothese.<\/p>\n<p>Die Materialzusammensetzung ist auf extrem hohe Biegefestigkeit und gleichzeitig hervorragende Transluzenz ausgelegt.<\/p>\n","protected":false},"featured_media":20075,"comment_status":"open","ping_status":"closed","template":"","meta":[],"product_brand":[],"product_cat":[395],"product_tag":[],"class_list":{"0":"post-7403","1":"product","2":"type-product","3":"status-publish","4":"has-post-thumbnail","6":"product_cat-zirkon-disks","7":"pa_liquidi-coloranti-gold-de","8":"pa_resistenza-alla-flessione-1200-mpa-de","9":"pa_sinterizzazione-1530-c-de","10":"pa_spessore-10-mm-de","11":"pa_spessore-12-mm-de","12":"pa_spessore-14-mm-de","13":"pa_spessore-16-mm-de","14":"pa_spessore-18-mm-de","15":"pa_spessore-20-mm-de","16":"pa_spessore-22-mm-de","17":"pa_spessore-25-mm-de","18":"pa_tipi-di-lavoro-einzelkronen-de","19":"pa_tipi-di-lavoro-reduzierte-bruecken","20":"pa_tipi-di-lavoro-weitspannige-bruecken-bis-12-glieder","21":"pa_tipologia-einschichtig","22":"pa_traslucenza-45-de","24":"first","25":"instock","26":"taxable","27":"shipping-taxable","28":"purchasable","29":"product-type-variable"},"acf":[],"yoast_head":"<!-- This site is optimized with the Yoast SEO plugin v27.0 - https:\/\/yoast.com\/product\/yoast-seo-wordpress\/ -->\n<title>Zirconia Orodent Gold 1200 MPa &#8211; Orodent<\/title>\n<meta name=\"robots\" content=\"index, follow, max-snippet:-1, max-image-preview:large, max-video-preview:-1\" \/>\n<link rel=\"canonical\" href=\"https:\/\/orodent.com\/de\/zirconia-gold\/\" \/>\n<meta property=\"og:locale\" content=\"de_DE\" \/>\n<meta property=\"og:type\" content=\"article\" \/>\n<meta property=\"og:title\" content=\"Zirconia Orodent Gold 1200 MPa &#8211; Orodent\" \/>\n<meta property=\"og:description\" content=\"Zirkoniumdioxid-Gold sorgt f\u00fcr den goldenen Effekt eines nat\u00fcrlichen L\u00e4chelns. Dieses Zirkoniumdioxid verhindert den unnat\u00fcrlichen Wei\u00dfeffekt bei der Anpassung der Prothese.  Die Materialzusammensetzung ist auf extrem hohe Biegefestigkeit und gleichzeitig hervorragende Transluzenz ausgelegt.\" \/>\n<meta property=\"og:url\" content=\"https:\/\/orodent.com\/de\/zirconia-gold\/\" \/>\n<meta property=\"og:site_name\" content=\"Orodent\" \/>\n<meta property=\"article:publisher\" content=\"https:\/\/www.facebook.com\/orodentsrl\" \/>\n<meta property=\"article:modified_time\" content=\"2025-10-11T11:19:19+00:00\" \/>\n<meta property=\"og:image\" content=\"https:\/\/orodent.com\/wp-content\/uploads\/2025\/10\/Gold-verticale.webp\" \/>\n\t<meta property=\"og:image:width\" content=\"1080\" \/>\n\t<meta property=\"og:image:height\" content=\"1080\" \/>\n\t<meta property=\"og:image:type\" content=\"image\/png\" \/>\n<meta name=\"twitter:card\" content=\"summary_large_image\" \/>\n<meta name=\"twitter:label1\" content=\"Gesch\u00e4tzte Lesezeit\" \/>\n\t<meta name=\"twitter:data1\" content=\"1\u00a0Minute\" \/>\n<script type=\"application\/ld+json\" class=\"yoast-schema-graph\">{\"@context\":\"https:\/\/schema.org\",\"@graph\":[{\"@type\":\"WebPage\",\"@id\":\"https:\/\/orodent.com\/de\/zirconia-gold\/\",\"url\":\"https:\/\/orodent.com\/de\/zirconia-gold\/\",\"name\":\"Zirconia Orodent Gold 1200 MPa &#8211; Orodent\",\"isPartOf\":{\"@id\":\"https:\/\/orodent.com\/de\/#website\"},\"primaryImageOfPage\":{\"@id\":\"https:\/\/orodent.com\/de\/zirconia-gold\/#primaryimage\"},\"image\":{\"@id\":\"https:\/\/orodent.com\/de\/zirconia-gold\/#primaryimage\"},\"thumbnailUrl\":\"https:\/\/orodent.com\/wp-content\/uploads\/2025\/10\/Gold-verticale.webp\",\"datePublished\":\"2021-11-10T09:17:13+00:00\",\"dateModified\":\"2025-10-11T11:19:19+00:00\",\"breadcrumb\":{\"@id\":\"https:\/\/orodent.com\/de\/zirconia-gold\/#breadcrumb\"},\"inLanguage\":\"de\",\"potentialAction\":[{\"@type\":\"ReadAction\",\"target\":[\"https:\/\/orodent.com\/de\/zirconia-gold\/\"]}]},{\"@type\":\"ImageObject\",\"inLanguage\":\"de\",\"@id\":\"https:\/\/orodent.com\/de\/zirconia-gold\/#primaryimage\",\"url\":\"https:\/\/orodent.com\/wp-content\/uploads\/2025\/10\/Gold-verticale.webp\",\"contentUrl\":\"https:\/\/orodent.com\/wp-content\/uploads\/2025\/10\/Gold-verticale.webp\",\"width\":1080,\"height\":1080,\"caption\":\"Zirconia Orodent Gold\"},{\"@type\":\"BreadcrumbList\",\"@id\":\"https:\/\/orodent.com\/de\/zirconia-gold\/#breadcrumb\",\"itemListElement\":[{\"@type\":\"ListItem\",\"position\":1,\"name\":\"Orodent\",\"item\":\"https:\/\/orodent.com\/de\/\"},{\"@type\":\"ListItem\",\"position\":2,\"name\":\"Shop\",\"item\":\"https:\/\/orodent.com\/de\/shop\/\"},{\"@type\":\"ListItem\",\"position\":3,\"name\":\"Zirconia Orodent Gold 1200 MPa\"}]},{\"@type\":\"WebSite\",\"@id\":\"https:\/\/orodent.com\/de\/#website\",\"url\":\"https:\/\/orodent.com\/de\/\",\"name\":\"Orodent\",\"description\":\"Produzione di Dischi in Zirconia e Colori da Infiltrazione\",\"publisher\":{\"@id\":\"https:\/\/orodent.com\/de\/#organization\"},\"potentialAction\":[{\"@type\":\"SearchAction\",\"target\":{\"@type\":\"EntryPoint\",\"urlTemplate\":\"https:\/\/orodent.com\/de\/?s={search_term_string}\"},\"query-input\":{\"@type\":\"PropertyValueSpecification\",\"valueRequired\":true,\"valueName\":\"search_term_string\"}}],\"inLanguage\":\"de\"},{\"@type\":\"Organization\",\"@id\":\"https:\/\/orodent.com\/de\/#organization\",\"name\":\"Orodent\",\"url\":\"https:\/\/orodent.com\/de\/\",\"logo\":{\"@type\":\"ImageObject\",\"inLanguage\":\"de\",\"@id\":\"https:\/\/orodent.com\/de\/#\/schema\/logo\/image\/\",\"url\":\"https:\/\/orodent.com\/wp-content\/uploads\/2021\/08\/logo-orodent-400.png\",\"contentUrl\":\"https:\/\/orodent.com\/wp-content\/uploads\/2021\/08\/logo-orodent-400.png\",\"width\":550,\"height\":240,\"caption\":\"Orodent\"},\"image\":{\"@id\":\"https:\/\/orodent.com\/de\/#\/schema\/logo\/image\/\"},\"sameAs\":[\"https:\/\/www.facebook.com\/orodentsrl\",\"https:\/\/www.instagram.com\/orodent_zirconia\/\",\"https:\/\/www.linkedin.com\/company\/orodent\/\",\"https:\/\/www.youtube.com\/channel\/UCwDcVjzbpcuxZLt_CR5pgVw\"]}]}<\/script>\n<!-- \/ Yoast SEO plugin. -->","yoast_head_json":{"title":"Zirconia Orodent Gold 1200 MPa &#8211; Orodent","robots":{"index":"index","follow":"follow","max-snippet":"max-snippet:-1","max-image-preview":"max-image-preview:large","max-video-preview":"max-video-preview:-1"},"canonical":"https:\/\/orodent.com\/de\/zirconia-gold\/","og_locale":"de_DE","og_type":"article","og_title":"Zirconia Orodent Gold 1200 MPa &#8211; Orodent","og_description":"Zirkoniumdioxid-Gold sorgt f\u00fcr den goldenen Effekt eines nat\u00fcrlichen L\u00e4chelns. Dieses Zirkoniumdioxid verhindert den unnat\u00fcrlichen Wei\u00dfeffekt bei der Anpassung der Prothese.  Die Materialzusammensetzung ist auf extrem hohe Biegefestigkeit und gleichzeitig hervorragende Transluzenz ausgelegt.","og_url":"https:\/\/orodent.com\/de\/zirconia-gold\/","og_site_name":"Orodent","article_publisher":"https:\/\/www.facebook.com\/orodentsrl","article_modified_time":"2025-10-11T11:19:19+00:00","og_image":[{"width":1080,"height":1080,"url":"https:\/\/orodent.com\/wp-content\/uploads\/2025\/10\/Gold-verticale.webp","type":"image\/png"}],"twitter_card":"summary_large_image","twitter_misc":{"Gesch\u00e4tzte Lesezeit":"1\u00a0Minute"},"schema":{"@context":"https:\/\/schema.org","@graph":[{"@type":"WebPage","@id":"https:\/\/orodent.com\/de\/zirconia-gold\/","url":"https:\/\/orodent.com\/de\/zirconia-gold\/","name":"Zirconia Orodent Gold 1200 MPa &#8211; Orodent","isPartOf":{"@id":"https:\/\/orodent.com\/de\/#website"},"primaryImageOfPage":{"@id":"https:\/\/orodent.com\/de\/zirconia-gold\/#primaryimage"},"image":{"@id":"https:\/\/orodent.com\/de\/zirconia-gold\/#primaryimage"},"thumbnailUrl":"https:\/\/orodent.com\/wp-content\/uploads\/2025\/10\/Gold-verticale.webp","datePublished":"2021-11-10T09:17:13+00:00","dateModified":"2025-10-11T11:19:19+00:00","breadcrumb":{"@id":"https:\/\/orodent.com\/de\/zirconia-gold\/#breadcrumb"},"inLanguage":"de","potentialAction":[{"@type":"ReadAction","target":["https:\/\/orodent.com\/de\/zirconia-gold\/"]}]},{"@type":"ImageObject","inLanguage":"de","@id":"https:\/\/orodent.com\/de\/zirconia-gold\/#primaryimage","url":"https:\/\/orodent.com\/wp-content\/uploads\/2025\/10\/Gold-verticale.webp","contentUrl":"https:\/\/orodent.com\/wp-content\/uploads\/2025\/10\/Gold-verticale.webp","width":1080,"height":1080,"caption":"Zirconia Orodent Gold"},{"@type":"BreadcrumbList","@id":"https:\/\/orodent.com\/de\/zirconia-gold\/#breadcrumb","itemListElement":[{"@type":"ListItem","position":1,"name":"Orodent","item":"https:\/\/orodent.com\/de\/"},{"@type":"ListItem","position":2,"name":"Shop","item":"https:\/\/orodent.com\/de\/shop\/"},{"@type":"ListItem","position":3,"name":"Zirconia Orodent Gold 1200 MPa"}]},{"@type":"WebSite","@id":"https:\/\/orodent.com\/de\/#website","url":"https:\/\/orodent.com\/de\/","name":"Orodent","description":"Produzione di Dischi in Zirconia e Colori da Infiltrazione","publisher":{"@id":"https:\/\/orodent.com\/de\/#organization"},"potentialAction":[{"@type":"SearchAction","target":{"@type":"EntryPoint","urlTemplate":"https:\/\/orodent.com\/de\/?s={search_term_string}"},"query-input":{"@type":"PropertyValueSpecification","valueRequired":true,"valueName":"search_term_string"}}],"inLanguage":"de"},{"@type":"Organization","@id":"https:\/\/orodent.com\/de\/#organization","name":"Orodent","url":"https:\/\/orodent.com\/de\/","logo":{"@type":"ImageObject","inLanguage":"de","@id":"https:\/\/orodent.com\/de\/#\/schema\/logo\/image\/","url":"https:\/\/orodent.com\/wp-content\/uploads\/2021\/08\/logo-orodent-400.png","contentUrl":"https:\/\/orodent.com\/wp-content\/uploads\/2021\/08\/logo-orodent-400.png","width":550,"height":240,"caption":"Orodent"},"image":{"@id":"https:\/\/orodent.com\/de\/#\/schema\/logo\/image\/"},"sameAs":["https:\/\/www.facebook.com\/orodentsrl","https:\/\/www.instagram.com\/orodent_zirconia\/","https:\/\/www.linkedin.com\/company\/orodent\/","https:\/\/www.youtube.com\/channel\/UCwDcVjzbpcuxZLt_CR5pgVw"]}]}},"_links":{"self":[{"href":"https:\/\/orodent.com\/de\/wp-json\/wp\/v2\/product\/7403","targetHints":{"allow":["GET"]}}],"collection":[{"href":"https:\/\/orodent.com\/de\/wp-json\/wp\/v2\/product"}],"about":[{"href":"https:\/\/orodent.com\/de\/wp-json\/wp\/v2\/types\/product"}],"replies":[{"embeddable":true,"href":"https:\/\/orodent.com\/de\/wp-json\/wp\/v2\/comments?post=7403"}],"version-history":[{"count":9,"href":"https:\/\/orodent.com\/de\/wp-json\/wp\/v2\/product\/7403\/revisions"}],"predecessor-version":[{"id":20208,"href":"https:\/\/orodent.com\/de\/wp-json\/wp\/v2\/product\/7403\/revisions\/20208"}],"wp:featuredmedia":[{"embeddable":true,"href":"https:\/\/orodent.com\/de\/wp-json\/wp\/v2\/media\/20075"}],"wp:attachment":[{"href":"https:\/\/orodent.com\/de\/wp-json\/wp\/v2\/media?parent=7403"}],"wp:term":[{"taxonomy":"product_brand","embeddable":true,"href":"https:\/\/orodent.com\/de\/wp-json\/wp\/v2\/product_brand?post=7403"},{"taxonomy":"product_cat","embeddable":true,"href":"https:\/\/orodent.com\/de\/wp-json\/wp\/v2\/product_cat?post=7403"},{"taxonomy":"product_tag","embeddable":true,"href":"https:\/\/orodent.com\/de\/wp-json\/wp\/v2\/product_tag?post=7403"}],"curies":[{"name":"wp","href":"https:\/\/api.w.org\/{rel}","templated":true}]}}