{"id":7344,"date":"2021-11-10T11:18:52","date_gmt":"2021-11-10T09:18:52","guid":{"rendered":"https:\/\/orodent.com\/orodent-preshaded-1200-mpa\/"},"modified":"2025-10-11T13:20:11","modified_gmt":"2025-10-11T11:20:11","slug":"zirconia-preshaded","status":"publish","type":"product","link":"https:\/\/orodent.com\/de\/zirconia-preshaded\/","title":{"rendered":"Zirconia Orodent Preshaded 1200 MPa"},"content":{"rendered":"\t\t<div data-elementor-type=\"product-post\" data-elementor-id=\"7344\" class=\"elementor elementor-7344 elementor-88\" data-elementor-post-type=\"product\">\n\t\t\t\t<div class=\"elementor-element elementor-element-415269bf e-flex e-con-boxed e-con e-parent\" data-id=\"415269bf\" data-element_type=\"container\" data-e-type=\"container\">\n\t\t\t\t\t<div class=\"e-con-inner\">\n\t\t<div class=\"elementor-element elementor-element-60586d8c e-flex e-con-boxed e-con e-child\" data-id=\"60586d8c\" data-element_type=\"container\" data-e-type=\"container\">\n\t\t\t\t\t<div class=\"e-con-inner\">\n\t\t\t\t<div class=\"elementor-element elementor-element-61f6d64d elementor-widget elementor-widget-heading\" data-id=\"61f6d64d\" data-element_type=\"widget\" data-e-type=\"widget\" data-widget_type=\"heading.default\">\n\t\t\t\t<div class=\"elementor-widget-container\">\n\t\t\t\t\t<h2 class=\"elementor-heading-title elementor-size-default\">Gesamte Beschreibung<\/h2>\t\t\t\t<\/div>\n\t\t\t\t<\/div>\n\t\t\t\t<div class=\"elementor-element elementor-element-742b2c19 elementor-widget elementor-widget-text-editor\" data-id=\"742b2c19\" data-element_type=\"widget\" data-e-type=\"widget\" data-widget_type=\"text-editor.default\">\n\t\t\t\t<div class=\"elementor-widget-container\">\n\t\t\t\t\t\t\t\t\t<p><strong>Vorgef\u00e4rbtes Zirconia<\/strong> mit hoher Transluzenz und Biegefestigkeit, f\u00fcr Kappen und Br\u00fccken bis zu 12 Gliedern.<\/p>\n<p>Sie wird in 7 klassischen einfarbigen Farbt\u00f6nen hergestellt: A1 A2 A3 A3.5 B2 C2 D2.<\/p>\n<ul>\n<li><strong>Durchmesser<\/strong>: \u00d8: 98 mm<\/li>\n<li><strong>Erh\u00e4ltlich in den H\u00f6hen:<\/strong> 10 mm bis 25 mm.<\/li>\n<li><strong>Verwendung:<\/strong> Wir empfehlen eine Sintertemperatur von 1430 \u00b0 C f\u00fcr einen matten Effekt und 1530 \u00b0 f\u00fcr einen transluzenten Effekt.<\/li>\n<li><strong>Fehlende Elemente:<\/strong> max. 2<\/li>\n<li><strong>Farbe der Scheibe:<\/strong> A1 A2 A3 A3.5 B2 C2 D2<\/li>\n<li><strong>Empfehlungen zur Einf\u00e4rbung:<\/strong> Wir empfehlen die Charakterisierung mit Colorodent Gold und Colorodent Supercolori.<\/li>\n<\/ul>\n\t\t\t\t\t\t\t\t<\/div>\n\t\t\t\t<\/div>\n\t\t\t\t\t<\/div>\n\t\t\t\t<\/div>\n\t\t\t\t\t<\/div>\n\t\t\t\t<\/div>\n\t\t\t\t<\/div>\n\t\t","protected":false},"excerpt":{"rendered":"<p>Ein Zirkon reich an Nuancen! Preshaded ist das Zirkon mit sieben monochromen Farbt\u00f6nen, klassisch und vielseitig. Es weist eine gute Transluzenz und eine hohe Biegefestigkeit auf.<\/p>\n<p>Diese Zirkon hat eine Grundf\u00e4rbung, die sie sowohl f\u00fcr Kronen- als auch f\u00fcr Br\u00fcckenarbeiten von bis zu 12 Einheiten geeignet macht.<\/p>\n","protected":false},"featured_media":20055,"comment_status":"open","ping_status":"closed","template":"","meta":[],"product_brand":[],"product_cat":[395],"product_tag":[],"class_list":{"0":"post-7344","1":"product","2":"type-product","3":"status-publish","4":"has-post-thumbnail","6":"product_cat-zirkon-disks","7":"pa_colore-a1-de","8":"pa_colore-a2-de","9":"pa_colore-a3-de","10":"pa_colore-a35-de","11":"pa_colore-b2-de","12":"pa_colore-c2-de","13":"pa_colore-d2-de","14":"pa_liquidi-coloranti-gold-de","15":"pa_resistenza-alla-flessione-1200-mpa-de","16":"pa_sinterizzazione-1430-c-de","17":"pa_sinterizzazione-1530-c-de","18":"pa_spessore-10-mm-de","19":"pa_spessore-12-mm-de","20":"pa_spessore-14-mm-de","21":"pa_spessore-16-mm-de","22":"pa_spessore-18-mm-de","23":"pa_spessore-20-mm-de","24":"pa_spessore-22-mm-de","25":"pa_spessore-25-mm-de","26":"pa_tipi-di-lavoro-einzelkronen-de","27":"pa_tipi-di-lavoro-reduzierte-bruecken","28":"pa_tipi-di-lavoro-weitspannige-bruecken-bis-12-glieder","29":"pa_tipologia-einschichtig","30":"pa_traslucenza-43-de","32":"first","33":"instock","34":"taxable","35":"shipping-taxable","36":"purchasable","37":"product-type-variable"},"acf":[],"yoast_head":"<!-- This site is optimized with the Yoast SEO plugin v27.0 - https:\/\/yoast.com\/product\/yoast-seo-wordpress\/ -->\n<title>Zirconia Orodent Preshaded 1200 MPa &#8211; Orodent<\/title>\n<meta name=\"robots\" content=\"index, follow, max-snippet:-1, max-image-preview:large, max-video-preview:-1\" \/>\n<link rel=\"canonical\" href=\"https:\/\/orodent.com\/de\/zirconia-preshaded\/\" \/>\n<meta property=\"og:locale\" content=\"de_DE\" \/>\n<meta property=\"og:type\" content=\"article\" \/>\n<meta property=\"og:title\" content=\"Zirconia Orodent Preshaded 1200 MPa &#8211; Orodent\" \/>\n<meta property=\"og:description\" content=\"Ein Zirkon reich an Nuancen! Preshaded ist das Zirkon mit sieben monochromen Farbt\u00f6nen, klassisch und vielseitig. Es weist eine gute Transluzenz und eine hohe Biegefestigkeit auf. Diese Zirkon hat eine Grundf\u00e4rbung, die sie sowohl f\u00fcr Kronen- als auch f\u00fcr Br\u00fcckenarbeiten von bis zu 12 Einheiten geeignet macht.\" \/>\n<meta property=\"og:url\" content=\"https:\/\/orodent.com\/de\/zirconia-preshaded\/\" \/>\n<meta property=\"og:site_name\" content=\"Orodent\" \/>\n<meta property=\"article:publisher\" content=\"https:\/\/www.facebook.com\/orodentsrl\" \/>\n<meta property=\"article:modified_time\" content=\"2025-10-11T11:20:11+00:00\" \/>\n<meta property=\"og:image\" content=\"https:\/\/orodent.com\/wp-content\/uploads\/2025\/10\/Preshaded-verticale.webp\" \/>\n\t<meta property=\"og:image:width\" content=\"1080\" \/>\n\t<meta property=\"og:image:height\" content=\"1080\" \/>\n\t<meta property=\"og:image:type\" content=\"image\/png\" \/>\n<meta name=\"twitter:card\" content=\"summary_large_image\" \/>\n<meta name=\"twitter:label1\" content=\"Gesch\u00e4tzte Lesezeit\" \/>\n\t<meta name=\"twitter:data1\" content=\"1\u00a0Minute\" \/>\n<script type=\"application\/ld+json\" class=\"yoast-schema-graph\">{\"@context\":\"https:\/\/schema.org\",\"@graph\":[{\"@type\":\"WebPage\",\"@id\":\"https:\/\/orodent.com\/de\/zirconia-preshaded\/\",\"url\":\"https:\/\/orodent.com\/de\/zirconia-preshaded\/\",\"name\":\"Zirconia Orodent Preshaded 1200 MPa &#8211; Orodent\",\"isPartOf\":{\"@id\":\"https:\/\/orodent.com\/de\/#website\"},\"primaryImageOfPage\":{\"@id\":\"https:\/\/orodent.com\/de\/zirconia-preshaded\/#primaryimage\"},\"image\":{\"@id\":\"https:\/\/orodent.com\/de\/zirconia-preshaded\/#primaryimage\"},\"thumbnailUrl\":\"https:\/\/orodent.com\/wp-content\/uploads\/2025\/10\/Preshaded-verticale.webp\",\"datePublished\":\"2021-11-10T09:18:52+00:00\",\"dateModified\":\"2025-10-11T11:20:11+00:00\",\"breadcrumb\":{\"@id\":\"https:\/\/orodent.com\/de\/zirconia-preshaded\/#breadcrumb\"},\"inLanguage\":\"de\",\"potentialAction\":[{\"@type\":\"ReadAction\",\"target\":[\"https:\/\/orodent.com\/de\/zirconia-preshaded\/\"]}]},{\"@type\":\"ImageObject\",\"inLanguage\":\"de\",\"@id\":\"https:\/\/orodent.com\/de\/zirconia-preshaded\/#primaryimage\",\"url\":\"https:\/\/orodent.com\/wp-content\/uploads\/2025\/10\/Preshaded-verticale.webp\",\"contentUrl\":\"https:\/\/orodent.com\/wp-content\/uploads\/2025\/10\/Preshaded-verticale.webp\",\"width\":1080,\"height\":1080,\"caption\":\"Zirconia Orodent Preshaded\"},{\"@type\":\"BreadcrumbList\",\"@id\":\"https:\/\/orodent.com\/de\/zirconia-preshaded\/#breadcrumb\",\"itemListElement\":[{\"@type\":\"ListItem\",\"position\":1,\"name\":\"Orodent\",\"item\":\"https:\/\/orodent.com\/de\/\"},{\"@type\":\"ListItem\",\"position\":2,\"name\":\"Shop\",\"item\":\"https:\/\/orodent.com\/de\/shop\/\"},{\"@type\":\"ListItem\",\"position\":3,\"name\":\"Zirconia Orodent Preshaded 1200 MPa\"}]},{\"@type\":\"WebSite\",\"@id\":\"https:\/\/orodent.com\/de\/#website\",\"url\":\"https:\/\/orodent.com\/de\/\",\"name\":\"Orodent\",\"description\":\"Produzione di Dischi in Zirconia e Colori da Infiltrazione\",\"publisher\":{\"@id\":\"https:\/\/orodent.com\/de\/#organization\"},\"potentialAction\":[{\"@type\":\"SearchAction\",\"target\":{\"@type\":\"EntryPoint\",\"urlTemplate\":\"https:\/\/orodent.com\/de\/?s={search_term_string}\"},\"query-input\":{\"@type\":\"PropertyValueSpecification\",\"valueRequired\":true,\"valueName\":\"search_term_string\"}}],\"inLanguage\":\"de\"},{\"@type\":\"Organization\",\"@id\":\"https:\/\/orodent.com\/de\/#organization\",\"name\":\"Orodent\",\"url\":\"https:\/\/orodent.com\/de\/\",\"logo\":{\"@type\":\"ImageObject\",\"inLanguage\":\"de\",\"@id\":\"https:\/\/orodent.com\/de\/#\/schema\/logo\/image\/\",\"url\":\"https:\/\/orodent.com\/wp-content\/uploads\/2021\/08\/logo-orodent-400.png\",\"contentUrl\":\"https:\/\/orodent.com\/wp-content\/uploads\/2021\/08\/logo-orodent-400.png\",\"width\":550,\"height\":240,\"caption\":\"Orodent\"},\"image\":{\"@id\":\"https:\/\/orodent.com\/de\/#\/schema\/logo\/image\/\"},\"sameAs\":[\"https:\/\/www.facebook.com\/orodentsrl\",\"https:\/\/www.instagram.com\/orodent_zirconia\/\",\"https:\/\/www.linkedin.com\/company\/orodent\/\",\"https:\/\/www.youtube.com\/channel\/UCwDcVjzbpcuxZLt_CR5pgVw\"]}]}<\/script>\n<!-- \/ Yoast SEO plugin. -->","yoast_head_json":{"title":"Zirconia Orodent Preshaded 1200 MPa &#8211; Orodent","robots":{"index":"index","follow":"follow","max-snippet":"max-snippet:-1","max-image-preview":"max-image-preview:large","max-video-preview":"max-video-preview:-1"},"canonical":"https:\/\/orodent.com\/de\/zirconia-preshaded\/","og_locale":"de_DE","og_type":"article","og_title":"Zirconia Orodent Preshaded 1200 MPa &#8211; Orodent","og_description":"Ein Zirkon reich an Nuancen! Preshaded ist das Zirkon mit sieben monochromen Farbt\u00f6nen, klassisch und vielseitig. Es weist eine gute Transluzenz und eine hohe Biegefestigkeit auf. Diese Zirkon hat eine Grundf\u00e4rbung, die sie sowohl f\u00fcr Kronen- als auch f\u00fcr Br\u00fcckenarbeiten von bis zu 12 Einheiten geeignet macht.","og_url":"https:\/\/orodent.com\/de\/zirconia-preshaded\/","og_site_name":"Orodent","article_publisher":"https:\/\/www.facebook.com\/orodentsrl","article_modified_time":"2025-10-11T11:20:11+00:00","og_image":[{"width":1080,"height":1080,"url":"https:\/\/orodent.com\/wp-content\/uploads\/2025\/10\/Preshaded-verticale.webp","type":"image\/png"}],"twitter_card":"summary_large_image","twitter_misc":{"Gesch\u00e4tzte Lesezeit":"1\u00a0Minute"},"schema":{"@context":"https:\/\/schema.org","@graph":[{"@type":"WebPage","@id":"https:\/\/orodent.com\/de\/zirconia-preshaded\/","url":"https:\/\/orodent.com\/de\/zirconia-preshaded\/","name":"Zirconia Orodent Preshaded 1200 MPa &#8211; Orodent","isPartOf":{"@id":"https:\/\/orodent.com\/de\/#website"},"primaryImageOfPage":{"@id":"https:\/\/orodent.com\/de\/zirconia-preshaded\/#primaryimage"},"image":{"@id":"https:\/\/orodent.com\/de\/zirconia-preshaded\/#primaryimage"},"thumbnailUrl":"https:\/\/orodent.com\/wp-content\/uploads\/2025\/10\/Preshaded-verticale.webp","datePublished":"2021-11-10T09:18:52+00:00","dateModified":"2025-10-11T11:20:11+00:00","breadcrumb":{"@id":"https:\/\/orodent.com\/de\/zirconia-preshaded\/#breadcrumb"},"inLanguage":"de","potentialAction":[{"@type":"ReadAction","target":["https:\/\/orodent.com\/de\/zirconia-preshaded\/"]}]},{"@type":"ImageObject","inLanguage":"de","@id":"https:\/\/orodent.com\/de\/zirconia-preshaded\/#primaryimage","url":"https:\/\/orodent.com\/wp-content\/uploads\/2025\/10\/Preshaded-verticale.webp","contentUrl":"https:\/\/orodent.com\/wp-content\/uploads\/2025\/10\/Preshaded-verticale.webp","width":1080,"height":1080,"caption":"Zirconia Orodent Preshaded"},{"@type":"BreadcrumbList","@id":"https:\/\/orodent.com\/de\/zirconia-preshaded\/#breadcrumb","itemListElement":[{"@type":"ListItem","position":1,"name":"Orodent","item":"https:\/\/orodent.com\/de\/"},{"@type":"ListItem","position":2,"name":"Shop","item":"https:\/\/orodent.com\/de\/shop\/"},{"@type":"ListItem","position":3,"name":"Zirconia Orodent Preshaded 1200 MPa"}]},{"@type":"WebSite","@id":"https:\/\/orodent.com\/de\/#website","url":"https:\/\/orodent.com\/de\/","name":"Orodent","description":"Produzione di Dischi in Zirconia e Colori da Infiltrazione","publisher":{"@id":"https:\/\/orodent.com\/de\/#organization"},"potentialAction":[{"@type":"SearchAction","target":{"@type":"EntryPoint","urlTemplate":"https:\/\/orodent.com\/de\/?s={search_term_string}"},"query-input":{"@type":"PropertyValueSpecification","valueRequired":true,"valueName":"search_term_string"}}],"inLanguage":"de"},{"@type":"Organization","@id":"https:\/\/orodent.com\/de\/#organization","name":"Orodent","url":"https:\/\/orodent.com\/de\/","logo":{"@type":"ImageObject","inLanguage":"de","@id":"https:\/\/orodent.com\/de\/#\/schema\/logo\/image\/","url":"https:\/\/orodent.com\/wp-content\/uploads\/2021\/08\/logo-orodent-400.png","contentUrl":"https:\/\/orodent.com\/wp-content\/uploads\/2021\/08\/logo-orodent-400.png","width":550,"height":240,"caption":"Orodent"},"image":{"@id":"https:\/\/orodent.com\/de\/#\/schema\/logo\/image\/"},"sameAs":["https:\/\/www.facebook.com\/orodentsrl","https:\/\/www.instagram.com\/orodent_zirconia\/","https:\/\/www.linkedin.com\/company\/orodent\/","https:\/\/www.youtube.com\/channel\/UCwDcVjzbpcuxZLt_CR5pgVw"]}]}},"_links":{"self":[{"href":"https:\/\/orodent.com\/de\/wp-json\/wp\/v2\/product\/7344","targetHints":{"allow":["GET"]}}],"collection":[{"href":"https:\/\/orodent.com\/de\/wp-json\/wp\/v2\/product"}],"about":[{"href":"https:\/\/orodent.com\/de\/wp-json\/wp\/v2\/types\/product"}],"replies":[{"embeddable":true,"href":"https:\/\/orodent.com\/de\/wp-json\/wp\/v2\/comments?post=7344"}],"version-history":[{"count":5,"href":"https:\/\/orodent.com\/de\/wp-json\/wp\/v2\/product\/7344\/revisions"}],"predecessor-version":[{"id":20213,"href":"https:\/\/orodent.com\/de\/wp-json\/wp\/v2\/product\/7344\/revisions\/20213"}],"wp:featuredmedia":[{"embeddable":true,"href":"https:\/\/orodent.com\/de\/wp-json\/wp\/v2\/media\/20055"}],"wp:attachment":[{"href":"https:\/\/orodent.com\/de\/wp-json\/wp\/v2\/media?parent=7344"}],"wp:term":[{"taxonomy":"product_brand","embeddable":true,"href":"https:\/\/orodent.com\/de\/wp-json\/wp\/v2\/product_brand?post=7344"},{"taxonomy":"product_cat","embeddable":true,"href":"https:\/\/orodent.com\/de\/wp-json\/wp\/v2\/product_cat?post=7344"},{"taxonomy":"product_tag","embeddable":true,"href":"https:\/\/orodent.com\/de\/wp-json\/wp\/v2\/product_tag?post=7344"}],"curies":[{"name":"wp","href":"https:\/\/api.w.org\/{rel}","templated":true}]}}