{"id":7165,"date":"2021-11-10T18:18:25","date_gmt":"2022-05-13T14:03:20","guid":{"rendered":"https:\/\/orodent.com\/colorodent-basic-zirkoniumdioxid-fluessigkeiten\/"},"modified":"2024-07-01T16:40:14","modified_gmt":"2024-07-01T14:40:14","slug":"colorodent-basic-zirkoniumdioxid-flussigkeiten","status":"publish","type":"product","link":"https:\/\/orodent.com\/de\/colorodent-basic-zirkoniumdioxid-flussigkeiten\/","title":{"rendered":"Colorodent Gold Zirkoniumdioxid-Fl\u00fcssigkeiten"},"content":{"rendered":"\t\t<div data-elementor-type=\"product-post\" data-elementor-id=\"7165\" class=\"elementor elementor-7165 elementor-1810\" data-elementor-post-type=\"product\">\n\t\t\t\t\t\t<section class=\"elementor-section elementor-top-section elementor-element elementor-element-d860591 elementor-section-boxed elementor-section-height-default elementor-section-height-default\" data-id=\"d860591\" data-element_type=\"section\" data-e-type=\"section\">\n\t\t\t\t\t\t<div class=\"elementor-container elementor-column-gap-default\">\n\t\t\t\t\t<div class=\"elementor-column elementor-col-100 elementor-top-column elementor-element elementor-element-68e5826c\" data-id=\"68e5826c\" data-element_type=\"column\" data-e-type=\"column\">\n\t\t\t<div class=\"elementor-widget-wrap elementor-element-populated\">\n\t\t\t\t\t\t<div class=\"elementor-element elementor-element-5189783b elementor-widget elementor-widget-text-editor\" data-id=\"5189783b\" data-element_type=\"widget\" data-e-type=\"widget\" data-widget_type=\"text-editor.default\">\n\t\t\t\t<div class=\"elementor-widget-container\">\n\t\t\t\t\t\t\t\t\t<p>Interamente a base neutra a ph 5.5, i colori per zirconia della linea Colorodent Gold ricoprono tutte le colorazioni della Scala Vita, ad esclusione di A1 e B1. Disponibile in formato 50 ml.<\/p>\n\t\t\t\t\t\t\t\t<\/div>\n\t\t\t\t<\/div>\n\t\t\t\t\t<\/div>\n\t\t<\/div>\n\t\t\t\t\t<\/div>\n\t\t<\/section>\n\t\t\t\t<\/div>\n\t\t","protected":false},"excerpt":{"rendered":"<p>Die Colorodent Gold-Linie ist zum Einf\u00e4rben von Goldzirkoniumdioxid und zur Charakterisierung von Thor-, Eos- und Venus-Zirkoniumdioxid bestimmt. Diese Zirkon-Fl\u00fcssigkeiten werden f\u00fcr bereits gef\u00e4rbten Zirkon hergestellt und sind daher weniger farbenfroh und weniger ges\u00e4ttigt<\/p>\n","protected":false},"featured_media":14568,"comment_status":"open","ping_status":"closed","template":"","meta":[],"product_brand":[],"product_cat":[375],"product_tag":[],"class_list":{"0":"post-7165","1":"product","2":"type-product","3":"status-publish","4":"has-post-thumbnail","6":"product_cat-zirkon-flussigkeiten","7":"pa_colore-a2-de","8":"pa_colore-a3-de","9":"pa_colore-a35-de","10":"pa_colore-a4-de","11":"pa_colore-b2-de","12":"pa_colore-b3-de","13":"pa_colore-b4-de","14":"pa_colore-c1-de","15":"pa_colore-c2-de","16":"pa_colore-c3-de","17":"pa_colore-c4-de","18":"pa_colore-d2-de","19":"pa_colore-d3-de","20":"pa_colore-d4-de","21":"pa_quantita-50-ml-de","23":"first","24":"instock","25":"taxable","26":"shipping-taxable","27":"purchasable","28":"product-type-variable"},"acf":[],"yoast_head":"<!-- This site is optimized with the Yoast SEO plugin v27.0 - https:\/\/yoast.com\/product\/yoast-seo-wordpress\/ -->\n<title>Colorodent Gold Zirkoniumdioxid-Fl\u00fcssigkeiten &#8211; Orodent<\/title>\n<meta name=\"robots\" content=\"index, follow, max-snippet:-1, max-image-preview:large, max-video-preview:-1\" \/>\n<link rel=\"canonical\" href=\"https:\/\/orodent.com\/de\/colorodent-basic-zirkoniumdioxid-flussigkeiten\/\" \/>\n<meta property=\"og:locale\" content=\"de_DE\" \/>\n<meta property=\"og:type\" content=\"article\" \/>\n<meta property=\"og:title\" content=\"Colorodent Gold Zirkoniumdioxid-Fl\u00fcssigkeiten &#8211; Orodent\" \/>\n<meta property=\"og:description\" content=\"Die Colorodent Gold-Linie ist zum Einf\u00e4rben von Goldzirkoniumdioxid und zur Charakterisierung von Thor-, Eos- und Venus-Zirkoniumdioxid bestimmt. Diese Zirkon-Fl\u00fcssigkeiten werden f\u00fcr bereits gef\u00e4rbten Zirkon hergestellt und sind daher weniger farbenfroh und weniger ges\u00e4ttigt\" \/>\n<meta property=\"og:url\" content=\"https:\/\/orodent.com\/de\/colorodent-basic-zirkoniumdioxid-flussigkeiten\/\" \/>\n<meta property=\"og:site_name\" content=\"Orodent\" \/>\n<meta property=\"article:publisher\" content=\"https:\/\/www.facebook.com\/orodentsrl\" \/>\n<meta property=\"article:modified_time\" content=\"2024-07-01T14:40:14+00:00\" \/>\n<meta property=\"og:image\" content=\"https:\/\/orodent.com\/wp-content\/uploads\/2021\/11\/Gold-50ml.webp\" \/>\n\t<meta property=\"og:image:width\" content=\"1080\" \/>\n\t<meta property=\"og:image:height\" content=\"1080\" \/>\n\t<meta property=\"og:image:type\" content=\"image\/webp\" \/>\n<meta name=\"twitter:card\" content=\"summary_large_image\" \/>\n<meta name=\"twitter:label1\" content=\"Gesch\u00e4tzte Lesezeit\" \/>\n\t<meta name=\"twitter:data1\" content=\"1\u00a0Minute\" \/>\n<script type=\"application\/ld+json\" class=\"yoast-schema-graph\">{\"@context\":\"https:\/\/schema.org\",\"@graph\":[{\"@type\":\"WebPage\",\"@id\":\"https:\/\/orodent.com\/de\/colorodent-basic-zirkoniumdioxid-flussigkeiten\/\",\"url\":\"https:\/\/orodent.com\/de\/colorodent-basic-zirkoniumdioxid-flussigkeiten\/\",\"name\":\"Colorodent Gold Zirkoniumdioxid-Fl\u00fcssigkeiten &#8211; Orodent\",\"isPartOf\":{\"@id\":\"https:\/\/orodent.com\/de\/#website\"},\"primaryImageOfPage\":{\"@id\":\"https:\/\/orodent.com\/de\/colorodent-basic-zirkoniumdioxid-flussigkeiten\/#primaryimage\"},\"image\":{\"@id\":\"https:\/\/orodent.com\/de\/colorodent-basic-zirkoniumdioxid-flussigkeiten\/#primaryimage\"},\"thumbnailUrl\":\"https:\/\/orodent.com\/wp-content\/uploads\/2021\/11\/Gold-50ml.webp\",\"datePublished\":\"2022-05-13T14:03:20+00:00\",\"dateModified\":\"2024-07-01T14:40:14+00:00\",\"breadcrumb\":{\"@id\":\"https:\/\/orodent.com\/de\/colorodent-basic-zirkoniumdioxid-flussigkeiten\/#breadcrumb\"},\"inLanguage\":\"de\",\"potentialAction\":[{\"@type\":\"ReadAction\",\"target\":[\"https:\/\/orodent.com\/de\/colorodent-basic-zirkoniumdioxid-flussigkeiten\/\"]}]},{\"@type\":\"ImageObject\",\"inLanguage\":\"de\",\"@id\":\"https:\/\/orodent.com\/de\/colorodent-basic-zirkoniumdioxid-flussigkeiten\/#primaryimage\",\"url\":\"https:\/\/orodent.com\/wp-content\/uploads\/2021\/11\/Gold-50ml.webp\",\"contentUrl\":\"https:\/\/orodent.com\/wp-content\/uploads\/2021\/11\/Gold-50ml.webp\",\"width\":1080,\"height\":1080},{\"@type\":\"BreadcrumbList\",\"@id\":\"https:\/\/orodent.com\/de\/colorodent-basic-zirkoniumdioxid-flussigkeiten\/#breadcrumb\",\"itemListElement\":[{\"@type\":\"ListItem\",\"position\":1,\"name\":\"Orodent\",\"item\":\"https:\/\/orodent.com\/de\/\"},{\"@type\":\"ListItem\",\"position\":2,\"name\":\"Shop\",\"item\":\"https:\/\/orodent.com\/de\/shop\/\"},{\"@type\":\"ListItem\",\"position\":3,\"name\":\"Colorodent Gold Zirkoniumdioxid-Fl\u00fcssigkeiten\"}]},{\"@type\":\"WebSite\",\"@id\":\"https:\/\/orodent.com\/de\/#website\",\"url\":\"https:\/\/orodent.com\/de\/\",\"name\":\"Orodent\",\"description\":\"Produzione di Dischi in Zirconia e Colori da Infiltrazione\",\"publisher\":{\"@id\":\"https:\/\/orodent.com\/de\/#organization\"},\"potentialAction\":[{\"@type\":\"SearchAction\",\"target\":{\"@type\":\"EntryPoint\",\"urlTemplate\":\"https:\/\/orodent.com\/de\/?s={search_term_string}\"},\"query-input\":{\"@type\":\"PropertyValueSpecification\",\"valueRequired\":true,\"valueName\":\"search_term_string\"}}],\"inLanguage\":\"de\"},{\"@type\":\"Organization\",\"@id\":\"https:\/\/orodent.com\/de\/#organization\",\"name\":\"Orodent\",\"url\":\"https:\/\/orodent.com\/de\/\",\"logo\":{\"@type\":\"ImageObject\",\"inLanguage\":\"de\",\"@id\":\"https:\/\/orodent.com\/de\/#\/schema\/logo\/image\/\",\"url\":\"https:\/\/orodent.com\/wp-content\/uploads\/2021\/08\/logo-orodent-400.png\",\"contentUrl\":\"https:\/\/orodent.com\/wp-content\/uploads\/2021\/08\/logo-orodent-400.png\",\"width\":550,\"height\":240,\"caption\":\"Orodent\"},\"image\":{\"@id\":\"https:\/\/orodent.com\/de\/#\/schema\/logo\/image\/\"},\"sameAs\":[\"https:\/\/www.facebook.com\/orodentsrl\",\"https:\/\/www.instagram.com\/orodent_zirconia\/\",\"https:\/\/www.linkedin.com\/company\/orodent\/\",\"https:\/\/www.youtube.com\/channel\/UCwDcVjzbpcuxZLt_CR5pgVw\"]}]}<\/script>\n<!-- \/ Yoast SEO plugin. -->","yoast_head_json":{"title":"Colorodent Gold Zirkoniumdioxid-Fl\u00fcssigkeiten &#8211; Orodent","robots":{"index":"index","follow":"follow","max-snippet":"max-snippet:-1","max-image-preview":"max-image-preview:large","max-video-preview":"max-video-preview:-1"},"canonical":"https:\/\/orodent.com\/de\/colorodent-basic-zirkoniumdioxid-flussigkeiten\/","og_locale":"de_DE","og_type":"article","og_title":"Colorodent Gold Zirkoniumdioxid-Fl\u00fcssigkeiten &#8211; Orodent","og_description":"Die Colorodent Gold-Linie ist zum Einf\u00e4rben von Goldzirkoniumdioxid und zur Charakterisierung von Thor-, Eos- und Venus-Zirkoniumdioxid bestimmt. Diese Zirkon-Fl\u00fcssigkeiten werden f\u00fcr bereits gef\u00e4rbten Zirkon hergestellt und sind daher weniger farbenfroh und weniger ges\u00e4ttigt","og_url":"https:\/\/orodent.com\/de\/colorodent-basic-zirkoniumdioxid-flussigkeiten\/","og_site_name":"Orodent","article_publisher":"https:\/\/www.facebook.com\/orodentsrl","article_modified_time":"2024-07-01T14:40:14+00:00","og_image":[{"width":1080,"height":1080,"url":"https:\/\/orodent.com\/wp-content\/uploads\/2021\/11\/Gold-50ml.webp","type":"image\/webp"}],"twitter_card":"summary_large_image","twitter_misc":{"Gesch\u00e4tzte Lesezeit":"1\u00a0Minute"},"schema":{"@context":"https:\/\/schema.org","@graph":[{"@type":"WebPage","@id":"https:\/\/orodent.com\/de\/colorodent-basic-zirkoniumdioxid-flussigkeiten\/","url":"https:\/\/orodent.com\/de\/colorodent-basic-zirkoniumdioxid-flussigkeiten\/","name":"Colorodent Gold Zirkoniumdioxid-Fl\u00fcssigkeiten &#8211; Orodent","isPartOf":{"@id":"https:\/\/orodent.com\/de\/#website"},"primaryImageOfPage":{"@id":"https:\/\/orodent.com\/de\/colorodent-basic-zirkoniumdioxid-flussigkeiten\/#primaryimage"},"image":{"@id":"https:\/\/orodent.com\/de\/colorodent-basic-zirkoniumdioxid-flussigkeiten\/#primaryimage"},"thumbnailUrl":"https:\/\/orodent.com\/wp-content\/uploads\/2021\/11\/Gold-50ml.webp","datePublished":"2022-05-13T14:03:20+00:00","dateModified":"2024-07-01T14:40:14+00:00","breadcrumb":{"@id":"https:\/\/orodent.com\/de\/colorodent-basic-zirkoniumdioxid-flussigkeiten\/#breadcrumb"},"inLanguage":"de","potentialAction":[{"@type":"ReadAction","target":["https:\/\/orodent.com\/de\/colorodent-basic-zirkoniumdioxid-flussigkeiten\/"]}]},{"@type":"ImageObject","inLanguage":"de","@id":"https:\/\/orodent.com\/de\/colorodent-basic-zirkoniumdioxid-flussigkeiten\/#primaryimage","url":"https:\/\/orodent.com\/wp-content\/uploads\/2021\/11\/Gold-50ml.webp","contentUrl":"https:\/\/orodent.com\/wp-content\/uploads\/2021\/11\/Gold-50ml.webp","width":1080,"height":1080},{"@type":"BreadcrumbList","@id":"https:\/\/orodent.com\/de\/colorodent-basic-zirkoniumdioxid-flussigkeiten\/#breadcrumb","itemListElement":[{"@type":"ListItem","position":1,"name":"Orodent","item":"https:\/\/orodent.com\/de\/"},{"@type":"ListItem","position":2,"name":"Shop","item":"https:\/\/orodent.com\/de\/shop\/"},{"@type":"ListItem","position":3,"name":"Colorodent Gold Zirkoniumdioxid-Fl\u00fcssigkeiten"}]},{"@type":"WebSite","@id":"https:\/\/orodent.com\/de\/#website","url":"https:\/\/orodent.com\/de\/","name":"Orodent","description":"Produzione di Dischi in Zirconia e Colori da Infiltrazione","publisher":{"@id":"https:\/\/orodent.com\/de\/#organization"},"potentialAction":[{"@type":"SearchAction","target":{"@type":"EntryPoint","urlTemplate":"https:\/\/orodent.com\/de\/?s={search_term_string}"},"query-input":{"@type":"PropertyValueSpecification","valueRequired":true,"valueName":"search_term_string"}}],"inLanguage":"de"},{"@type":"Organization","@id":"https:\/\/orodent.com\/de\/#organization","name":"Orodent","url":"https:\/\/orodent.com\/de\/","logo":{"@type":"ImageObject","inLanguage":"de","@id":"https:\/\/orodent.com\/de\/#\/schema\/logo\/image\/","url":"https:\/\/orodent.com\/wp-content\/uploads\/2021\/08\/logo-orodent-400.png","contentUrl":"https:\/\/orodent.com\/wp-content\/uploads\/2021\/08\/logo-orodent-400.png","width":550,"height":240,"caption":"Orodent"},"image":{"@id":"https:\/\/orodent.com\/de\/#\/schema\/logo\/image\/"},"sameAs":["https:\/\/www.facebook.com\/orodentsrl","https:\/\/www.instagram.com\/orodent_zirconia\/","https:\/\/www.linkedin.com\/company\/orodent\/","https:\/\/www.youtube.com\/channel\/UCwDcVjzbpcuxZLt_CR5pgVw"]}]}},"_links":{"self":[{"href":"https:\/\/orodent.com\/de\/wp-json\/wp\/v2\/product\/7165","targetHints":{"allow":["GET"]}}],"collection":[{"href":"https:\/\/orodent.com\/de\/wp-json\/wp\/v2\/product"}],"about":[{"href":"https:\/\/orodent.com\/de\/wp-json\/wp\/v2\/types\/product"}],"replies":[{"embeddable":true,"href":"https:\/\/orodent.com\/de\/wp-json\/wp\/v2\/comments?post=7165"}],"version-history":[{"count":14,"href":"https:\/\/orodent.com\/de\/wp-json\/wp\/v2\/product\/7165\/revisions"}],"predecessor-version":[{"id":18811,"href":"https:\/\/orodent.com\/de\/wp-json\/wp\/v2\/product\/7165\/revisions\/18811"}],"wp:featuredmedia":[{"embeddable":true,"href":"https:\/\/orodent.com\/de\/wp-json\/wp\/v2\/media\/14568"}],"wp:attachment":[{"href":"https:\/\/orodent.com\/de\/wp-json\/wp\/v2\/media?parent=7165"}],"wp:term":[{"taxonomy":"product_brand","embeddable":true,"href":"https:\/\/orodent.com\/de\/wp-json\/wp\/v2\/product_brand?post=7165"},{"taxonomy":"product_cat","embeddable":true,"href":"https:\/\/orodent.com\/de\/wp-json\/wp\/v2\/product_cat?post=7165"},{"taxonomy":"product_tag","embeddable":true,"href":"https:\/\/orodent.com\/de\/wp-json\/wp\/v2\/product_tag?post=7165"}],"curies":[{"name":"wp","href":"https:\/\/api.w.org\/{rel}","templated":true}]}}