{"id":7095,"date":"2021-11-10T18:34:19","date_gmt":"2022-05-13T13:36:23","guid":{"rendered":"https:\/\/orodent.com\/colorodent-basic-zirkoniumdioxid-fluessigkeiten\/"},"modified":"2024-07-01T16:43:17","modified_gmt":"2024-07-01T14:43:17","slug":"colorodent-basic-zirkoniumdioxid-flussigkeiten-2","status":"publish","type":"product","link":"https:\/\/orodent.com\/de\/colorodent-basic-zirkoniumdioxid-flussigkeiten-2\/","title":{"rendered":"Colorodent Basic Zirkoniumdioxid-Fl\u00fcssigkeiten"},"content":{"rendered":"\t\t<div data-elementor-type=\"product-post\" data-elementor-id=\"7095\" class=\"elementor elementor-7095 elementor-1839\" data-elementor-post-type=\"product\">\n\t\t\t\t\t\t<section class=\"elementor-section elementor-top-section elementor-element elementor-element-799beda9 elementor-section-boxed elementor-section-height-default elementor-section-height-default\" data-id=\"799beda9\" data-element_type=\"section\" data-e-type=\"section\">\n\t\t\t\t\t\t<div class=\"elementor-container elementor-column-gap-default\">\n\t\t\t\t\t<div class=\"elementor-column elementor-col-100 elementor-top-column elementor-element elementor-element-7b16c09\" data-id=\"7b16c09\" data-element_type=\"column\" data-e-type=\"column\">\n\t\t\t<div class=\"elementor-widget-wrap elementor-element-populated\">\n\t\t\t\t\t\t<div class=\"elementor-element elementor-element-2c370c55 elementor-widget elementor-widget-text-editor\" data-id=\"2c370c55\" data-element_type=\"widget\" data-e-type=\"widget\" data-widget_type=\"text-editor.default\">\n\t\t\t\t<div class=\"elementor-widget-container\">\n\t\t\t\t\t\t\t\t\t<p>Interamente a base neutra a ph 5.5, la linea Basic ricopre interamente tutte le colorazioni della Scala Vita. Disponibile in confezioni da 50 e 100 ml.<\/p>\n\t\t\t\t\t\t\t\t<\/div>\n\t\t\t\t<\/div>\n\t\t\t\t\t<\/div>\n\t\t<\/div>\n\t\t\t\t\t<\/div>\n\t\t<\/section>\n\t\t\t\t<\/div>\n\t\t","protected":false},"excerpt":{"rendered":"<p>Die Colorodent Basic-Linie ist f\u00fcr die Verwendung auf wei\u00dfem, mattem, hochtransluzentem und bleachfarbenem Zirkoniumdioxid vorgesehen.<\/p>\n","protected":false},"featured_media":14488,"comment_status":"open","ping_status":"closed","template":"","meta":[],"product_brand":[],"product_cat":[375],"product_tag":[],"class_list":{"0":"post-7095","1":"product","2":"type-product","3":"status-publish","4":"has-post-thumbnail","6":"product_cat-zirkon-flussigkeiten","7":"pa_colore-a1-de","8":"pa_colore-a2-de","9":"pa_colore-a3-de","10":"pa_colore-a35-de","11":"pa_colore-a4-de","12":"pa_colore-b1-de","13":"pa_colore-b2-de","14":"pa_colore-b3-de","15":"pa_colore-b4-de","16":"pa_colore-c1-de","17":"pa_colore-c2-de","18":"pa_colore-c3-de","19":"pa_colore-c4-de","20":"pa_colore-d2-de","21":"pa_colore-d3-de","22":"pa_colore-d4-de","23":"pa_quantita-50-ml-de","25":"first","26":"instock","27":"taxable","28":"shipping-taxable","29":"purchasable","30":"product-type-variable"},"acf":[],"yoast_head":"<!-- This site is optimized with the Yoast SEO plugin v27.0 - https:\/\/yoast.com\/product\/yoast-seo-wordpress\/ -->\n<title>Colorodent Basic Zirkoniumdioxid-Fl\u00fcssigkeiten &#8211; Orodent<\/title>\n<meta name=\"robots\" content=\"index, follow, max-snippet:-1, max-image-preview:large, max-video-preview:-1\" \/>\n<link rel=\"canonical\" href=\"https:\/\/orodent.com\/de\/colorodent-basic-zirkoniumdioxid-flussigkeiten-2\/\" \/>\n<meta property=\"og:locale\" content=\"de_DE\" \/>\n<meta property=\"og:type\" content=\"article\" \/>\n<meta property=\"og:title\" content=\"Colorodent Basic Zirkoniumdioxid-Fl\u00fcssigkeiten &#8211; Orodent\" \/>\n<meta property=\"og:description\" content=\"Die Colorodent Basic-Linie ist f\u00fcr die Verwendung auf wei\u00dfem, mattem, hochtransluzentem und bleachfarbenem Zirkoniumdioxid vorgesehen.\" \/>\n<meta property=\"og:url\" content=\"https:\/\/orodent.com\/de\/colorodent-basic-zirkoniumdioxid-flussigkeiten-2\/\" \/>\n<meta property=\"og:site_name\" content=\"Orodent\" \/>\n<meta property=\"article:publisher\" content=\"https:\/\/www.facebook.com\/orodentsrl\" \/>\n<meta property=\"article:modified_time\" content=\"2024-07-01T14:43:17+00:00\" \/>\n<meta property=\"og:image\" content=\"https:\/\/orodent.com\/wp-content\/uploads\/2021\/11\/Basic-100ml.png\" \/>\n\t<meta property=\"og:image:width\" content=\"1080\" \/>\n\t<meta property=\"og:image:height\" content=\"1080\" \/>\n\t<meta property=\"og:image:type\" content=\"image\/png\" \/>\n<meta name=\"twitter:card\" content=\"summary_large_image\" \/>\n<script type=\"application\/ld+json\" class=\"yoast-schema-graph\">{\"@context\":\"https:\/\/schema.org\",\"@graph\":[{\"@type\":\"WebPage\",\"@id\":\"https:\/\/orodent.com\/de\/colorodent-basic-zirkoniumdioxid-flussigkeiten-2\/\",\"url\":\"https:\/\/orodent.com\/de\/colorodent-basic-zirkoniumdioxid-flussigkeiten-2\/\",\"name\":\"Colorodent Basic Zirkoniumdioxid-Fl\u00fcssigkeiten &#8211; Orodent\",\"isPartOf\":{\"@id\":\"https:\/\/orodent.com\/de\/#website\"},\"primaryImageOfPage\":{\"@id\":\"https:\/\/orodent.com\/de\/colorodent-basic-zirkoniumdioxid-flussigkeiten-2\/#primaryimage\"},\"image\":{\"@id\":\"https:\/\/orodent.com\/de\/colorodent-basic-zirkoniumdioxid-flussigkeiten-2\/#primaryimage\"},\"thumbnailUrl\":\"https:\/\/orodent.com\/wp-content\/uploads\/2021\/11\/Basic-100ml.png\",\"datePublished\":\"2022-05-13T13:36:23+00:00\",\"dateModified\":\"2024-07-01T14:43:17+00:00\",\"breadcrumb\":{\"@id\":\"https:\/\/orodent.com\/de\/colorodent-basic-zirkoniumdioxid-flussigkeiten-2\/#breadcrumb\"},\"inLanguage\":\"de\",\"potentialAction\":[{\"@type\":\"ReadAction\",\"target\":[\"https:\/\/orodent.com\/de\/colorodent-basic-zirkoniumdioxid-flussigkeiten-2\/\"]}]},{\"@type\":\"ImageObject\",\"inLanguage\":\"de\",\"@id\":\"https:\/\/orodent.com\/de\/colorodent-basic-zirkoniumdioxid-flussigkeiten-2\/#primaryimage\",\"url\":\"https:\/\/orodent.com\/wp-content\/uploads\/2021\/11\/Basic-100ml.png\",\"contentUrl\":\"https:\/\/orodent.com\/wp-content\/uploads\/2021\/11\/Basic-100ml.png\",\"width\":1080,\"height\":1080},{\"@type\":\"BreadcrumbList\",\"@id\":\"https:\/\/orodent.com\/de\/colorodent-basic-zirkoniumdioxid-flussigkeiten-2\/#breadcrumb\",\"itemListElement\":[{\"@type\":\"ListItem\",\"position\":1,\"name\":\"Orodent\",\"item\":\"https:\/\/orodent.com\/de\/\"},{\"@type\":\"ListItem\",\"position\":2,\"name\":\"Shop\",\"item\":\"https:\/\/orodent.com\/de\/shop\/\"},{\"@type\":\"ListItem\",\"position\":3,\"name\":\"Colorodent Basic Zirkoniumdioxid-Fl\u00fcssigkeiten\"}]},{\"@type\":\"WebSite\",\"@id\":\"https:\/\/orodent.com\/de\/#website\",\"url\":\"https:\/\/orodent.com\/de\/\",\"name\":\"Orodent\",\"description\":\"Produzione di Dischi in Zirconia e Colori da Infiltrazione\",\"publisher\":{\"@id\":\"https:\/\/orodent.com\/de\/#organization\"},\"potentialAction\":[{\"@type\":\"SearchAction\",\"target\":{\"@type\":\"EntryPoint\",\"urlTemplate\":\"https:\/\/orodent.com\/de\/?s={search_term_string}\"},\"query-input\":{\"@type\":\"PropertyValueSpecification\",\"valueRequired\":true,\"valueName\":\"search_term_string\"}}],\"inLanguage\":\"de\"},{\"@type\":\"Organization\",\"@id\":\"https:\/\/orodent.com\/de\/#organization\",\"name\":\"Orodent\",\"url\":\"https:\/\/orodent.com\/de\/\",\"logo\":{\"@type\":\"ImageObject\",\"inLanguage\":\"de\",\"@id\":\"https:\/\/orodent.com\/de\/#\/schema\/logo\/image\/\",\"url\":\"https:\/\/orodent.com\/wp-content\/uploads\/2021\/08\/logo-orodent-400.png\",\"contentUrl\":\"https:\/\/orodent.com\/wp-content\/uploads\/2021\/08\/logo-orodent-400.png\",\"width\":550,\"height\":240,\"caption\":\"Orodent\"},\"image\":{\"@id\":\"https:\/\/orodent.com\/de\/#\/schema\/logo\/image\/\"},\"sameAs\":[\"https:\/\/www.facebook.com\/orodentsrl\",\"https:\/\/www.instagram.com\/orodent_zirconia\/\",\"https:\/\/www.linkedin.com\/company\/orodent\/\",\"https:\/\/www.youtube.com\/channel\/UCwDcVjzbpcuxZLt_CR5pgVw\"]}]}<\/script>\n<!-- \/ Yoast SEO plugin. -->","yoast_head_json":{"title":"Colorodent Basic Zirkoniumdioxid-Fl\u00fcssigkeiten &#8211; Orodent","robots":{"index":"index","follow":"follow","max-snippet":"max-snippet:-1","max-image-preview":"max-image-preview:large","max-video-preview":"max-video-preview:-1"},"canonical":"https:\/\/orodent.com\/de\/colorodent-basic-zirkoniumdioxid-flussigkeiten-2\/","og_locale":"de_DE","og_type":"article","og_title":"Colorodent Basic Zirkoniumdioxid-Fl\u00fcssigkeiten &#8211; Orodent","og_description":"Die Colorodent Basic-Linie ist f\u00fcr die Verwendung auf wei\u00dfem, mattem, hochtransluzentem und bleachfarbenem Zirkoniumdioxid vorgesehen.","og_url":"https:\/\/orodent.com\/de\/colorodent-basic-zirkoniumdioxid-flussigkeiten-2\/","og_site_name":"Orodent","article_publisher":"https:\/\/www.facebook.com\/orodentsrl","article_modified_time":"2024-07-01T14:43:17+00:00","og_image":[{"width":1080,"height":1080,"url":"https:\/\/orodent.com\/wp-content\/uploads\/2021\/11\/Basic-100ml.png","type":"image\/png"}],"twitter_card":"summary_large_image","schema":{"@context":"https:\/\/schema.org","@graph":[{"@type":"WebPage","@id":"https:\/\/orodent.com\/de\/colorodent-basic-zirkoniumdioxid-flussigkeiten-2\/","url":"https:\/\/orodent.com\/de\/colorodent-basic-zirkoniumdioxid-flussigkeiten-2\/","name":"Colorodent Basic Zirkoniumdioxid-Fl\u00fcssigkeiten &#8211; Orodent","isPartOf":{"@id":"https:\/\/orodent.com\/de\/#website"},"primaryImageOfPage":{"@id":"https:\/\/orodent.com\/de\/colorodent-basic-zirkoniumdioxid-flussigkeiten-2\/#primaryimage"},"image":{"@id":"https:\/\/orodent.com\/de\/colorodent-basic-zirkoniumdioxid-flussigkeiten-2\/#primaryimage"},"thumbnailUrl":"https:\/\/orodent.com\/wp-content\/uploads\/2021\/11\/Basic-100ml.png","datePublished":"2022-05-13T13:36:23+00:00","dateModified":"2024-07-01T14:43:17+00:00","breadcrumb":{"@id":"https:\/\/orodent.com\/de\/colorodent-basic-zirkoniumdioxid-flussigkeiten-2\/#breadcrumb"},"inLanguage":"de","potentialAction":[{"@type":"ReadAction","target":["https:\/\/orodent.com\/de\/colorodent-basic-zirkoniumdioxid-flussigkeiten-2\/"]}]},{"@type":"ImageObject","inLanguage":"de","@id":"https:\/\/orodent.com\/de\/colorodent-basic-zirkoniumdioxid-flussigkeiten-2\/#primaryimage","url":"https:\/\/orodent.com\/wp-content\/uploads\/2021\/11\/Basic-100ml.png","contentUrl":"https:\/\/orodent.com\/wp-content\/uploads\/2021\/11\/Basic-100ml.png","width":1080,"height":1080},{"@type":"BreadcrumbList","@id":"https:\/\/orodent.com\/de\/colorodent-basic-zirkoniumdioxid-flussigkeiten-2\/#breadcrumb","itemListElement":[{"@type":"ListItem","position":1,"name":"Orodent","item":"https:\/\/orodent.com\/de\/"},{"@type":"ListItem","position":2,"name":"Shop","item":"https:\/\/orodent.com\/de\/shop\/"},{"@type":"ListItem","position":3,"name":"Colorodent Basic Zirkoniumdioxid-Fl\u00fcssigkeiten"}]},{"@type":"WebSite","@id":"https:\/\/orodent.com\/de\/#website","url":"https:\/\/orodent.com\/de\/","name":"Orodent","description":"Produzione di Dischi in Zirconia e Colori da Infiltrazione","publisher":{"@id":"https:\/\/orodent.com\/de\/#organization"},"potentialAction":[{"@type":"SearchAction","target":{"@type":"EntryPoint","urlTemplate":"https:\/\/orodent.com\/de\/?s={search_term_string}"},"query-input":{"@type":"PropertyValueSpecification","valueRequired":true,"valueName":"search_term_string"}}],"inLanguage":"de"},{"@type":"Organization","@id":"https:\/\/orodent.com\/de\/#organization","name":"Orodent","url":"https:\/\/orodent.com\/de\/","logo":{"@type":"ImageObject","inLanguage":"de","@id":"https:\/\/orodent.com\/de\/#\/schema\/logo\/image\/","url":"https:\/\/orodent.com\/wp-content\/uploads\/2021\/08\/logo-orodent-400.png","contentUrl":"https:\/\/orodent.com\/wp-content\/uploads\/2021\/08\/logo-orodent-400.png","width":550,"height":240,"caption":"Orodent"},"image":{"@id":"https:\/\/orodent.com\/de\/#\/schema\/logo\/image\/"},"sameAs":["https:\/\/www.facebook.com\/orodentsrl","https:\/\/www.instagram.com\/orodent_zirconia\/","https:\/\/www.linkedin.com\/company\/orodent\/","https:\/\/www.youtube.com\/channel\/UCwDcVjzbpcuxZLt_CR5pgVw"]}]}},"_links":{"self":[{"href":"https:\/\/orodent.com\/de\/wp-json\/wp\/v2\/product\/7095","targetHints":{"allow":["GET"]}}],"collection":[{"href":"https:\/\/orodent.com\/de\/wp-json\/wp\/v2\/product"}],"about":[{"href":"https:\/\/orodent.com\/de\/wp-json\/wp\/v2\/types\/product"}],"replies":[{"embeddable":true,"href":"https:\/\/orodent.com\/de\/wp-json\/wp\/v2\/comments?post=7095"}],"version-history":[{"count":11,"href":"https:\/\/orodent.com\/de\/wp-json\/wp\/v2\/product\/7095\/revisions"}],"predecessor-version":[{"id":18814,"href":"https:\/\/orodent.com\/de\/wp-json\/wp\/v2\/product\/7095\/revisions\/18814"}],"wp:featuredmedia":[{"embeddable":true,"href":"https:\/\/orodent.com\/de\/wp-json\/wp\/v2\/media\/14488"}],"wp:attachment":[{"href":"https:\/\/orodent.com\/de\/wp-json\/wp\/v2\/media?parent=7095"}],"wp:term":[{"taxonomy":"product_brand","embeddable":true,"href":"https:\/\/orodent.com\/de\/wp-json\/wp\/v2\/product_brand?post=7095"},{"taxonomy":"product_cat","embeddable":true,"href":"https:\/\/orodent.com\/de\/wp-json\/wp\/v2\/product_cat?post=7095"},{"taxonomy":"product_tag","embeddable":true,"href":"https:\/\/orodent.com\/de\/wp-json\/wp\/v2\/product_tag?post=7095"}],"curies":[{"name":"wp","href":"https:\/\/api.w.org\/{rel}","templated":true}]}}