{"id":7067,"date":"2021-11-11T16:39:57","date_gmt":"2022-05-13T13:18:18","guid":{"rendered":"https:\/\/orodent.com\/kit-gengival-3d-vision-stainglaze\/"},"modified":"2025-10-11T13:21:40","modified_gmt":"2025-10-11T11:21:40","slug":"kit-gengival-3d-vision-stainglaze","status":"publish","type":"product","link":"https:\/\/orodent.com\/de\/kit-gengival-3d-vision-stainglaze\/","title":{"rendered":"Gengival 3D Vision Kit"},"content":{"rendered":"\t\t<div data-elementor-type=\"product-post\" data-elementor-id=\"7067\" class=\"elementor elementor-7067 elementor-2032\" data-elementor-post-type=\"product\">\n\t\t\t\t\t\t<section class=\"elementor-section elementor-top-section elementor-element elementor-element-240d89eb elementor-section-boxed elementor-section-height-default elementor-section-height-default\" data-id=\"240d89eb\" data-element_type=\"section\" data-e-type=\"section\">\n\t\t\t\t\t\t<div class=\"elementor-container elementor-column-gap-default\">\n\t\t\t\t\t<div class=\"elementor-column elementor-col-100 elementor-top-column elementor-element elementor-element-49bc6f50\" data-id=\"49bc6f50\" data-element_type=\"column\" data-e-type=\"column\">\n\t\t\t<div class=\"elementor-widget-wrap elementor-element-populated\">\n\t\t\t\t\t\t<div class=\"elementor-element elementor-element-6b2314ad elementor-widget elementor-widget-text-editor\" data-id=\"6b2314ad\" data-element_type=\"widget\" data-e-type=\"widget\" data-widget_type=\"text-editor.default\">\n\t\t\t\t<div class=\"elementor-widget-container\">\n\t\t\t\t\t\t\t\t\t<ul>\r\n \t<li style=\"font-weight: 400;\" aria-level=\"1\"><b>Kit bestehend aus:<\/b> <span style=\"font-weight: 400;\">Soft Pink, Rosa, Rose, Kirsche, Rubin, Karibik, Lila, Brasil<\/span><\/li>\r\n \t<li style=\"font-weight: 400;\" aria-level=\"1\"><b>Skulpturale Massen:<\/b> <span style=\"font-weight: 400;\">Magnolie, Rosa, Hellrot, Dunkelrot<\/span><\/li>\r\n \t<li style=\"font-weight: 400;\" aria-level=\"1\"><span style=\"font-weight: 400;\">1 nicht fluoreszierende Gingivaglasur <\/span><\/li>\r\n<\/ul>\t\t\t\t\t\t\t\t<\/div>\n\t\t\t\t<\/div>\n\t\t\t\t\t<\/div>\n\t\t<\/div>\n\t\t\t\t\t<\/div>\n\t\t<\/section>\n\t\t\t\t<\/div>\n\t\t","protected":false},"excerpt":{"rendered":"<p><span style=\"font-weight: 400\">Mit seinen 8 Zahnfleischfarben und 4 plastischen Zahnfleischmassen bildet das Produkt die nat\u00fcrliche Wirkung und Farbe des Zahnfleisches perfekt nach. <\/span><\/p>\n<p><span style=\"font-weight: 400\">Die \u00c4sthetik, Nat\u00fcrlichkeit und Vitalit\u00e4t eines L\u00e4chelns l\u00e4sst sich in einfachen Schritten erreichen.<\/span><\/p>\n","protected":false},"featured_media":14969,"comment_status":"open","ping_status":"closed","template":"","meta":[],"product_brand":[],"product_cat":[374],"product_tag":[],"class_list":{"0":"post-7067","1":"product","2":"type-product","3":"status-publish","4":"has-post-thumbnail","6":"product_cat-dental-keramik","8":"first","9":"instock","10":"taxable","11":"shipping-taxable","12":"purchasable","13":"product-type-simple"},"acf":[],"yoast_head":"<!-- This site is optimized with the Yoast SEO plugin v27.0 - https:\/\/yoast.com\/product\/yoast-seo-wordpress\/ -->\n<title>Gengival 3D Vision Kit &#8211; Orodent<\/title>\n<meta name=\"robots\" content=\"index, follow, max-snippet:-1, max-image-preview:large, max-video-preview:-1\" \/>\n<link rel=\"canonical\" href=\"https:\/\/orodent.com\/de\/kit-gengival-3d-vision-stainglaze\/\" \/>\n<meta property=\"og:locale\" content=\"de_DE\" \/>\n<meta property=\"og:type\" content=\"article\" \/>\n<meta property=\"og:title\" content=\"Gengival 3D Vision Kit &#8211; Orodent\" \/>\n<meta property=\"og:description\" content=\"Mit seinen 8 Zahnfleischfarben und 4 plastischen Zahnfleischmassen bildet das Produkt die nat\u00fcrliche Wirkung und Farbe des Zahnfleisches perfekt nach.  Die \u00c4sthetik, Nat\u00fcrlichkeit und Vitalit\u00e4t eines L\u00e4chelns l\u00e4sst sich in einfachen Schritten erreichen.\" \/>\n<meta property=\"og:url\" content=\"https:\/\/orodent.com\/de\/kit-gengival-3d-vision-stainglaze\/\" \/>\n<meta property=\"og:site_name\" content=\"Orodent\" \/>\n<meta property=\"article:publisher\" content=\"https:\/\/www.facebook.com\/orodentsrl\" \/>\n<meta property=\"article:modified_time\" content=\"2025-10-11T11:21:40+00:00\" \/>\n<meta property=\"og:image\" content=\"https:\/\/orodent.com\/wp-content\/uploads\/2021\/11\/kit-gengive-orodent-zirconia-1.webp\" \/>\n\t<meta property=\"og:image:width\" content=\"1080\" \/>\n\t<meta property=\"og:image:height\" content=\"1080\" \/>\n\t<meta property=\"og:image:type\" content=\"image\/webp\" \/>\n<meta name=\"twitter:card\" content=\"summary_large_image\" \/>\n<script type=\"application\/ld+json\" class=\"yoast-schema-graph\">{\"@context\":\"https:\/\/schema.org\",\"@graph\":[{\"@type\":\"WebPage\",\"@id\":\"https:\/\/orodent.com\/de\/kit-gengival-3d-vision-stainglaze\/\",\"url\":\"https:\/\/orodent.com\/de\/kit-gengival-3d-vision-stainglaze\/\",\"name\":\"Gengival 3D Vision Kit &#8211; Orodent\",\"isPartOf\":{\"@id\":\"https:\/\/orodent.com\/de\/#website\"},\"primaryImageOfPage\":{\"@id\":\"https:\/\/orodent.com\/de\/kit-gengival-3d-vision-stainglaze\/#primaryimage\"},\"image\":{\"@id\":\"https:\/\/orodent.com\/de\/kit-gengival-3d-vision-stainglaze\/#primaryimage\"},\"thumbnailUrl\":\"https:\/\/orodent.com\/wp-content\/uploads\/2021\/11\/kit-gengive-orodent-zirconia-1.webp\",\"datePublished\":\"2022-05-13T13:18:18+00:00\",\"dateModified\":\"2025-10-11T11:21:40+00:00\",\"breadcrumb\":{\"@id\":\"https:\/\/orodent.com\/de\/kit-gengival-3d-vision-stainglaze\/#breadcrumb\"},\"inLanguage\":\"de\",\"potentialAction\":[{\"@type\":\"ReadAction\",\"target\":[\"https:\/\/orodent.com\/de\/kit-gengival-3d-vision-stainglaze\/\"]}]},{\"@type\":\"ImageObject\",\"inLanguage\":\"de\",\"@id\":\"https:\/\/orodent.com\/de\/kit-gengival-3d-vision-stainglaze\/#primaryimage\",\"url\":\"https:\/\/orodent.com\/wp-content\/uploads\/2021\/11\/kit-gengive-orodent-zirconia-1.webp\",\"contentUrl\":\"https:\/\/orodent.com\/wp-content\/uploads\/2021\/11\/kit-gengive-orodent-zirconia-1.webp\",\"width\":1080,\"height\":1080},{\"@type\":\"BreadcrumbList\",\"@id\":\"https:\/\/orodent.com\/de\/kit-gengival-3d-vision-stainglaze\/#breadcrumb\",\"itemListElement\":[{\"@type\":\"ListItem\",\"position\":1,\"name\":\"Orodent\",\"item\":\"https:\/\/orodent.com\/de\/\"},{\"@type\":\"ListItem\",\"position\":2,\"name\":\"Shop\",\"item\":\"https:\/\/orodent.com\/de\/shop\/\"},{\"@type\":\"ListItem\",\"position\":3,\"name\":\"Gengival 3D Vision Kit\"}]},{\"@type\":\"WebSite\",\"@id\":\"https:\/\/orodent.com\/de\/#website\",\"url\":\"https:\/\/orodent.com\/de\/\",\"name\":\"Orodent\",\"description\":\"Produzione di Dischi in Zirconia e Colori da Infiltrazione\",\"publisher\":{\"@id\":\"https:\/\/orodent.com\/de\/#organization\"},\"potentialAction\":[{\"@type\":\"SearchAction\",\"target\":{\"@type\":\"EntryPoint\",\"urlTemplate\":\"https:\/\/orodent.com\/de\/?s={search_term_string}\"},\"query-input\":{\"@type\":\"PropertyValueSpecification\",\"valueRequired\":true,\"valueName\":\"search_term_string\"}}],\"inLanguage\":\"de\"},{\"@type\":\"Organization\",\"@id\":\"https:\/\/orodent.com\/de\/#organization\",\"name\":\"Orodent\",\"url\":\"https:\/\/orodent.com\/de\/\",\"logo\":{\"@type\":\"ImageObject\",\"inLanguage\":\"de\",\"@id\":\"https:\/\/orodent.com\/de\/#\/schema\/logo\/image\/\",\"url\":\"https:\/\/orodent.com\/wp-content\/uploads\/2021\/08\/logo-orodent-400.png\",\"contentUrl\":\"https:\/\/orodent.com\/wp-content\/uploads\/2021\/08\/logo-orodent-400.png\",\"width\":550,\"height\":240,\"caption\":\"Orodent\"},\"image\":{\"@id\":\"https:\/\/orodent.com\/de\/#\/schema\/logo\/image\/\"},\"sameAs\":[\"https:\/\/www.facebook.com\/orodentsrl\",\"https:\/\/www.instagram.com\/orodent_zirconia\/\",\"https:\/\/www.linkedin.com\/company\/orodent\/\",\"https:\/\/www.youtube.com\/channel\/UCwDcVjzbpcuxZLt_CR5pgVw\"]}]}<\/script>\n<!-- \/ Yoast SEO plugin. -->","yoast_head_json":{"title":"Gengival 3D Vision Kit &#8211; Orodent","robots":{"index":"index","follow":"follow","max-snippet":"max-snippet:-1","max-image-preview":"max-image-preview:large","max-video-preview":"max-video-preview:-1"},"canonical":"https:\/\/orodent.com\/de\/kit-gengival-3d-vision-stainglaze\/","og_locale":"de_DE","og_type":"article","og_title":"Gengival 3D Vision Kit &#8211; Orodent","og_description":"Mit seinen 8 Zahnfleischfarben und 4 plastischen Zahnfleischmassen bildet das Produkt die nat\u00fcrliche Wirkung und Farbe des Zahnfleisches perfekt nach.  Die \u00c4sthetik, Nat\u00fcrlichkeit und Vitalit\u00e4t eines L\u00e4chelns l\u00e4sst sich in einfachen Schritten erreichen.","og_url":"https:\/\/orodent.com\/de\/kit-gengival-3d-vision-stainglaze\/","og_site_name":"Orodent","article_publisher":"https:\/\/www.facebook.com\/orodentsrl","article_modified_time":"2025-10-11T11:21:40+00:00","og_image":[{"width":1080,"height":1080,"url":"https:\/\/orodent.com\/wp-content\/uploads\/2021\/11\/kit-gengive-orodent-zirconia-1.webp","type":"image\/webp"}],"twitter_card":"summary_large_image","schema":{"@context":"https:\/\/schema.org","@graph":[{"@type":"WebPage","@id":"https:\/\/orodent.com\/de\/kit-gengival-3d-vision-stainglaze\/","url":"https:\/\/orodent.com\/de\/kit-gengival-3d-vision-stainglaze\/","name":"Gengival 3D Vision Kit &#8211; Orodent","isPartOf":{"@id":"https:\/\/orodent.com\/de\/#website"},"primaryImageOfPage":{"@id":"https:\/\/orodent.com\/de\/kit-gengival-3d-vision-stainglaze\/#primaryimage"},"image":{"@id":"https:\/\/orodent.com\/de\/kit-gengival-3d-vision-stainglaze\/#primaryimage"},"thumbnailUrl":"https:\/\/orodent.com\/wp-content\/uploads\/2021\/11\/kit-gengive-orodent-zirconia-1.webp","datePublished":"2022-05-13T13:18:18+00:00","dateModified":"2025-10-11T11:21:40+00:00","breadcrumb":{"@id":"https:\/\/orodent.com\/de\/kit-gengival-3d-vision-stainglaze\/#breadcrumb"},"inLanguage":"de","potentialAction":[{"@type":"ReadAction","target":["https:\/\/orodent.com\/de\/kit-gengival-3d-vision-stainglaze\/"]}]},{"@type":"ImageObject","inLanguage":"de","@id":"https:\/\/orodent.com\/de\/kit-gengival-3d-vision-stainglaze\/#primaryimage","url":"https:\/\/orodent.com\/wp-content\/uploads\/2021\/11\/kit-gengive-orodent-zirconia-1.webp","contentUrl":"https:\/\/orodent.com\/wp-content\/uploads\/2021\/11\/kit-gengive-orodent-zirconia-1.webp","width":1080,"height":1080},{"@type":"BreadcrumbList","@id":"https:\/\/orodent.com\/de\/kit-gengival-3d-vision-stainglaze\/#breadcrumb","itemListElement":[{"@type":"ListItem","position":1,"name":"Orodent","item":"https:\/\/orodent.com\/de\/"},{"@type":"ListItem","position":2,"name":"Shop","item":"https:\/\/orodent.com\/de\/shop\/"},{"@type":"ListItem","position":3,"name":"Gengival 3D Vision Kit"}]},{"@type":"WebSite","@id":"https:\/\/orodent.com\/de\/#website","url":"https:\/\/orodent.com\/de\/","name":"Orodent","description":"Produzione di Dischi in Zirconia e Colori da Infiltrazione","publisher":{"@id":"https:\/\/orodent.com\/de\/#organization"},"potentialAction":[{"@type":"SearchAction","target":{"@type":"EntryPoint","urlTemplate":"https:\/\/orodent.com\/de\/?s={search_term_string}"},"query-input":{"@type":"PropertyValueSpecification","valueRequired":true,"valueName":"search_term_string"}}],"inLanguage":"de"},{"@type":"Organization","@id":"https:\/\/orodent.com\/de\/#organization","name":"Orodent","url":"https:\/\/orodent.com\/de\/","logo":{"@type":"ImageObject","inLanguage":"de","@id":"https:\/\/orodent.com\/de\/#\/schema\/logo\/image\/","url":"https:\/\/orodent.com\/wp-content\/uploads\/2021\/08\/logo-orodent-400.png","contentUrl":"https:\/\/orodent.com\/wp-content\/uploads\/2021\/08\/logo-orodent-400.png","width":550,"height":240,"caption":"Orodent"},"image":{"@id":"https:\/\/orodent.com\/de\/#\/schema\/logo\/image\/"},"sameAs":["https:\/\/www.facebook.com\/orodentsrl","https:\/\/www.instagram.com\/orodent_zirconia\/","https:\/\/www.linkedin.com\/company\/orodent\/","https:\/\/www.youtube.com\/channel\/UCwDcVjzbpcuxZLt_CR5pgVw"]}]}},"_links":{"self":[{"href":"https:\/\/orodent.com\/de\/wp-json\/wp\/v2\/product\/7067","targetHints":{"allow":["GET"]}}],"collection":[{"href":"https:\/\/orodent.com\/de\/wp-json\/wp\/v2\/product"}],"about":[{"href":"https:\/\/orodent.com\/de\/wp-json\/wp\/v2\/types\/product"}],"replies":[{"embeddable":true,"href":"https:\/\/orodent.com\/de\/wp-json\/wp\/v2\/comments?post=7067"}],"version-history":[{"count":11,"href":"https:\/\/orodent.com\/de\/wp-json\/wp\/v2\/product\/7067\/revisions"}],"predecessor-version":[{"id":20216,"href":"https:\/\/orodent.com\/de\/wp-json\/wp\/v2\/product\/7067\/revisions\/20216"}],"wp:featuredmedia":[{"embeddable":true,"href":"https:\/\/orodent.com\/de\/wp-json\/wp\/v2\/media\/14969"}],"wp:attachment":[{"href":"https:\/\/orodent.com\/de\/wp-json\/wp\/v2\/media?parent=7067"}],"wp:term":[{"taxonomy":"product_brand","embeddable":true,"href":"https:\/\/orodent.com\/de\/wp-json\/wp\/v2\/product_brand?post=7067"},{"taxonomy":"product_cat","embeddable":true,"href":"https:\/\/orodent.com\/de\/wp-json\/wp\/v2\/product_cat?post=7067"},{"taxonomy":"product_tag","embeddable":true,"href":"https:\/\/orodent.com\/de\/wp-json\/wp\/v2\/product_tag?post=7067"}],"curies":[{"name":"wp","href":"https:\/\/api.w.org\/{rel}","templated":true}]}}