{"id":9208,"date":"2023-01-05T10:40:01","date_gmt":"2023-01-05T08:40:01","guid":{"rendered":"https:\/\/orodent.com\/versandmethoden-und-kosten\/"},"modified":"2023-07-19T13:44:59","modified_gmt":"2023-07-19T11:44:59","slug":"versandmethoden-und-kosten","status":"publish","type":"page","link":"https:\/\/orodent.com\/de\/versandmethoden-und-kosten\/","title":{"rendered":"Versandmethoden und -Kosten:"},"content":{"rendered":"\t\t<div data-elementor-type=\"wp-page\" data-elementor-id=\"9208\" class=\"elementor elementor-9208 elementor-8308\" data-elementor-post-type=\"page\">\n\t\t\t\t\t\t<section class=\"elementor-section elementor-top-section elementor-element elementor-element-1b807f4 elementor-section-content-middle elementor-section-height-min-height elementor-section-boxed elementor-section-height-default elementor-section-items-middle\" data-id=\"1b807f4\" data-element_type=\"section\" data-e-type=\"section\" data-settings=\"{&quot;background_background&quot;:&quot;classic&quot;}\">\n\t\t\t\t\t\t<div class=\"elementor-container elementor-column-gap-default\">\n\t\t\t\t\t<div class=\"elementor-column elementor-col-100 elementor-top-column elementor-element elementor-element-c9d7156\" data-id=\"c9d7156\" data-element_type=\"column\" data-e-type=\"column\">\n\t\t\t<div class=\"elementor-widget-wrap elementor-element-populated\">\n\t\t\t\t\t\t\t<\/div>\n\t\t<\/div>\n\t\t\t\t\t<\/div>\n\t\t<\/section>\n\t\t\t\t<section class=\"elementor-section elementor-top-section elementor-element elementor-element-ebc2e49 elementor-section-boxed elementor-section-height-default elementor-section-height-default\" data-id=\"ebc2e49\" data-element_type=\"section\" data-e-type=\"section\">\n\t\t\t\t\t\t<div class=\"elementor-container elementor-column-gap-default\">\n\t\t\t\t\t<div class=\"elementor-column elementor-col-100 elementor-top-column elementor-element elementor-element-fa043e4\" data-id=\"fa043e4\" data-element_type=\"column\" data-e-type=\"column\">\n\t\t\t<div class=\"elementor-widget-wrap elementor-element-populated\">\n\t\t\t\t\t\t<div class=\"elementor-element elementor-element-8347e58 elementor-widget elementor-widget-text-editor\" data-id=\"8347e58\" data-element_type=\"widget\" data-e-type=\"widget\" data-widget_type=\"text-editor.default\">\n\t\t\t\t<div class=\"elementor-widget-container\">\n\t\t\t\t\t\t\t\t\t<p>Orodent Srl garantiert die Lieferung innerhalb 1\/2 Werktagen f\u00fcr Inlandslieferungen.<br>Der Versand ist KOSTENLOS.<br>Die Lieferungen erfolgen w\u00e4hrend der B\u00fcrozeiten von Montag bis Freitag, der Kurier unternimmt 2 Lieferungsversuche.<br>Sollte der Kurier ein besch\u00e4digtes, nasses oder offenes Paket abliefern, nehmen Sie es bitte nur unter Vorbehalt an und geben Sie vor der Unterschrift auf dem Frachtbrief den Grund f\u00fcr den Vorbehalt an (z.B. offenes Paket, nasses Paket, \u2026).<\/p>\n<h2>R\u00fcckgabepolitik und Kosten:<\/h2>\n<p>Sie k\u00f6nnen jedes gekaufte Produkt innerhalb 15 Tagen nach Erhalt des Produkts zur\u00fcckgeben.<br>Bitte beachten Sie: vor einer R\u00fccksendung vergewissern Sie sich, dass die Produkte sich in demselben Zustand befinden, in dem Sie sie erhalten haben, mit allen inneren angebrachten Etiketten, und dass sie nicht fleckig, besch\u00e4digt oder gebraucht sind.<br>Die Kosten f\u00fcr die Abholung des zur\u00fccksandten Pakets (in Italien) betragen 8,00 \u20ac, die direkt vom Betrag der zur\u00fcckgesandten Ware abgezogen werden.<\/p>\n<h3>1 BUCHEN SIE IHRE R\u00dcCKGABE<\/h3>\n<p>Wenden Sie sich an unseren Kundenservice unter <a href=\"mailto:sales@orodent.com\">sales@orodent.com<\/a> oder telefonisch unter +39 45 6450635 und teilen Sie uns Ihre R\u00fcckgabeabsicht mit. Wir k\u00fcmmern uns um die Buchung der Abholung durch den GLS-Expresskurier am Tag und an der Adresse Ihrer Wahl.<\/p>\n<h3>2 BEREITEN SIE DAS PAKET VOR<\/h3>\n<p>Legen Sie die Artikel in denselben Karton, in dem Sie sie erhalten haben.<\/p>\n<h3>3 \u00dcBERGABE DES PAKETS AN DEN KURIER<\/h3>\n<p>Der Kurier holt Ihre R\u00fccksendung an der Adresse und zu dem Datum ab, die Sie im Online-R\u00fccksendeverfahren angegeben haben.<\/p>\n<h3>4 ERHALTEN SIE DIE ERSTATTUNG<\/h3>\n<p>Nachdem wir Ihre R\u00fccksendung erhalten und gepr\u00fcft haben, werden wir die R\u00fcckerstattung der zur\u00fcckgesandten Artikel vornehmen und Ihnen den entsprechenden Betrag auf die gleiche Weise gutschreiben, auf die Sie den Kauf ausgef\u00fchrt haben.<\/p>\n<p>Wenn Ihre R\u00fccksendung nicht den aufgef\u00fchrten Bedingungen entspricht, wird das Paket auf Ihre Kosten zur\u00fcckgeschickt und die R\u00fcckerstattung wird nicht vorgenommen.<\/p>\t\t\t\t\t\t\t\t<\/div>\n\t\t\t\t<\/div>\n\t\t\t\t\t<\/div>\n\t\t<\/div>\n\t\t\t\t\t<\/div>\n\t\t<\/section>\n\t\t\t\t<\/div>\n\t\t","protected":false},"excerpt":{"rendered":"<p>Orodent Srl garantiert die Lieferung innerhalb 1\/2 Werktagen f\u00fcr Inlandslieferungen.Der Versand ist KOSTENLOS.Die Lieferungen erfolgen w\u00e4hrend der B\u00fcrozeiten von Montag bis Freitag, der Kurier unternimmt 2 Lieferungsversuche.Sollte der Kurier ein besch\u00e4digtes, nasses oder offenes Paket abliefern, nehmen Sie es bitte nur unter Vorbehalt an und geben Sie vor der Unterschrift auf dem Frachtbrief den Grund [&hellip;]<\/p>\n","protected":false},"author":2,"featured_media":0,"parent":0,"menu_order":0,"comment_status":"closed","ping_status":"closed","template":"","meta":{"footnotes":""},"class_list":["post-9208","page","type-page","status-publish","hentry"],"acf":[],"yoast_head":"<!-- This site is optimized with the Yoast SEO plugin v27.0 - https:\/\/yoast.com\/product\/yoast-seo-wordpress\/ -->\n<title>Versandmethoden und -Kosten: &#8211; Orodent<\/title>\n<meta name=\"robots\" content=\"index, follow, max-snippet:-1, max-image-preview:large, max-video-preview:-1\" \/>\n<link rel=\"canonical\" href=\"https:\/\/orodent.com\/de\/versandmethoden-und-kosten\/\" \/>\n<meta property=\"og:locale\" content=\"de_DE\" \/>\n<meta property=\"og:type\" content=\"article\" \/>\n<meta property=\"og:title\" content=\"Versandmethoden und -Kosten: &#8211; Orodent\" \/>\n<meta property=\"og:description\" content=\"Orodent Srl garantiert die Lieferung innerhalb 1\/2 Werktagen f\u00fcr Inlandslieferungen.Der Versand ist KOSTENLOS.Die Lieferungen erfolgen w\u00e4hrend der B\u00fcrozeiten von Montag bis Freitag, der Kurier unternimmt 2 Lieferungsversuche.Sollte der Kurier ein besch\u00e4digtes, nasses oder offenes Paket abliefern, nehmen Sie es bitte nur unter Vorbehalt an und geben Sie vor der Unterschrift auf dem Frachtbrief den Grund [&hellip;]\" \/>\n<meta property=\"og:url\" content=\"https:\/\/orodent.com\/de\/versandmethoden-und-kosten\/\" \/>\n<meta property=\"og:site_name\" content=\"Orodent\" \/>\n<meta property=\"article:publisher\" content=\"https:\/\/www.facebook.com\/orodentsrl\" \/>\n<meta property=\"article:modified_time\" content=\"2023-07-19T11:44:59+00:00\" \/>\n<meta name=\"twitter:card\" content=\"summary_large_image\" \/>\n<meta name=\"twitter:label1\" content=\"Gesch\u00e4tzte Lesezeit\" \/>\n\t<meta name=\"twitter:data1\" content=\"2\u00a0Minuten\" \/>\n<script type=\"application\/ld+json\" class=\"yoast-schema-graph\">{\"@context\":\"https:\/\/schema.org\",\"@graph\":[{\"@type\":\"WebPage\",\"@id\":\"https:\/\/orodent.com\/de\/versandmethoden-und-kosten\/\",\"url\":\"https:\/\/orodent.com\/de\/versandmethoden-und-kosten\/\",\"name\":\"Versandmethoden und -Kosten: &#8211; Orodent\",\"isPartOf\":{\"@id\":\"https:\/\/orodent.com\/de\/#website\"},\"datePublished\":\"2023-01-05T08:40:01+00:00\",\"dateModified\":\"2023-07-19T11:44:59+00:00\",\"breadcrumb\":{\"@id\":\"https:\/\/orodent.com\/de\/versandmethoden-und-kosten\/#breadcrumb\"},\"inLanguage\":\"de\",\"potentialAction\":[{\"@type\":\"ReadAction\",\"target\":[\"https:\/\/orodent.com\/de\/versandmethoden-und-kosten\/\"]}]},{\"@type\":\"BreadcrumbList\",\"@id\":\"https:\/\/orodent.com\/de\/versandmethoden-und-kosten\/#breadcrumb\",\"itemListElement\":[{\"@type\":\"ListItem\",\"position\":1,\"name\":\"Orodent\",\"item\":\"https:\/\/orodent.com\/de\/\"},{\"@type\":\"ListItem\",\"position\":2,\"name\":\"Versandmethoden und -Kosten:\"}]},{\"@type\":\"WebSite\",\"@id\":\"https:\/\/orodent.com\/de\/#website\",\"url\":\"https:\/\/orodent.com\/de\/\",\"name\":\"Orodent\",\"description\":\"Produzione di Dischi in Zirconia e Colori da Infiltrazione\",\"publisher\":{\"@id\":\"https:\/\/orodent.com\/de\/#organization\"},\"potentialAction\":[{\"@type\":\"SearchAction\",\"target\":{\"@type\":\"EntryPoint\",\"urlTemplate\":\"https:\/\/orodent.com\/de\/?s={search_term_string}\"},\"query-input\":{\"@type\":\"PropertyValueSpecification\",\"valueRequired\":true,\"valueName\":\"search_term_string\"}}],\"inLanguage\":\"de\"},{\"@type\":\"Organization\",\"@id\":\"https:\/\/orodent.com\/de\/#organization\",\"name\":\"Orodent\",\"url\":\"https:\/\/orodent.com\/de\/\",\"logo\":{\"@type\":\"ImageObject\",\"inLanguage\":\"de\",\"@id\":\"https:\/\/orodent.com\/de\/#\/schema\/logo\/image\/\",\"url\":\"https:\/\/orodent.com\/wp-content\/uploads\/2021\/08\/logo-orodent-400.png\",\"contentUrl\":\"https:\/\/orodent.com\/wp-content\/uploads\/2021\/08\/logo-orodent-400.png\",\"width\":550,\"height\":240,\"caption\":\"Orodent\"},\"image\":{\"@id\":\"https:\/\/orodent.com\/de\/#\/schema\/logo\/image\/\"},\"sameAs\":[\"https:\/\/www.facebook.com\/orodentsrl\",\"https:\/\/www.instagram.com\/orodent_zirconia\/\",\"https:\/\/www.linkedin.com\/company\/orodent\/\",\"https:\/\/www.youtube.com\/channel\/UCwDcVjzbpcuxZLt_CR5pgVw\"]}]}<\/script>\n<!-- \/ Yoast SEO plugin. -->","yoast_head_json":{"title":"Versandmethoden und -Kosten: &#8211; Orodent","robots":{"index":"index","follow":"follow","max-snippet":"max-snippet:-1","max-image-preview":"max-image-preview:large","max-video-preview":"max-video-preview:-1"},"canonical":"https:\/\/orodent.com\/de\/versandmethoden-und-kosten\/","og_locale":"de_DE","og_type":"article","og_title":"Versandmethoden und -Kosten: &#8211; Orodent","og_description":"Orodent Srl garantiert die Lieferung innerhalb 1\/2 Werktagen f\u00fcr Inlandslieferungen.Der Versand ist KOSTENLOS.Die Lieferungen erfolgen w\u00e4hrend der B\u00fcrozeiten von Montag bis Freitag, der Kurier unternimmt 2 Lieferungsversuche.Sollte der Kurier ein besch\u00e4digtes, nasses oder offenes Paket abliefern, nehmen Sie es bitte nur unter Vorbehalt an und geben Sie vor der Unterschrift auf dem Frachtbrief den Grund [&hellip;]","og_url":"https:\/\/orodent.com\/de\/versandmethoden-und-kosten\/","og_site_name":"Orodent","article_publisher":"https:\/\/www.facebook.com\/orodentsrl","article_modified_time":"2023-07-19T11:44:59+00:00","twitter_card":"summary_large_image","twitter_misc":{"Gesch\u00e4tzte Lesezeit":"2\u00a0Minuten"},"schema":{"@context":"https:\/\/schema.org","@graph":[{"@type":"WebPage","@id":"https:\/\/orodent.com\/de\/versandmethoden-und-kosten\/","url":"https:\/\/orodent.com\/de\/versandmethoden-und-kosten\/","name":"Versandmethoden und -Kosten: &#8211; Orodent","isPartOf":{"@id":"https:\/\/orodent.com\/de\/#website"},"datePublished":"2023-01-05T08:40:01+00:00","dateModified":"2023-07-19T11:44:59+00:00","breadcrumb":{"@id":"https:\/\/orodent.com\/de\/versandmethoden-und-kosten\/#breadcrumb"},"inLanguage":"de","potentialAction":[{"@type":"ReadAction","target":["https:\/\/orodent.com\/de\/versandmethoden-und-kosten\/"]}]},{"@type":"BreadcrumbList","@id":"https:\/\/orodent.com\/de\/versandmethoden-und-kosten\/#breadcrumb","itemListElement":[{"@type":"ListItem","position":1,"name":"Orodent","item":"https:\/\/orodent.com\/de\/"},{"@type":"ListItem","position":2,"name":"Versandmethoden und -Kosten:"}]},{"@type":"WebSite","@id":"https:\/\/orodent.com\/de\/#website","url":"https:\/\/orodent.com\/de\/","name":"Orodent","description":"Produzione di Dischi in Zirconia e Colori da Infiltrazione","publisher":{"@id":"https:\/\/orodent.com\/de\/#organization"},"potentialAction":[{"@type":"SearchAction","target":{"@type":"EntryPoint","urlTemplate":"https:\/\/orodent.com\/de\/?s={search_term_string}"},"query-input":{"@type":"PropertyValueSpecification","valueRequired":true,"valueName":"search_term_string"}}],"inLanguage":"de"},{"@type":"Organization","@id":"https:\/\/orodent.com\/de\/#organization","name":"Orodent","url":"https:\/\/orodent.com\/de\/","logo":{"@type":"ImageObject","inLanguage":"de","@id":"https:\/\/orodent.com\/de\/#\/schema\/logo\/image\/","url":"https:\/\/orodent.com\/wp-content\/uploads\/2021\/08\/logo-orodent-400.png","contentUrl":"https:\/\/orodent.com\/wp-content\/uploads\/2021\/08\/logo-orodent-400.png","width":550,"height":240,"caption":"Orodent"},"image":{"@id":"https:\/\/orodent.com\/de\/#\/schema\/logo\/image\/"},"sameAs":["https:\/\/www.facebook.com\/orodentsrl","https:\/\/www.instagram.com\/orodent_zirconia\/","https:\/\/www.linkedin.com\/company\/orodent\/","https:\/\/www.youtube.com\/channel\/UCwDcVjzbpcuxZLt_CR5pgVw"]}]}},"_links":{"self":[{"href":"https:\/\/orodent.com\/de\/wp-json\/wp\/v2\/pages\/9208","targetHints":{"allow":["GET"]}}],"collection":[{"href":"https:\/\/orodent.com\/de\/wp-json\/wp\/v2\/pages"}],"about":[{"href":"https:\/\/orodent.com\/de\/wp-json\/wp\/v2\/types\/page"}],"author":[{"embeddable":true,"href":"https:\/\/orodent.com\/de\/wp-json\/wp\/v2\/users\/2"}],"replies":[{"embeddable":true,"href":"https:\/\/orodent.com\/de\/wp-json\/wp\/v2\/comments?post=9208"}],"version-history":[{"count":2,"href":"https:\/\/orodent.com\/de\/wp-json\/wp\/v2\/pages\/9208\/revisions"}],"predecessor-version":[{"id":17040,"href":"https:\/\/orodent.com\/de\/wp-json\/wp\/v2\/pages\/9208\/revisions\/17040"}],"wp:attachment":[{"href":"https:\/\/orodent.com\/de\/wp-json\/wp\/v2\/media?parent=9208"}],"curies":[{"name":"wp","href":"https:\/\/api.w.org\/{rel}","templated":true}]}}