{"id":7508,"date":"2022-05-16T15:14:31","date_gmt":"2022-05-16T13:14:31","guid":{"rendered":"https:\/\/orodent.com\/unterstuetzung\/"},"modified":"2023-07-19T14:44:02","modified_gmt":"2023-07-19T12:44:02","slug":"unterstuetzung","status":"publish","type":"page","link":"https:\/\/orodent.com\/de\/unterstuetzung\/","title":{"rendered":"Kundendienst"},"content":{"rendered":"\t\t<div data-elementor-type=\"wp-page\" data-elementor-id=\"7508\" class=\"elementor elementor-7508 elementor-2827\" data-elementor-post-type=\"page\">\n\t\t\t\t\t\t<section class=\"elementor-section elementor-top-section elementor-element elementor-element-4fa08b7 elementor-section-content-middle elementor-section-height-min-height elementor-section-boxed elementor-section-height-default elementor-section-items-middle\" data-id=\"4fa08b7\" data-element_type=\"section\" data-e-type=\"section\" data-settings=\"{&quot;background_background&quot;:&quot;classic&quot;}\">\n\t\t\t\t\t\t<div class=\"elementor-container elementor-column-gap-default\">\n\t\t\t\t\t<div class=\"elementor-column elementor-col-100 elementor-top-column elementor-element elementor-element-a1f4cf7\" data-id=\"a1f4cf7\" data-element_type=\"column\" data-e-type=\"column\">\n\t\t\t<div class=\"elementor-widget-wrap elementor-element-populated\">\n\t\t\t\t\t\t\t<\/div>\n\t\t<\/div>\n\t\t\t\t\t<\/div>\n\t\t<\/section>\n\t\t\t\t<section class=\"elementor-section elementor-top-section elementor-element elementor-element-d1981f0 elementor-section-boxed elementor-section-height-default elementor-section-height-default\" data-id=\"d1981f0\" data-element_type=\"section\" data-e-type=\"section\">\n\t\t\t\t\t\t<div class=\"elementor-container elementor-column-gap-default\">\n\t\t\t\t\t<div class=\"elementor-column elementor-col-100 elementor-top-column elementor-element elementor-element-3b5dfca\" data-id=\"3b5dfca\" data-element_type=\"column\" data-e-type=\"column\">\n\t\t\t<div class=\"elementor-widget-wrap elementor-element-populated\">\n\t\t\t\t\t\t<div class=\"elementor-element elementor-element-34edbf7 elementor-widget elementor-widget-text-editor\" data-id=\"34edbf7\" data-element_type=\"widget\" data-e-type=\"widget\" data-widget_type=\"text-editor.default\">\n\t\t\t\t<div class=\"elementor-widget-container\">\n\t\t\t\t\t\t\t\t\t<p>Wir stehen Ihnen jederzeit zur Verf\u00fcgung, wenn Sie Fragen oder Bedenken bez\u00fcglich des Kaufs, der Nutzung oder anderer Angelegenheiten im Zusammenhang mit unseren Produkten oder Dienstleistungen haben. Z\u00f6gern Sie nicht, unser hochqualifiziertes und geschultes Team zu kontaktieren, das Ihnen in jeder Hinsicht zur Seite steht. Wir sind hier, um Ihnen das beste Einkaufserlebnis zu garantieren und alle Ihre Bed\u00fcrfnisse zu erf\u00fcllen.<\/p>\n<p>In unserem Unternehmen sind wir der Meinung, dass jeder Kunde einen pers\u00f6nlichen und engagierten Kundendienst verdient. Unser Expertenteam steht Ihnen zur Verf\u00fcgung, um Ihre prothetische Struktur im Detail kennenzulernen und Ihnen die beste Unterst\u00fctzung bei der L\u00f6sung von Schwierigkeiten bei der Arbeit mit der Zirkondioxidscheibe zu bieten. Unsere Priorit\u00e4t ist es, die h\u00f6chste Qualit\u00e4t von Service und Arbeit zu gew\u00e4hrleisten, alle Ihre Bed\u00fcrfnisse zu erf\u00fcllen und Ihre volle Zufriedenheit sicherzustellen.<\/p>\n\t\t\t\t\t\t\t\t<\/div>\n\t\t\t\t<\/div>\n\t\t\t\t<div class=\"elementor-element elementor-element-39de91f elementor-widget elementor-widget-heading\" data-id=\"39de91f\" data-element_type=\"widget\" data-e-type=\"widget\" data-widget_type=\"heading.default\">\n\t\t\t\t<div class=\"elementor-widget-container\">\n\t\t\t\t\t<h2 class=\"elementor-heading-title elementor-size-default\">Kontakt Personal<\/h2>\t\t\t\t<\/div>\n\t\t\t\t<\/div>\n\t\t\t\t<div class=\"elementor-element elementor-element-e6de021 elementor-icon-list--layout-traditional elementor-list-item-link-full_width elementor-widget elementor-widget-icon-list\" data-id=\"e6de021\" data-element_type=\"widget\" data-e-type=\"widget\" data-widget_type=\"icon-list.default\">\n\t\t\t\t<div class=\"elementor-widget-container\">\n\t\t\t\t\t\t\t<ul class=\"elementor-icon-list-items\">\n\t\t\t\t\t\t\t<li class=\"elementor-icon-list-item\">\n\t\t\t\t\t\t\t\t\t\t\t<a href=\"tel:+390456450635\">\n\n\t\t\t\t\t\t\t\t\t\t\t\t<span class=\"elementor-icon-list-icon\">\n\t\t\t\t\t\t\t<svg aria-hidden=\"true\" class=\"e-font-icon-svg e-fas-phone-alt\" viewBox=\"0 0 512 512\" xmlns=\"http:\/\/www.w3.org\/2000\/svg\"><path d=\"M497.39 361.8l-112-48a24 24 0 0 0-28 6.9l-49.6 60.6A370.66 370.66 0 0 1 130.6 204.11l60.6-49.6a23.94 23.94 0 0 0 6.9-28l-48-112A24.16 24.16 0 0 0 122.6.61l-104 24A24 24 0 0 0 0 48c0 256.5 207.9 464 464 464a24 24 0 0 0 23.4-18.6l24-104a24.29 24.29 0 0 0-14.01-27.6z\"><\/path><\/svg>\t\t\t\t\t\t<\/span>\n\t\t\t\t\t\t\t\t\t\t<span class=\"elementor-icon-list-text\">+39 0456450635<\/span>\n\t\t\t\t\t\t\t\t\t\t\t<\/a>\n\t\t\t\t\t\t\t\t\t<\/li>\n\t\t\t\t\t\t\t\t<li class=\"elementor-icon-list-item\">\n\t\t\t\t\t\t\t\t\t\t\t<a href=\"mailto:sales@orodent.com\">\n\n\t\t\t\t\t\t\t\t\t\t\t\t<span class=\"elementor-icon-list-icon\">\n\t\t\t\t\t\t\t<svg aria-hidden=\"true\" class=\"e-font-icon-svg e-fas-paper-plane\" viewBox=\"0 0 512 512\" xmlns=\"http:\/\/www.w3.org\/2000\/svg\"><path d=\"M476 3.2L12.5 270.6c-18.1 10.4-15.8 35.6 2.2 43.2L121 358.4l287.3-253.2c5.5-4.9 13.3 2.6 8.6 8.3L176 407v80.5c0 23.6 28.5 32.9 42.5 15.8L282 426l124.6 52.2c14.2 6 30.4-2.9 33-18.2l72-432C515 7.8 493.3-6.8 476 3.2z\"><\/path><\/svg>\t\t\t\t\t\t<\/span>\n\t\t\t\t\t\t\t\t\t\t<span class=\"elementor-icon-list-text\">sales@orodent.com<\/span>\n\t\t\t\t\t\t\t\t\t\t\t<\/a>\n\t\t\t\t\t\t\t\t\t<\/li>\n\t\t\t\t\t\t<\/ul>\n\t\t\t\t\t\t<\/div>\n\t\t\t\t<\/div>\n\t\t\t\t<div class=\"elementor-element elementor-element-79eb615 elementor-widget elementor-widget-shortcode\" data-id=\"79eb615\" data-element_type=\"widget\" data-e-type=\"widget\" data-widget_type=\"shortcode.default\">\n\t\t\t\t<div class=\"elementor-widget-container\">\n\t\t\t\t\t\t\t<div class=\"elementor-shortcode\">[njwa_button id=\"2444\"]<\/div>\n\t\t\t\t\t\t<\/div>\n\t\t\t\t<\/div>\n\t\t\t\t<div class=\"elementor-element elementor-element-e3bba87 elementor-widget elementor-widget-heading\" data-id=\"e3bba87\" data-element_type=\"widget\" data-e-type=\"widget\" data-widget_type=\"heading.default\">\n\t\t\t\t<div class=\"elementor-widget-container\">\n\t\t\t\t\t<h2 class=\"elementor-heading-title elementor-size-default\">F\u00fcllen Sie das Formular aus<\/h2>\t\t\t\t<\/div>\n\t\t\t\t<\/div>\n\t\t\t\t<div class=\"elementor-element elementor-element-106f523 elementor-button-align-stretch elementor-widget elementor-widget-form\" data-id=\"106f523\" data-element_type=\"widget\" data-e-type=\"widget\" data-settings=\"{&quot;step_next_label&quot;:&quot;Weiter&quot;,&quot;step_previous_label&quot;:&quot;Vorherige&quot;,&quot;button_width&quot;:&quot;100&quot;,&quot;step_type&quot;:&quot;number_text&quot;,&quot;step_icon_shape&quot;:&quot;circle&quot;}\" data-widget_type=\"form.default\">\n\t\t\t\t<div class=\"elementor-widget-container\">\n\t\t\t\t\t\t\t<form class=\"elementor-form\" method=\"post\" name=\"Kundendienst\" aria-label=\"Kundendienst\">\n\t\t\t<input type=\"hidden\" name=\"post_id\" value=\"7508\"\/>\n\t\t\t<input type=\"hidden\" name=\"form_id\" value=\"106f523\"\/>\n\t\t\t<input type=\"hidden\" name=\"referer_title\" value=\"Kundendienst &#8211; Orodent\" \/>\n\n\t\t\t\t\t\t\t<input type=\"hidden\" name=\"queried_id\" value=\"7508\"\/>\n\t\t\t\n\t\t\t<div class=\"elementor-form-fields-wrapper elementor-labels-\">\n\t\t\t\t\t\t\t\t<div class=\"elementor-field-type-text elementor-field-group elementor-column elementor-field-group-name elementor-col-50\">\n\t\t\t\t\t\t\t\t\t\t\t\t<label for=\"form-field-name\" class=\"elementor-field-label elementor-screen-only\">\n\t\t\t\t\t\t\t\tName\t\t\t\t\t\t\t<\/label>\n\t\t\t\t\t\t\t\t\t\t\t\t\t\t<input size=\"1\" type=\"text\" name=\"form_fields[name]\" id=\"form-field-name\" class=\"elementor-field elementor-size-sm  elementor-field-textual\" placeholder=\"Name\">\n\t\t\t\t\t\t\t\t\t\t\t<\/div>\n\t\t\t\t\t\t\t\t<div class=\"elementor-field-type-text elementor-field-group elementor-column elementor-field-group-field_f087cec elementor-col-50\">\n\t\t\t\t\t\t\t\t\t\t\t\t<label for=\"form-field-field_f087cec\" class=\"elementor-field-label elementor-screen-only\">\n\t\t\t\t\t\t\t\tNachname\t\t\t\t\t\t\t<\/label>\n\t\t\t\t\t\t\t\t\t\t\t\t\t\t<input size=\"1\" type=\"text\" name=\"form_fields[field_f087cec]\" id=\"form-field-field_f087cec\" class=\"elementor-field elementor-size-sm  elementor-field-textual\" placeholder=\"Nachname\">\n\t\t\t\t\t\t\t\t\t\t\t<\/div>\n\t\t\t\t\t\t\t\t<div class=\"elementor-field-type-text elementor-field-group elementor-column elementor-field-group-azienda elementor-col-50 elementor-field-required\">\n\t\t\t\t\t\t\t\t\t\t\t\t<label for=\"form-field-azienda\" class=\"elementor-field-label elementor-screen-only\">\n\t\t\t\t\t\t\t\tFirmenname\t\t\t\t\t\t\t<\/label>\n\t\t\t\t\t\t\t\t\t\t\t\t\t\t<input size=\"1\" type=\"text\" name=\"form_fields[azienda]\" id=\"form-field-azienda\" class=\"elementor-field elementor-size-sm  elementor-field-textual\" placeholder=\"Firmenname\" required=\"required\">\n\t\t\t\t\t\t\t\t\t\t\t<\/div>\n\t\t\t\t\t\t\t\t<div class=\"elementor-field-type-tel elementor-field-group elementor-column elementor-field-group-field_b077e28 elementor-col-50 elementor-field-required\">\n\t\t\t\t\t\t\t\t\t\t\t\t<label for=\"form-field-field_b077e28\" class=\"elementor-field-label elementor-screen-only\">\n\t\t\t\t\t\t\t\tTelefon\t\t\t\t\t\t\t<\/label>\n\t\t\t\t\t\t\t\t<input size=\"1\" type=\"tel\" name=\"form_fields[field_b077e28]\" id=\"form-field-field_b077e28\" class=\"elementor-field elementor-size-sm  elementor-field-textual\" placeholder=\"Telefon\" required=\"required\" pattern=\"[0-9()#&amp;+*-=.]+\" title=\"Nur Nummern oder Telefon-Zeichen (#, -, *, etc) werden akzeptiert.\">\n\n\t\t\t\t\t\t<\/div>\n\t\t\t\t\t\t\t\t<div class=\"elementor-field-type-text elementor-field-group elementor-column elementor-field-group-field_ec8de68 elementor-col-50 elementor-field-required\">\n\t\t\t\t\t\t\t\t\t\t\t\t<label for=\"form-field-field_ec8de68\" class=\"elementor-field-label elementor-screen-only\">\n\t\t\t\t\t\t\t\tLand\t\t\t\t\t\t\t<\/label>\n\t\t\t\t\t\t\t\t\t\t\t\t\t\t<input size=\"1\" type=\"text\" name=\"form_fields[field_ec8de68]\" id=\"form-field-field_ec8de68\" class=\"elementor-field elementor-size-sm  elementor-field-textual\" placeholder=\"Land\" required=\"required\">\n\t\t\t\t\t\t\t\t\t\t\t<\/div>\n\t\t\t\t\t\t\t\t<div class=\"elementor-field-type-text elementor-field-group elementor-column elementor-field-group-field_1e26f35 elementor-col-50 elementor-field-required\">\n\t\t\t\t\t\t\t\t\t\t\t\t<label for=\"form-field-field_1e26f35\" class=\"elementor-field-label elementor-screen-only\">\n\t\t\t\t\t\t\t\tStadt\t\t\t\t\t\t\t<\/label>\n\t\t\t\t\t\t\t\t\t\t\t\t\t\t<input size=\"1\" type=\"text\" name=\"form_fields[field_1e26f35]\" id=\"form-field-field_1e26f35\" class=\"elementor-field elementor-size-sm  elementor-field-textual\" placeholder=\"Stadt\" required=\"required\">\n\t\t\t\t\t\t\t\t\t\t\t<\/div>\n\t\t\t\t\t\t\t\t<div class=\"elementor-field-type-email elementor-field-group elementor-column elementor-field-group-email elementor-col-100 elementor-field-required\">\n\t\t\t\t\t\t\t\t\t\t\t\t<label for=\"form-field-email\" class=\"elementor-field-label elementor-screen-only\">\n\t\t\t\t\t\t\t\tE-Mail\t\t\t\t\t\t\t<\/label>\n\t\t\t\t\t\t\t\t\t\t\t\t\t\t<input size=\"1\" type=\"email\" name=\"form_fields[email]\" id=\"form-field-email\" class=\"elementor-field elementor-size-sm  elementor-field-textual\" placeholder=\"E-Mail\" required=\"required\">\n\t\t\t\t\t\t\t\t\t\t\t<\/div>\n\t\t\t\t\t\t\t\t<div class=\"elementor-field-type-textarea elementor-field-group elementor-column elementor-field-group-message elementor-col-100\">\n\t\t\t\t\t\t\t\t\t\t\t\t<label for=\"form-field-message\" class=\"elementor-field-label elementor-screen-only\">\n\t\t\t\t\t\t\t\tNachricht\t\t\t\t\t\t\t<\/label>\n\t\t\t\t\t\t<textarea class=\"elementor-field-textual elementor-field  elementor-size-sm\" name=\"form_fields[message]\" id=\"form-field-message\" rows=\"4\" placeholder=\"Nachricht\"><\/textarea>\t\t\t\t<\/div>\n\t\t\t\t\t\t\t\t<div class=\"elementor-field-type-text\">\n\t\t\t\t\t<input size=\"1\" type=\"text\" name=\"form_fields[field_7dedc1d]\" id=\"form-field-field_7dedc1d\" class=\"elementor-field elementor-size-sm \" style=\"display:none !important;\">\t\t\t\t<\/div>\n\t\t\t\t\t\t\t\t<div class=\"elementor-field-type-acceptance elementor-field-group elementor-column elementor-field-group-field_108e4e2 elementor-col-100 elementor-field-required\">\n\t\t\t\t\t\t\t\t\t\t\t\t<label for=\"form-field-field_108e4e2\" class=\"elementor-field-label elementor-screen-only\">\n\t\t\t\t\t\t\t\tPrivatsph\u00e4re\t\t\t\t\t\t\t<\/label>\n\t\t\t\t\t\t\t\t<div class=\"elementor-field-subgroup\">\n\t\t\t<span class=\"elementor-field-option\">\n\t\t\t\t<input type=\"checkbox\" name=\"form_fields[field_108e4e2]\" id=\"form-field-field_108e4e2\" class=\"elementor-field elementor-size-sm  elementor-acceptance-field\" required=\"required\">\n\t\t\t\t<label for=\"form-field-field_108e4e2\"><span style=\"font-size: 13px;\">Sie haben gelesen und akzeptiert <a href=\"https:\/\/bellegrandi.com\/privacy-policy\">Datenschutz-Bestimmungen.<\/span><\/label>\t\t\t<\/span>\n\t\t<\/div>\n\t\t\t\t\t\t<\/div>\n\t\t\t\t\t\t\t\t<div class=\"elementor-field-type-recaptcha_v3 elementor-field-group elementor-column elementor-field-group-field_4809cab elementor-col-100 recaptcha_v3-bottomright\">\n\t\t\t\t\t<div class=\"elementor-field\" id=\"form-field-field_4809cab\"><div class=\"elementor-g-recaptcha\" data-sitekey=\"6Le-3GAjAAAAAB1dp5iOnmdcAHTFTM8mWrH95a35\" data-type=\"v3\" data-action=\"Form\" data-badge=\"bottomright\" data-size=\"invisible\"><\/div><\/div>\t\t\t\t<\/div>\n\t\t\t\t\t\t\t\t<div class=\"elementor-field-group elementor-column elementor-field-type-submit elementor-col-100 e-form__buttons\">\n\t\t\t\t\t<button class=\"elementor-button elementor-size-md\" type=\"submit\">\n\t\t\t\t\t\t<span class=\"elementor-button-content-wrapper\">\n\t\t\t\t\t\t\t\t\t\t\t\t\t\t\t\t\t\t\t\t\t\t<span class=\"elementor-button-text\">Schicken<\/span>\n\t\t\t\t\t\t\t\t\t\t\t\t\t<\/span>\n\t\t\t\t\t<\/button>\n\t\t\t\t<\/div>\n\t\t\t<\/div>\n\t\t<\/form>\n\t\t\t\t\t\t<\/div>\n\t\t\t\t<\/div>\n\t\t\t\t\t<\/div>\n\t\t<\/div>\n\t\t\t\t\t<\/div>\n\t\t<\/section>\n\t\t\t\t<\/div>\n\t\t","protected":false},"excerpt":{"rendered":"<p>Wir stehen Ihnen jederzeit zur Verf\u00fcgung, wenn Sie Fragen oder Bedenken bez\u00fcglich des Kaufs, der Nutzung oder anderer Angelegenheiten im Zusammenhang mit unseren Produkten oder Dienstleistungen haben. Z\u00f6gern Sie nicht, unser hochqualifiziertes und geschultes Team zu kontaktieren, das Ihnen in jeder Hinsicht zur Seite steht. Wir sind hier, um Ihnen das beste Einkaufserlebnis zu garantieren [&hellip;]<\/p>\n","protected":false},"author":2,"featured_media":0,"parent":0,"menu_order":0,"comment_status":"closed","ping_status":"closed","template":"","meta":{"footnotes":""},"class_list":["post-7508","page","type-page","status-publish","hentry"],"acf":[],"yoast_head":"<!-- This site is optimized with the Yoast SEO plugin v27.0 - https:\/\/yoast.com\/product\/yoast-seo-wordpress\/ -->\n<title>Kundendienst &#8211; Orodent<\/title>\n<meta name=\"robots\" content=\"index, follow, max-snippet:-1, max-image-preview:large, max-video-preview:-1\" \/>\n<link rel=\"canonical\" href=\"https:\/\/orodent.com\/de\/unterstuetzung\/\" \/>\n<meta property=\"og:locale\" content=\"de_DE\" \/>\n<meta property=\"og:type\" content=\"article\" \/>\n<meta property=\"og:title\" content=\"Kundendienst &#8211; Orodent\" \/>\n<meta property=\"og:description\" content=\"Wir stehen Ihnen jederzeit zur Verf\u00fcgung, wenn Sie Fragen oder Bedenken bez\u00fcglich des Kaufs, der Nutzung oder anderer Angelegenheiten im Zusammenhang mit unseren Produkten oder Dienstleistungen haben. Z\u00f6gern Sie nicht, unser hochqualifiziertes und geschultes Team zu kontaktieren, das Ihnen in jeder Hinsicht zur Seite steht. Wir sind hier, um Ihnen das beste Einkaufserlebnis zu garantieren [&hellip;]\" \/>\n<meta property=\"og:url\" content=\"https:\/\/orodent.com\/de\/unterstuetzung\/\" \/>\n<meta property=\"og:site_name\" content=\"Orodent\" \/>\n<meta property=\"article:publisher\" content=\"https:\/\/www.facebook.com\/orodentsrl\" \/>\n<meta property=\"article:modified_time\" content=\"2023-07-19T12:44:02+00:00\" \/>\n<meta name=\"twitter:card\" content=\"summary_large_image\" \/>\n<meta name=\"twitter:label1\" content=\"Gesch\u00e4tzte Lesezeit\" \/>\n\t<meta name=\"twitter:data1\" content=\"1\u00a0Minute\" \/>\n<script type=\"application\/ld+json\" class=\"yoast-schema-graph\">{\"@context\":\"https:\/\/schema.org\",\"@graph\":[{\"@type\":\"WebPage\",\"@id\":\"https:\/\/orodent.com\/de\/unterstuetzung\/\",\"url\":\"https:\/\/orodent.com\/de\/unterstuetzung\/\",\"name\":\"Kundendienst &#8211; Orodent\",\"isPartOf\":{\"@id\":\"https:\/\/orodent.com\/de\/#website\"},\"datePublished\":\"2022-05-16T13:14:31+00:00\",\"dateModified\":\"2023-07-19T12:44:02+00:00\",\"breadcrumb\":{\"@id\":\"https:\/\/orodent.com\/de\/unterstuetzung\/#breadcrumb\"},\"inLanguage\":\"de\",\"potentialAction\":[{\"@type\":\"ReadAction\",\"target\":[\"https:\/\/orodent.com\/de\/unterstuetzung\/\"]}]},{\"@type\":\"BreadcrumbList\",\"@id\":\"https:\/\/orodent.com\/de\/unterstuetzung\/#breadcrumb\",\"itemListElement\":[{\"@type\":\"ListItem\",\"position\":1,\"name\":\"Orodent\",\"item\":\"https:\/\/orodent.com\/de\/\"},{\"@type\":\"ListItem\",\"position\":2,\"name\":\"Kundendienst\"}]},{\"@type\":\"WebSite\",\"@id\":\"https:\/\/orodent.com\/de\/#website\",\"url\":\"https:\/\/orodent.com\/de\/\",\"name\":\"Orodent\",\"description\":\"Produzione di Dischi in Zirconia e Colori da Infiltrazione\",\"publisher\":{\"@id\":\"https:\/\/orodent.com\/de\/#organization\"},\"potentialAction\":[{\"@type\":\"SearchAction\",\"target\":{\"@type\":\"EntryPoint\",\"urlTemplate\":\"https:\/\/orodent.com\/de\/?s={search_term_string}\"},\"query-input\":{\"@type\":\"PropertyValueSpecification\",\"valueRequired\":true,\"valueName\":\"search_term_string\"}}],\"inLanguage\":\"de\"},{\"@type\":\"Organization\",\"@id\":\"https:\/\/orodent.com\/de\/#organization\",\"name\":\"Orodent\",\"url\":\"https:\/\/orodent.com\/de\/\",\"logo\":{\"@type\":\"ImageObject\",\"inLanguage\":\"de\",\"@id\":\"https:\/\/orodent.com\/de\/#\/schema\/logo\/image\/\",\"url\":\"https:\/\/orodent.com\/wp-content\/uploads\/2021\/08\/logo-orodent-400.png\",\"contentUrl\":\"https:\/\/orodent.com\/wp-content\/uploads\/2021\/08\/logo-orodent-400.png\",\"width\":550,\"height\":240,\"caption\":\"Orodent\"},\"image\":{\"@id\":\"https:\/\/orodent.com\/de\/#\/schema\/logo\/image\/\"},\"sameAs\":[\"https:\/\/www.facebook.com\/orodentsrl\",\"https:\/\/www.instagram.com\/orodent_zirconia\/\",\"https:\/\/www.linkedin.com\/company\/orodent\/\",\"https:\/\/www.youtube.com\/channel\/UCwDcVjzbpcuxZLt_CR5pgVw\"]}]}<\/script>\n<!-- \/ Yoast SEO plugin. -->","yoast_head_json":{"title":"Kundendienst &#8211; Orodent","robots":{"index":"index","follow":"follow","max-snippet":"max-snippet:-1","max-image-preview":"max-image-preview:large","max-video-preview":"max-video-preview:-1"},"canonical":"https:\/\/orodent.com\/de\/unterstuetzung\/","og_locale":"de_DE","og_type":"article","og_title":"Kundendienst &#8211; Orodent","og_description":"Wir stehen Ihnen jederzeit zur Verf\u00fcgung, wenn Sie Fragen oder Bedenken bez\u00fcglich des Kaufs, der Nutzung oder anderer Angelegenheiten im Zusammenhang mit unseren Produkten oder Dienstleistungen haben. Z\u00f6gern Sie nicht, unser hochqualifiziertes und geschultes Team zu kontaktieren, das Ihnen in jeder Hinsicht zur Seite steht. Wir sind hier, um Ihnen das beste Einkaufserlebnis zu garantieren [&hellip;]","og_url":"https:\/\/orodent.com\/de\/unterstuetzung\/","og_site_name":"Orodent","article_publisher":"https:\/\/www.facebook.com\/orodentsrl","article_modified_time":"2023-07-19T12:44:02+00:00","twitter_card":"summary_large_image","twitter_misc":{"Gesch\u00e4tzte Lesezeit":"1\u00a0Minute"},"schema":{"@context":"https:\/\/schema.org","@graph":[{"@type":"WebPage","@id":"https:\/\/orodent.com\/de\/unterstuetzung\/","url":"https:\/\/orodent.com\/de\/unterstuetzung\/","name":"Kundendienst &#8211; Orodent","isPartOf":{"@id":"https:\/\/orodent.com\/de\/#website"},"datePublished":"2022-05-16T13:14:31+00:00","dateModified":"2023-07-19T12:44:02+00:00","breadcrumb":{"@id":"https:\/\/orodent.com\/de\/unterstuetzung\/#breadcrumb"},"inLanguage":"de","potentialAction":[{"@type":"ReadAction","target":["https:\/\/orodent.com\/de\/unterstuetzung\/"]}]},{"@type":"BreadcrumbList","@id":"https:\/\/orodent.com\/de\/unterstuetzung\/#breadcrumb","itemListElement":[{"@type":"ListItem","position":1,"name":"Orodent","item":"https:\/\/orodent.com\/de\/"},{"@type":"ListItem","position":2,"name":"Kundendienst"}]},{"@type":"WebSite","@id":"https:\/\/orodent.com\/de\/#website","url":"https:\/\/orodent.com\/de\/","name":"Orodent","description":"Produzione di Dischi in Zirconia e Colori da Infiltrazione","publisher":{"@id":"https:\/\/orodent.com\/de\/#organization"},"potentialAction":[{"@type":"SearchAction","target":{"@type":"EntryPoint","urlTemplate":"https:\/\/orodent.com\/de\/?s={search_term_string}"},"query-input":{"@type":"PropertyValueSpecification","valueRequired":true,"valueName":"search_term_string"}}],"inLanguage":"de"},{"@type":"Organization","@id":"https:\/\/orodent.com\/de\/#organization","name":"Orodent","url":"https:\/\/orodent.com\/de\/","logo":{"@type":"ImageObject","inLanguage":"de","@id":"https:\/\/orodent.com\/de\/#\/schema\/logo\/image\/","url":"https:\/\/orodent.com\/wp-content\/uploads\/2021\/08\/logo-orodent-400.png","contentUrl":"https:\/\/orodent.com\/wp-content\/uploads\/2021\/08\/logo-orodent-400.png","width":550,"height":240,"caption":"Orodent"},"image":{"@id":"https:\/\/orodent.com\/de\/#\/schema\/logo\/image\/"},"sameAs":["https:\/\/www.facebook.com\/orodentsrl","https:\/\/www.instagram.com\/orodent_zirconia\/","https:\/\/www.linkedin.com\/company\/orodent\/","https:\/\/www.youtube.com\/channel\/UCwDcVjzbpcuxZLt_CR5pgVw"]}]}},"_links":{"self":[{"href":"https:\/\/orodent.com\/de\/wp-json\/wp\/v2\/pages\/7508","targetHints":{"allow":["GET"]}}],"collection":[{"href":"https:\/\/orodent.com\/de\/wp-json\/wp\/v2\/pages"}],"about":[{"href":"https:\/\/orodent.com\/de\/wp-json\/wp\/v2\/types\/page"}],"author":[{"embeddable":true,"href":"https:\/\/orodent.com\/de\/wp-json\/wp\/v2\/users\/2"}],"replies":[{"embeddable":true,"href":"https:\/\/orodent.com\/de\/wp-json\/wp\/v2\/comments?post=7508"}],"version-history":[{"count":2,"href":"https:\/\/orodent.com\/de\/wp-json\/wp\/v2\/pages\/7508\/revisions"}],"predecessor-version":[{"id":17060,"href":"https:\/\/orodent.com\/de\/wp-json\/wp\/v2\/pages\/7508\/revisions\/17060"}],"wp:attachment":[{"href":"https:\/\/orodent.com\/de\/wp-json\/wp\/v2\/media?parent=7508"}],"curies":[{"name":"wp","href":"https:\/\/api.w.org\/{rel}","templated":true}]}}